{"id":5688,"date":"2026-04-04T13:42:08","date_gmt":"2026-04-04T11:42:08","guid":{"rendered":"https:\/\/sc-ghillie.pl\/?post_type=product&#038;p=5688"},"modified":"2026-04-04T13:59:44","modified_gmt":"2026-04-04T11:59:44","slug":"nextgen-helmet-cover-v2-multicam-multiseason","status":"publish","type":"product","link":"https:\/\/sc-ghillie.pl\/pl\/shop\/produkt\/nextgen-helmet-cover-v2-multicam-multiseason\/","title":{"rendered":"NextGen Helmet Cover V2 Multicam MultiSeason"},"content":{"rendered":"<p data-start=\"44\" data-end=\"222\"><strong data-start=\"44\" data-end=\"92\">NextGen Helmet Cover V2 Multicam MultiSeason<\/strong> to uniwersalny pokrowiec maskuj\u0105cy przeznaczony do he\u0142m\u00f3w typu <em data-start=\"156\" data-end=\"166\">high-cut<\/em>, kompatybilny z wi\u0119kszo\u015bci\u0105 modeli dost\u0119pnych na rynku.<\/p>\n<p data-start=\"224\" data-end=\"406\">Mocowany na rzepy, zapewnia szybki monta\u017c i stabilne dopasowanie. Wyposa\u017cony w kiesze\u0144 na przeciwwag\u0119 oraz panele velcro do monta\u017cu akcesori\u00f3w, takich jak o\u015bwietlenie czy oznaczenia.<\/p>\n<p data-start=\"408\" data-end=\"587\">Wykonany z siatki w kamufla\u017cu Multicam, z modu\u0142ami 3D (Halo Screen i Nano Screen), kt\u00f3re skutecznie rozbijaj\u0105 kszta\u0142t he\u0142mu i zapewniaj\u0105 kamufla\u017c w r\u00f3\u017cnych warunkach terenowych.<\/p>\n<p data-start=\"589\" data-end=\"613\"><strong data-start=\"589\" data-end=\"613\">Najwa\u017cniejsze cechy:<\/strong><\/p>\n<ul data-start=\"614\" data-end=\"741\" data-is-last-node=\"\" data-is-only-node=\"\">\n<li data-section-id=\"aqjw6b\" data-start=\"614\" data-end=\"637\">uniwersalny rozmiar<\/li>\n<li data-section-id=\"ok576u\" data-start=\"638\" data-end=\"657\">monta\u017c na rzepy<\/li>\n<li data-section-id=\"1il71b4\" data-start=\"658\" data-end=\"684\">kiesze\u0144 na przeciwwag\u0119<\/li>\n<li data-section-id=\"jkjj7e\" data-start=\"685\" data-end=\"702\">panele velcro<\/li>\n<li data-section-id=\"i9m6wi\" data-start=\"703\" data-end=\"741\" data-is-last-node=\"\">maskowanie modu\u0142y 3D (Halo Screen + Nano Screen)<\/li>\n<\/ul>\n","protected":false},"excerpt":{"rendered":"<p>NextGen Helmet Cover V2 Multicam MultiSeason to uniwersalny pokrowiec maskuj\u0105cy przeznaczony do he\u0142m\u00f3w typu high-cut, kompatybilny z wi\u0119kszo\u015bci\u0105 modeli dost\u0119pnych na rynku. Mocowany na rzepy, zapewnia szybki monta\u017c i stabilne dopasowanie. Wyposa\u017cony w kiesze\u0144 na przeciwwag\u0119 oraz panele velcro do monta\u017cu akcesori\u00f3w, takich jak o\u015bwietlenie czy oznaczenia. Wykonany z siatki w kamufla\u017cu Multicam, z modu\u0142ami [&hellip;]<\/p>\n","protected":false},"featured_media":5690,"comment_status":"open","ping_status":"closed","template":"","meta":{"ocean_post_layout":"","ocean_both_sidebars_style":"","ocean_both_sidebars_content_width":0,"ocean_both_sidebars_sidebars_width":0,"ocean_sidebar":"0","ocean_second_sidebar":"0","ocean_disable_margins":"enable","ocean_add_body_class":"","ocean_shortcode_before_top_bar":"","ocean_shortcode_after_top_bar":"","ocean_shortcode_before_header":"","ocean_shortcode_after_header":"","ocean_has_shortcode":"","ocean_shortcode_after_title":"","ocean_shortcode_before_footer_widgets":"","ocean_shortcode_after_footer_widgets":"","ocean_shortcode_before_footer_bottom":"","ocean_shortcode_after_footer_bottom":"","ocean_display_top_bar":"default","ocean_display_header":"default","ocean_header_style":"","ocean_center_header_left_menu":"0","ocean_custom_header_template":"0","ocean_custom_logo":0,"ocean_custom_retina_logo":0,"ocean_custom_logo_max_width":0,"ocean_custom_logo_tablet_max_width":0,"ocean_custom_logo_mobile_max_width":0,"ocean_custom_logo_max_height":0,"ocean_custom_logo_tablet_max_height":0,"ocean_custom_logo_mobile_max_height":0,"ocean_header_custom_menu":"0","ocean_menu_typo_font_family":"0","ocean_menu_typo_font_subset":"","ocean_menu_typo_font_size":0,"ocean_menu_typo_font_size_tablet":0,"ocean_menu_typo_font_size_mobile":0,"ocean_menu_typo_font_size_unit":"px","ocean_menu_typo_font_weight":"","ocean_menu_typo_font_weight_tablet":"","ocean_menu_typo_font_weight_mobile":"","ocean_menu_typo_transform":"","ocean_menu_typo_transform_tablet":"","ocean_menu_typo_transform_mobile":"","ocean_menu_typo_line_height":0,"ocean_menu_typo_line_height_tablet":0,"ocean_menu_typo_line_height_mobile":0,"ocean_menu_typo_line_height_unit":"","ocean_menu_typo_spacing":0,"ocean_menu_typo_spacing_tablet":0,"ocean_menu_typo_spacing_mobile":0,"ocean_menu_typo_spacing_unit":"","ocean_menu_link_color":"","ocean_menu_link_color_hover":"","ocean_menu_link_color_active":"","ocean_menu_link_background":"","ocean_menu_link_hover_background":"","ocean_menu_link_active_background":"","ocean_menu_social_links_bg":"","ocean_menu_social_hover_links_bg":"","ocean_menu_social_links_color":"","ocean_menu_social_hover_links_color":"","ocean_disable_title":"default","ocean_disable_heading":"default","ocean_post_title":"","ocean_post_subheading":"","ocean_post_title_style":"","ocean_post_title_background_color":"","ocean_post_title_background":0,"ocean_post_title_bg_image_position":"","ocean_post_title_bg_image_attachment":"","ocean_post_title_bg_image_repeat":"","ocean_post_title_bg_image_size":"","ocean_post_title_height":0,"ocean_post_title_bg_overlay":0.5,"ocean_post_title_bg_overlay_color":"","ocean_disable_breadcrumbs":"default","ocean_breadcrumbs_color":"","ocean_breadcrumbs_separator_color":"","ocean_breadcrumbs_links_color":"","ocean_breadcrumbs_links_hover_color":"","ocean_display_footer_widgets":"default","ocean_display_footer_bottom":"default","ocean_custom_footer_template":"0"},"product_brand":[],"product_cat":[89,86,87,93],"product_tag":[158,159,114],"class_list":{"0":"post-5688","1":"product","2":"type-product","3":"status-publish","4":"has-post-thumbnail","6":"product_cat-nakrycia-glowy-nextgen","7":"product_cat-nextgen","8":"product_cat-stroje-ghillie-nextgen","9":"product_cat-systemy-maskujace","10":"product_tag-helmet-cover","11":"product_tag-high-cut-helmet-cover","12":"product_tag-nextgen","14":"entry","15":"has-media","17":"first","18":"instock","19":"taxable","20":"shipping-taxable","21":"purchasable","22":"product-type-simple","23":"col","24":"span_1_of_3","25":"owp-content-center","26":"owp-thumbs-layout-horizontal","27":"owp-btn-normal","28":"owp-tabs-layout-section"},"_links":{"self":[{"href":"https:\/\/sc-ghillie.pl\/pl\/wp-json\/wp\/v2\/product\/5688","targetHints":{"allow":["GET"]}}],"collection":[{"href":"https:\/\/sc-ghillie.pl\/pl\/wp-json\/wp\/v2\/product"}],"about":[{"href":"https:\/\/sc-ghillie.pl\/pl\/wp-json\/wp\/v2\/types\/product"}],"replies":[{"embeddable":true,"href":"https:\/\/sc-ghillie.pl\/pl\/wp-json\/wp\/v2\/comments?post=5688"}],"wp:featuredmedia":[{"embeddable":true,"href":"https:\/\/sc-ghillie.pl\/pl\/wp-json\/wp\/v2\/media\/5690"}],"wp:attachment":[{"href":"https:\/\/sc-ghillie.pl\/pl\/wp-json\/wp\/v2\/media?parent=5688"}],"wp:term":[{"taxonomy":"product_brand","embeddable":true,"href":"https:\/\/sc-ghillie.pl\/pl\/wp-json\/wp\/v2\/product_brand?post=5688"},{"taxonomy":"product_cat","embeddable":true,"href":"https:\/\/sc-ghillie.pl\/pl\/wp-json\/wp\/v2\/product_cat?post=5688"},{"taxonomy":"product_tag","embeddable":true,"href":"https:\/\/sc-ghillie.pl\/pl\/wp-json\/wp\/v2\/product_tag?post=5688"}],"curies":[{"name":"wp","href":"https:\/\/api.w.org\/{rel}","templated":true}]}}