{"id":5334,"date":"2025-12-23T16:28:48","date_gmt":"2025-12-23T15:28:48","guid":{"rendered":"https:\/\/sc-ghillie.pl\/?post_type=product&#038;p=5334"},"modified":"2025-12-23T16:32:45","modified_gmt":"2025-12-23T15:32:45","slug":"nextgen-rifle-camo-system-high-contrast-brown","status":"publish","type":"product","link":"https:\/\/sc-ghillie.pl\/pl\/shop\/produkt\/nextgen-rifle-camo-system-high-contrast-brown\/","title":{"rendered":"NextGen Rifle Camo System (High Contrast Brown)"},"content":{"rendered":"<p><strong>NextGen Rifle Camo System (High Contrast Brown) &#8211; <\/strong>System maskowania na karabiny wyborowe wykonany w technologii NextGen. Sk\u0142ada si\u0119 z dw\u00f3ch cz\u0119\u015bci, pierwszej na front karabinu, drugiej na optyk\u0119.<\/p>\n<p>Maskowanie posiada tak\u017ce specjalny system monta\u017cu oraz regulacji, kt\u00f3ry pozwala na idealne dopasowanie ca\u0142o\u015bci do aktualnie u\u017cywanego zestawu.<\/p>\n<p>Ten konkretny egzemplarz zosta\u0142 wykonany na bazie siatki w niedost\u0119pnym ju\u017c u nas kamufla\u017cu Oak Master. Do stworzenia g\u0119stego pokrycia wykorzystano g\u0142\u00f3wnie elementy 3D Nano Screen z serii High Contrast Brown. Idealne maskowanie na okres jesienny.<\/p>\n<p><strong>Wymiary:<\/strong><br \/>\n&#8211; Cz\u0119\u015b\u0107 na front karabinu: 65 cm<br \/>\n&#8211; Cz\u0119\u015b\u0107 na optyk\u0119: 35 cm<\/p>\n<p><strong>Dost\u0119pna jedna sztuka. Egzemplarz kolekcjonerski.\u00a0<\/strong><\/p>\n","protected":false},"excerpt":{"rendered":"<p>NextGen Rifle Camo System (High Contrast Brown) &#8211; System maskowania na karabiny wyborowe wykonany w technologii NextGen. Sk\u0142ada si\u0119 z dw\u00f3ch cz\u0119\u015bci, pierwszej na front karabinu, drugiej na optyk\u0119. Maskowanie posiada tak\u017ce specjalny system monta\u017cu oraz regulacji, kt\u00f3ry pozwala na idealne dopasowanie ca\u0142o\u015bci do aktualnie u\u017cywanego zestawu. Ten konkretny egzemplarz zosta\u0142 wykonany na bazie siatki [&hellip;]<\/p>\n","protected":false},"featured_media":5337,"comment_status":"open","ping_status":"closed","template":"","meta":{"ocean_post_layout":"","ocean_both_sidebars_style":"","ocean_both_sidebars_content_width":0,"ocean_both_sidebars_sidebars_width":0,"ocean_sidebar":"0","ocean_second_sidebar":"0","ocean_disable_margins":"enable","ocean_add_body_class":"","ocean_shortcode_before_top_bar":"","ocean_shortcode_after_top_bar":"","ocean_shortcode_before_header":"","ocean_shortcode_after_header":"","ocean_has_shortcode":"","ocean_shortcode_after_title":"","ocean_shortcode_before_footer_widgets":"","ocean_shortcode_after_footer_widgets":"","ocean_shortcode_before_footer_bottom":"","ocean_shortcode_after_footer_bottom":"","ocean_display_top_bar":"default","ocean_display_header":"default","ocean_header_style":"","ocean_center_header_left_menu":"0","ocean_custom_header_template":"0","ocean_custom_logo":0,"ocean_custom_retina_logo":0,"ocean_custom_logo_max_width":0,"ocean_custom_logo_tablet_max_width":0,"ocean_custom_logo_mobile_max_width":0,"ocean_custom_logo_max_height":0,"ocean_custom_logo_tablet_max_height":0,"ocean_custom_logo_mobile_max_height":0,"ocean_header_custom_menu":"0","ocean_menu_typo_font_family":"0","ocean_menu_typo_font_subset":"","ocean_menu_typo_font_size":0,"ocean_menu_typo_font_size_tablet":0,"ocean_menu_typo_font_size_mobile":0,"ocean_menu_typo_font_size_unit":"px","ocean_menu_typo_font_weight":"","ocean_menu_typo_font_weight_tablet":"","ocean_menu_typo_font_weight_mobile":"","ocean_menu_typo_transform":"","ocean_menu_typo_transform_tablet":"","ocean_menu_typo_transform_mobile":"","ocean_menu_typo_line_height":0,"ocean_menu_typo_line_height_tablet":0,"ocean_menu_typo_line_height_mobile":0,"ocean_menu_typo_line_height_unit":"","ocean_menu_typo_spacing":0,"ocean_menu_typo_spacing_tablet":0,"ocean_menu_typo_spacing_mobile":0,"ocean_menu_typo_spacing_unit":"","ocean_menu_link_color":"","ocean_menu_link_color_hover":"","ocean_menu_link_color_active":"","ocean_menu_link_background":"","ocean_menu_link_hover_background":"","ocean_menu_link_active_background":"","ocean_menu_social_links_bg":"","ocean_menu_social_hover_links_bg":"","ocean_menu_social_links_color":"","ocean_menu_social_hover_links_color":"","ocean_disable_title":"default","ocean_disable_heading":"default","ocean_post_title":"","ocean_post_subheading":"","ocean_post_title_style":"","ocean_post_title_background_color":"","ocean_post_title_background":0,"ocean_post_title_bg_image_position":"","ocean_post_title_bg_image_attachment":"","ocean_post_title_bg_image_repeat":"","ocean_post_title_bg_image_size":"","ocean_post_title_height":0,"ocean_post_title_bg_overlay":0.5,"ocean_post_title_bg_overlay_color":"","ocean_disable_breadcrumbs":"default","ocean_breadcrumbs_color":"","ocean_breadcrumbs_separator_color":"","ocean_breadcrumbs_links_color":"","ocean_breadcrumbs_links_hover_color":"","ocean_display_footer_widgets":"default","ocean_display_footer_bottom":"default","ocean_custom_footer_template":"0"},"product_brand":[],"product_cat":[93,146],"product_tag":[],"class_list":{"0":"post-5334","1":"product","2":"type-product","3":"status-publish","4":"has-post-thumbnail","6":"product_cat-systemy-maskujace","7":"product_cat-unique-designs","9":"entry","10":"has-media","12":"first","13":"instock","14":"sale","15":"taxable","16":"shipping-taxable","17":"purchasable","18":"product-type-simple","19":"col","20":"span_1_of_3","21":"owp-content-center","22":"owp-thumbs-layout-horizontal","23":"owp-btn-normal","24":"owp-tabs-layout-section"},"_links":{"self":[{"href":"https:\/\/sc-ghillie.pl\/pl\/wp-json\/wp\/v2\/product\/5334","targetHints":{"allow":["GET"]}}],"collection":[{"href":"https:\/\/sc-ghillie.pl\/pl\/wp-json\/wp\/v2\/product"}],"about":[{"href":"https:\/\/sc-ghillie.pl\/pl\/wp-json\/wp\/v2\/types\/product"}],"replies":[{"embeddable":true,"href":"https:\/\/sc-ghillie.pl\/pl\/wp-json\/wp\/v2\/comments?post=5334"}],"wp:featuredmedia":[{"embeddable":true,"href":"https:\/\/sc-ghillie.pl\/pl\/wp-json\/wp\/v2\/media\/5337"}],"wp:attachment":[{"href":"https:\/\/sc-ghillie.pl\/pl\/wp-json\/wp\/v2\/media?parent=5334"}],"wp:term":[{"taxonomy":"product_brand","embeddable":true,"href":"https:\/\/sc-ghillie.pl\/pl\/wp-json\/wp\/v2\/product_brand?post=5334"},{"taxonomy":"product_cat","embeddable":true,"href":"https:\/\/sc-ghillie.pl\/pl\/wp-json\/wp\/v2\/product_cat?post=5334"},{"taxonomy":"product_tag","embeddable":true,"href":"https:\/\/sc-ghillie.pl\/pl\/wp-json\/wp\/v2\/product_tag?post=5334"}],"curies":[{"name":"wp","href":"https:\/\/api.w.org\/{rel}","templated":true}]}}