{"id":3417,"date":"2025-12-29T11:11:27","date_gmt":"2025-12-29T10:11:27","guid":{"rendered":"https:\/\/sc-ghillie.pl\/?post_type=product&#038;p=3417"},"modified":"2026-02-03T06:13:22","modified_gmt":"2026-02-03T05:13:22","slug":"viper-hood-pro-long-sleeve-wersja-bazowa-m05-finpat-snow","status":"publish","type":"product","link":"https:\/\/sc-ghillie.pl\/pl\/shop\/produkt\/viper-hood-pro-long-sleeve-wersja-bazowa-m05-finpat-snow\/","title":{"rendered":"Viper Hood Pro (Long Sleeve) (Wersja bazowa) M\/05 FinPat SNOW"},"content":{"rendered":"<p><strong>Viper Hood\u00a0 Pro (Long Sleeve) M\/05 FinPat SNOW <\/strong>&#8211; najwy\u017cszej jako\u015bci modularny system maskuj\u0105cy. Unikalny kr\u00f3j oraz najlepsze materia\u0142y dost\u0119pne na rynku, stawiaj\u0105 go na najwy\u017cszej p\u00f3\u0142ce sprz\u0119tu taktycznego.\u00a0 Precyzyjne wykonanie oraz odpowiednia technologia produkcji, pozwalaj\u0105 na d\u0142ugotrwa\u0142e u\u017cytkowanie maskowania w zr\u00f3\u017cnicowanych warunkach taktycznych bez wp\u0142ywu na zu\u017cycie materia\u0142u.<\/p>\n<p>Uniwersalny system monta\u017cu farszu maskuj\u0105cego gwarantuje odpowiedni\u0105 ergonomi\u0119 u\u017cytkowania maskowania bez wzgl\u0119du na struktur\u0119 otoczenia. Umo\u017cliwia to przygotowanie w pe\u0142ni profesjonalnego maskowania wpasowuj\u0105cego w ka\u017cde warunki terenowe.<\/p>\n<p>Zaawansowany uk\u0142ad \u015bci\u0105gaczy zastosowany w konstrukcji umo\u017cliwia idealne dopasowanie stroju do budowy cia\u0142a oraz wyposa\u017cenia danego u\u017cytkownika. Ponadto innowacyjny system kompresyjny maskowania umo\u017cliwia b\u0142yskawiczne zredukowanie obj\u0119to\u015bci stroju do przenoszenia go w pozycji transportowej bez u\u017cycia dodatkowych pokrowc\u00f3w.<br \/>\nOdpowiednio zaprojektowany kr\u00f3j kaptura oraz materia\u0142y u\u017cyte do jego produkcji gwarantuj\u0105 maksymaln\u0105 wygod\u0119 u\u017cytkowania niezale\u017cnie od posiadanego nakrycia g\u0142owy, w\u0142\u0105czaj\u0105c w to he\u0142my.<\/p>\n<p>Zastosowanie w 100% syntetycznych i profesjonalnych materia\u0142\u00f3w taktycznych do produkcji stroju umo\u017cliwi\u0142o stworzenie ultra-lekkiego systemu maskuj\u0105cego, kt\u00f3ry dodatkowo nie obci\u0105\u017ca u\u017cytkownika.<\/p>\n<p><strong>Specyfikacja:<\/strong><\/p>\n<ul>\n<li>System \u015bci\u0105gaczy pozwalaj\u0105cy dostosowa\u0107 str\u00f3j do sylwetki u\u017cytkownika<\/li>\n<li>Produkt wykonany w ca\u0142o\u015bci z syntetycznych materia\u0142\u00f3w<\/li>\n<li>Kr\u00f3j umo\u017cliwiaj\u0105cy szybk\u0105 kompresj\u0119 bez u\u017cycia dodatkowych akcesori\u00f3w<\/li>\n<li>Produkt posiada wybudowane klamry monta\u017cowe do dodatkowej peleryny na plecy &#8211; Viper Cape V2 Pro<\/li>\n<li>Waga produktu: ~ 400 gram<\/li>\n<li>Tkanina: Siatka 100% poliester w kamufla\u017cu FinPat M\/05 SNOW<\/li>\n<\/ul>\n","protected":false},"excerpt":{"rendered":"<p>Viper Hood\u00a0 Pro (Long Sleeve) M\/05 FinPat SNOW &#8211; najwy\u017cszej jako\u015bci modularny system maskuj\u0105cy. Unikalny kr\u00f3j oraz najlepsze materia\u0142y dost\u0119pne na rynku, stawiaj\u0105 go na najwy\u017cszej p\u00f3\u0142ce sprz\u0119tu taktycznego.\u00a0 Precyzyjne wykonanie oraz odpowiednia technologia produkcji, pozwalaj\u0105 na d\u0142ugotrwa\u0142e u\u017cytkowanie maskowania w zr\u00f3\u017cnicowanych warunkach taktycznych bez wp\u0142ywu na zu\u017cycie materia\u0142u. Uniwersalny system monta\u017cu farszu maskuj\u0105cego gwarantuje [&hellip;]<\/p>\n","protected":false},"featured_media":3418,"comment_status":"open","ping_status":"closed","template":"","meta":{"ocean_post_layout":"","ocean_both_sidebars_style":"","ocean_both_sidebars_content_width":0,"ocean_both_sidebars_sidebars_width":0,"ocean_sidebar":"0","ocean_second_sidebar":"0","ocean_disable_margins":"enable","ocean_add_body_class":"","ocean_shortcode_before_top_bar":"","ocean_shortcode_after_top_bar":"","ocean_shortcode_before_header":"","ocean_shortcode_after_header":"","ocean_has_shortcode":"","ocean_shortcode_after_title":"","ocean_shortcode_before_footer_widgets":"","ocean_shortcode_after_footer_widgets":"","ocean_shortcode_before_footer_bottom":"","ocean_shortcode_after_footer_bottom":"","ocean_display_top_bar":"default","ocean_display_header":"default","ocean_header_style":"","ocean_center_header_left_menu":"0","ocean_custom_header_template":"0","ocean_custom_logo":0,"ocean_custom_retina_logo":0,"ocean_custom_logo_max_width":0,"ocean_custom_logo_tablet_max_width":0,"ocean_custom_logo_mobile_max_width":0,"ocean_custom_logo_max_height":0,"ocean_custom_logo_tablet_max_height":0,"ocean_custom_logo_mobile_max_height":0,"ocean_header_custom_menu":"0","ocean_menu_typo_font_family":"0","ocean_menu_typo_font_subset":"","ocean_menu_typo_font_size":0,"ocean_menu_typo_font_size_tablet":0,"ocean_menu_typo_font_size_mobile":0,"ocean_menu_typo_font_size_unit":"px","ocean_menu_typo_font_weight":"","ocean_menu_typo_font_weight_tablet":"","ocean_menu_typo_font_weight_mobile":"","ocean_menu_typo_transform":"","ocean_menu_typo_transform_tablet":"","ocean_menu_typo_transform_mobile":"","ocean_menu_typo_line_height":0,"ocean_menu_typo_line_height_tablet":0,"ocean_menu_typo_line_height_mobile":0,"ocean_menu_typo_line_height_unit":"","ocean_menu_typo_spacing":0,"ocean_menu_typo_spacing_tablet":0,"ocean_menu_typo_spacing_mobile":0,"ocean_menu_typo_spacing_unit":"","ocean_menu_link_color":"","ocean_menu_link_color_hover":"","ocean_menu_link_color_active":"","ocean_menu_link_background":"","ocean_menu_link_hover_background":"","ocean_menu_link_active_background":"","ocean_menu_social_links_bg":"","ocean_menu_social_hover_links_bg":"","ocean_menu_social_links_color":"","ocean_menu_social_hover_links_color":"","ocean_disable_title":"default","ocean_disable_heading":"default","ocean_post_title":"","ocean_post_subheading":"","ocean_post_title_style":"","ocean_post_title_background_color":"","ocean_post_title_background":0,"ocean_post_title_bg_image_position":"","ocean_post_title_bg_image_attachment":"","ocean_post_title_bg_image_repeat":"","ocean_post_title_bg_image_size":"","ocean_post_title_height":0,"ocean_post_title_bg_overlay":0.5,"ocean_post_title_bg_overlay_color":"","ocean_disable_breadcrumbs":"default","ocean_breadcrumbs_color":"","ocean_breadcrumbs_separator_color":"","ocean_breadcrumbs_links_color":"","ocean_breadcrumbs_links_hover_color":"","ocean_display_footer_widgets":"default","ocean_display_footer_bottom":"default","ocean_custom_footer_template":"0"},"product_brand":[],"product_cat":[82,141,83,146],"product_tag":[],"class_list":{"0":"post-3417","1":"product","2":"type-product","3":"status-publish","4":"has-post-thumbnail","6":"product_cat-pro-line","7":"product_cat-snow-ghillies","8":"product_cat-stroje-ghillie","9":"product_cat-unique-designs","11":"entry","12":"has-media","14":"first","15":"instock","16":"sale","17":"taxable","18":"shipping-taxable","19":"purchasable","20":"product-type-simple","21":"col","22":"span_1_of_3","23":"owp-content-center","24":"owp-thumbs-layout-horizontal","25":"owp-btn-normal","26":"owp-tabs-layout-section"},"_links":{"self":[{"href":"https:\/\/sc-ghillie.pl\/pl\/wp-json\/wp\/v2\/product\/3417","targetHints":{"allow":["GET"]}}],"collection":[{"href":"https:\/\/sc-ghillie.pl\/pl\/wp-json\/wp\/v2\/product"}],"about":[{"href":"https:\/\/sc-ghillie.pl\/pl\/wp-json\/wp\/v2\/types\/product"}],"replies":[{"embeddable":true,"href":"https:\/\/sc-ghillie.pl\/pl\/wp-json\/wp\/v2\/comments?post=3417"}],"wp:featuredmedia":[{"embeddable":true,"href":"https:\/\/sc-ghillie.pl\/pl\/wp-json\/wp\/v2\/media\/3418"}],"wp:attachment":[{"href":"https:\/\/sc-ghillie.pl\/pl\/wp-json\/wp\/v2\/media?parent=3417"}],"wp:term":[{"taxonomy":"product_brand","embeddable":true,"href":"https:\/\/sc-ghillie.pl\/pl\/wp-json\/wp\/v2\/product_brand?post=3417"},{"taxonomy":"product_cat","embeddable":true,"href":"https:\/\/sc-ghillie.pl\/pl\/wp-json\/wp\/v2\/product_cat?post=3417"},{"taxonomy":"product_tag","embeddable":true,"href":"https:\/\/sc-ghillie.pl\/pl\/wp-json\/wp\/v2\/product_tag?post=3417"}],"curies":[{"name":"wp","href":"https:\/\/api.w.org\/{rel}","templated":true}]}}