{"id":3176,"date":"2023-07-07T11:32:22","date_gmt":"2023-07-07T09:32:22","guid":{"rendered":"https:\/\/sc-ghillie.pl\/?post_type=product&#038;p=3176"},"modified":"2026-03-30T14:01:26","modified_gmt":"2026-03-30T12:01:26","slug":"scg-modular-bungee-cam-jungle","status":"publish","type":"product","link":"https:\/\/sc-ghillie.pl\/pl\/shop\/produkt\/scg-modular-bungee-cam-jungle\/","title":{"rendered":"SCG.MODULAR BUNGEE CAM JUNGLE"},"content":{"rendered":"<p><strong>Product available at Oakmaster store \/ Produkt dost\u0119pny w sklepie Oakmaster:<\/strong><\/p>\n<p><span style=\"color: #008000;\"><a style=\"color: #008000;\" href=\"https:\/\/en.oakmaster.pro\/\">https:\/\/en.oakmaster.pro\/<\/a><\/span><\/p>\n<p><strong><br \/>\nModular Bungee Cam (MBC) JUNGLE<\/strong><\/p>\n<p>Bungee Cam to rozwi\u0105zanie maskuj\u0105ce 3D dla karabin\u00f3w kt\u00f3re nie przeszkadza w u\u017cytkowaniu laser\u00f3w, optyki, latarek i innych urz\u0105dze\u0144 zamontowanych na karabinie<strong>.\u00a0<\/strong>Produkt ten pasuje zar\u00f3wno do klasycznych konstrukcji, jak te\u017c do nowoczesnych karabin\u00f3w z szynami monta\u017cowymi. Poszczeg\u00f3lnymi elementami Bungee Cam mo\u017cna zakry\u0107 lufy, lunety, kolby, chwyty taktyczne czy nawet magazynki. Ka\u017cdy element 3D na\u0142o\u017cony na maskowanie jest w pe\u0142ni mobilny i pozwala na ustawienie tak, by zapewni\u0107 najwy\u017cszy poziom kamufla\u017cu bez powodowania problem\u00f3w z u\u017cytkowaniem karabinu.<\/p>\n<p>Elementy 3D to specjalne modu\u0142y wykonane z HALO SCREEN. <strong>W wersji JUNGLE zastosowano a\u017c 4 unikalne odcienie Halo Screen:<\/strong><\/p>\n<ul>\n<li><strong>Alpage<\/strong><\/li>\n<li><strong>Dark Treeline<\/strong><\/li>\n<li><strong>Mint<\/strong><\/li>\n<li><b>Tropic<\/b><\/li>\n<\/ul>\n<p><strong>Takie po\u0142\u0105czenie kolor\u00f3w<\/strong> pozwoli\u0142o stworzy\u0107 system maskowania kt\u00f3ry <strong>oferuje doskona\u0142e mo\u017cliwo\u015bci w \u015brodowisku le\u015bnym w trakcie zielonej pory roku.\u00a0<\/strong><\/p>\n<p>System MBC mo\u017ce by\u0107 tak\u017ce zaaplikowany na aparaty, kamery, plecaki a tak\u017ce inny sprz\u0119t wymagaj\u0105cy szybkiego w monta\u017cu i demonta\u017cu maskowania 3D.<\/p>\n<p><strong>Zawarto\u015b\u0107:<\/strong><\/p>\n<ul>\n<li><strong>1 x\u00a0 100 cm Bungee<\/strong><\/li>\n<li><strong>2 x 75 cm Bungee<\/strong><\/li>\n<li><strong>2 x 18 cm Bungee<\/strong><\/li>\n<\/ul>\n","protected":false},"excerpt":{"rendered":"<p>Product available at Oakmaster store \/ Produkt dost\u0119pny w sklepie Oakmaster: https:\/\/en.oakmaster.pro\/ Modular Bungee Cam (MBC) JUNGLE Bungee Cam to rozwi\u0105zanie maskuj\u0105ce 3D dla karabin\u00f3w kt\u00f3re nie przeszkadza w u\u017cytkowaniu laser\u00f3w, optyki, latarek i innych urz\u0105dze\u0144 zamontowanych na karabinie.\u00a0Produkt ten pasuje zar\u00f3wno do klasycznych konstrukcji, jak te\u017c do nowoczesnych karabin\u00f3w z szynami monta\u017cowymi. Poszczeg\u00f3lnymi elementami [&hellip;]<\/p>\n","protected":false},"featured_media":3182,"comment_status":"open","ping_status":"closed","template":"","meta":{"ocean_post_layout":"","ocean_both_sidebars_style":"","ocean_both_sidebars_content_width":0,"ocean_both_sidebars_sidebars_width":0,"ocean_sidebar":"0","ocean_second_sidebar":"0","ocean_disable_margins":"enable","ocean_add_body_class":"","ocean_shortcode_before_top_bar":"","ocean_shortcode_after_top_bar":"","ocean_shortcode_before_header":"","ocean_shortcode_after_header":"","ocean_has_shortcode":"","ocean_shortcode_after_title":"","ocean_shortcode_before_footer_widgets":"","ocean_shortcode_after_footer_widgets":"","ocean_shortcode_before_footer_bottom":"","ocean_shortcode_after_footer_bottom":"","ocean_display_top_bar":"default","ocean_display_header":"default","ocean_header_style":"","ocean_center_header_left_menu":"0","ocean_custom_header_template":"0","ocean_custom_logo":0,"ocean_custom_retina_logo":0,"ocean_custom_logo_max_width":0,"ocean_custom_logo_tablet_max_width":0,"ocean_custom_logo_mobile_max_width":0,"ocean_custom_logo_max_height":0,"ocean_custom_logo_tablet_max_height":0,"ocean_custom_logo_mobile_max_height":0,"ocean_header_custom_menu":"0","ocean_menu_typo_font_family":"0","ocean_menu_typo_font_subset":"","ocean_menu_typo_font_size":0,"ocean_menu_typo_font_size_tablet":0,"ocean_menu_typo_font_size_mobile":0,"ocean_menu_typo_font_size_unit":"px","ocean_menu_typo_font_weight":"","ocean_menu_typo_font_weight_tablet":"","ocean_menu_typo_font_weight_mobile":"","ocean_menu_typo_transform":"","ocean_menu_typo_transform_tablet":"","ocean_menu_typo_transform_mobile":"","ocean_menu_typo_line_height":0,"ocean_menu_typo_line_height_tablet":0,"ocean_menu_typo_line_height_mobile":0,"ocean_menu_typo_line_height_unit":"","ocean_menu_typo_spacing":0,"ocean_menu_typo_spacing_tablet":0,"ocean_menu_typo_spacing_mobile":0,"ocean_menu_typo_spacing_unit":"","ocean_menu_link_color":"","ocean_menu_link_color_hover":"","ocean_menu_link_color_active":"","ocean_menu_link_background":"","ocean_menu_link_hover_background":"","ocean_menu_link_active_background":"","ocean_menu_social_links_bg":"","ocean_menu_social_hover_links_bg":"","ocean_menu_social_links_color":"","ocean_menu_social_hover_links_color":"","ocean_disable_title":"default","ocean_disable_heading":"default","ocean_post_title":"","ocean_post_subheading":"","ocean_post_title_style":"","ocean_post_title_background_color":"","ocean_post_title_background":0,"ocean_post_title_bg_image_position":"","ocean_post_title_bg_image_attachment":"","ocean_post_title_bg_image_repeat":"","ocean_post_title_bg_image_size":"","ocean_post_title_height":0,"ocean_post_title_bg_overlay":0.5,"ocean_post_title_bg_overlay_color":"","ocean_disable_breadcrumbs":"default","ocean_breadcrumbs_color":"","ocean_breadcrumbs_separator_color":"","ocean_breadcrumbs_links_color":"","ocean_breadcrumbs_links_hover_color":"","ocean_display_footer_widgets":"default","ocean_display_footer_bottom":"default","ocean_custom_footer_template":"0"},"product_brand":[],"product_cat":[92,107,90],"product_tag":[106,111,110,108,113,112],"class_list":{"0":"post-3176","1":"product","2":"type-product","3":"status-publish","4":"has-post-thumbnail","6":"product_cat-kamuflaz-na-bron-oakmaster-3d","7":"product_cat-le-covert-sartorialist","8":"product_cat-oakmaster-3d","9":"product_tag-halo-screen","10":"product_tag-mdc","11":"product_tag-modular-bungee-cam","12":"product_tag-nano-screen","13":"product_tag-rifle-camo-system","14":"product_tag-rifle-wrap","16":"entry","17":"has-media","19":"first","20":"outofstock","21":"sale","22":"taxable","23":"shipping-taxable","24":"purchasable","25":"product-type-simple","26":"col","27":"span_1_of_3","28":"owp-content-center","29":"owp-thumbs-layout-horizontal","30":"owp-btn-normal","31":"owp-tabs-layout-section"},"_links":{"self":[{"href":"https:\/\/sc-ghillie.pl\/pl\/wp-json\/wp\/v2\/product\/3176","targetHints":{"allow":["GET"]}}],"collection":[{"href":"https:\/\/sc-ghillie.pl\/pl\/wp-json\/wp\/v2\/product"}],"about":[{"href":"https:\/\/sc-ghillie.pl\/pl\/wp-json\/wp\/v2\/types\/product"}],"replies":[{"embeddable":true,"href":"https:\/\/sc-ghillie.pl\/pl\/wp-json\/wp\/v2\/comments?post=3176"}],"wp:featuredmedia":[{"embeddable":true,"href":"https:\/\/sc-ghillie.pl\/pl\/wp-json\/wp\/v2\/media\/3182"}],"wp:attachment":[{"href":"https:\/\/sc-ghillie.pl\/pl\/wp-json\/wp\/v2\/media?parent=3176"}],"wp:term":[{"taxonomy":"product_brand","embeddable":true,"href":"https:\/\/sc-ghillie.pl\/pl\/wp-json\/wp\/v2\/product_brand?post=3176"},{"taxonomy":"product_cat","embeddable":true,"href":"https:\/\/sc-ghillie.pl\/pl\/wp-json\/wp\/v2\/product_cat?post=3176"},{"taxonomy":"product_tag","embeddable":true,"href":"https:\/\/sc-ghillie.pl\/pl\/wp-json\/wp\/v2\/product_tag?post=3176"}],"curies":[{"name":"wp","href":"https:\/\/api.w.org\/{rel}","templated":true}]}}