{"id":2555,"date":"2024-05-01T13:32:22","date_gmt":"2024-05-01T11:32:22","guid":{"rendered":"https:\/\/sc-ghillie.pl\/?post_type=product&#038;p=2555"},"modified":"2026-01-06T15:32:41","modified_gmt":"2026-01-06T14:32:41","slug":"scg-modularny-stroj-maskujacy","status":"publish","type":"product","link":"https:\/\/sc-ghillie.pl\/pl\/shop\/produkt\/scg-modularny-stroj-maskujacy\/","title":{"rendered":"SCG. Modularny Str\u00f3j Maskuj\u0105cy"},"content":{"rendered":"<p><strong>Modularny Str\u00f3j Maskuj\u0105cy<\/strong> to specjalistyczny <strong>system zaprojektowany dla snajper\u00f3w i strzelc\u00f3w wyborowych.<\/strong> Umo\u017cliwia dostosowanie liczby element\u00f3w kamufla\u017cu do konkretnych zada\u0144 lub przenoszonego wyposa\u017cenia. Ca\u0142y zestaw \u0142atwo wyregulowa\u0107 do sylwetki u\u017cytkownika i <strong>mo\u017ce by\u0107 u\u017cywany przez osoby o wzro\u015bcie od 170 do 200 cm i obwodzie klatki piersiowej do 115 cm.<\/strong><\/p>\n<p><strong>Wszystkie elementy stroju s\u0105 pokryte elementami 3D i mocowaniami na ro\u015blinno\u015b\u0107.<\/strong> Dodatkowo, na powierzchni ca\u0142ego stroju naszyta jest kratka z paracordu, kt\u00f3ra umo\u017cliwia szybkie zastosowanie dodatkowych element\u00f3w 3D i mocowa\u0144 na ro\u015blinno\u015b\u0107.<\/p>\n<p><strong>Kamufla\u017c dost\u0119pny jest w dw\u00f3ch wersjach:<\/strong><\/p>\n<ul>\n<li><strong>Wersja ZIELONA<\/strong> &#8211; Schemat kolorystyczny dedykowany do silnie zielonych obszar\u00f3w.<\/li>\n<li><strong>Wersja BR\u0104ZOWA<\/strong> &#8211; Schemat kolorystyczny dedykowany do obszar\u00f3w z du\u017c\u0105 ilo\u015bci\u0105 suchej i br\u0105zowej ro\u015blinno\u015bci.<\/li>\n<\/ul>\n<p><strong>Zestaw sk\u0142ada si\u0119 z sze\u015bciu element\u00f3w:<\/strong><\/p>\n<ol>\n<li><strong>Viper Hood<\/strong> &#8211; Posiada obszerny kaptur z klipsem do mocowania na nakryciu g\u0142owy, bardzo du\u017ce r\u0119kawy i klamry do peleryny Viper Cape umieszczone na spodzie plec\u00f3w Viper Hood.<\/li>\n<li><strong>Viper Cape<\/strong> &#8211; peleryna dopinana na plecy Viper Hood, posiada system stabilizacji w talii i klatce piersiowej.<\/li>\n<li><strong>Half Pants<\/strong> &#8211; Nak\u0142adki kamufla\u017cowe noszone na spodniach bojowych, stabilizowane przez g\u0142\u00f3wn\u0105 klamr\u0119 w talii, cztery klamry na nogach i paski noszone pod butem.<\/li>\n<li><strong>Boots Covers<\/strong> &#8211; Kamufla\u017cowe nak\u0142adki na buty, pasuj\u0105ce do obuwia w rozmiarach 41 &#8211; 47 EU, posiadaj\u0105 sw\u00f3j typ mocowa\u0144 na ro\u015blinno\u015b\u0107.<\/li>\n<li><strong>Rifle Wrap<\/strong> &#8211; Sk\u0142ada si\u0119 z dw\u00f3ch cz\u0119\u015bci: 80 cm na prz\u00f3d na front karabinu i 45 cm na optyk\u0119, z siatkow\u0105 os\u0142on\u0105 zmniejszaj\u0105c\u0105 odbicie optyki.<\/li>\n<li><strong>Ochronny worek kompresyjny<\/strong> &#8211; W kolorze oliwkowym.<\/li>\n<\/ol>\n<p><strong>Specyfikacja:\u00a0<\/strong><\/p>\n<ol>\n<li>Rozmiar: Uniwersalny, 170 &#8211; 200 cm wzrost, obw\u00f3d klatki piersiowej do 115 cm.<\/li>\n<li>Waga ca\u0142ego zestawu: 2400 gram<\/li>\n<li>Materia\u0142 bazy stroju: Siatka 100% poliester<\/li>\n<li>Pokrycie 3D: Modu\u0142y 3D Halo Screen, Modu\u0142y 3D Nano Screen &#8211; Oak Master, Juta, Rafia<\/li>\n<\/ol>\n<p><strong>Zapytania hurtowe odno\u015bnie produktu prosimy kierowa\u0107 na adres email: scghillie [@] gmail.com\u00a0<\/strong><\/p>\n","protected":false},"excerpt":{"rendered":"<p>Modularny Str\u00f3j Maskuj\u0105cy to specjalistyczny system zaprojektowany dla snajper\u00f3w i strzelc\u00f3w wyborowych. Umo\u017cliwia dostosowanie liczby element\u00f3w kamufla\u017cu do konkretnych zada\u0144 lub przenoszonego wyposa\u017cenia. Ca\u0142y zestaw \u0142atwo wyregulowa\u0107 do sylwetki u\u017cytkownika i mo\u017ce by\u0107 u\u017cywany przez osoby o wzro\u015bcie od 170 do 200 cm i obwodzie klatki piersiowej do 115 cm. Wszystkie elementy stroju s\u0105 pokryte [&hellip;]<\/p>\n","protected":false},"featured_media":3769,"comment_status":"open","ping_status":"closed","template":"","meta":{"ocean_post_layout":"","ocean_both_sidebars_style":"","ocean_both_sidebars_content_width":0,"ocean_both_sidebars_sidebars_width":0,"ocean_sidebar":"0","ocean_second_sidebar":"0","ocean_disable_margins":"enable","ocean_add_body_class":"","ocean_shortcode_before_top_bar":"","ocean_shortcode_after_top_bar":"","ocean_shortcode_before_header":"","ocean_shortcode_after_header":"","ocean_has_shortcode":"","ocean_shortcode_after_title":"","ocean_shortcode_before_footer_widgets":"","ocean_shortcode_after_footer_widgets":"","ocean_shortcode_before_footer_bottom":"","ocean_shortcode_after_footer_bottom":"","ocean_display_top_bar":"default","ocean_display_header":"default","ocean_header_style":"","ocean_center_header_left_menu":"0","ocean_custom_header_template":"0","ocean_custom_logo":0,"ocean_custom_retina_logo":0,"ocean_custom_logo_max_width":0,"ocean_custom_logo_tablet_max_width":0,"ocean_custom_logo_mobile_max_width":0,"ocean_custom_logo_max_height":0,"ocean_custom_logo_tablet_max_height":0,"ocean_custom_logo_mobile_max_height":0,"ocean_header_custom_menu":"0","ocean_menu_typo_font_family":"0","ocean_menu_typo_font_subset":"","ocean_menu_typo_font_size":0,"ocean_menu_typo_font_size_tablet":0,"ocean_menu_typo_font_size_mobile":0,"ocean_menu_typo_font_size_unit":"px","ocean_menu_typo_font_weight":"","ocean_menu_typo_font_weight_tablet":"","ocean_menu_typo_font_weight_mobile":"","ocean_menu_typo_transform":"","ocean_menu_typo_transform_tablet":"","ocean_menu_typo_transform_mobile":"","ocean_menu_typo_line_height":0,"ocean_menu_typo_line_height_tablet":0,"ocean_menu_typo_line_height_mobile":0,"ocean_menu_typo_line_height_unit":"","ocean_menu_typo_spacing":0,"ocean_menu_typo_spacing_tablet":0,"ocean_menu_typo_spacing_mobile":0,"ocean_menu_typo_spacing_unit":"","ocean_menu_link_color":"","ocean_menu_link_color_hover":"","ocean_menu_link_color_active":"","ocean_menu_link_background":"","ocean_menu_link_hover_background":"","ocean_menu_link_active_background":"","ocean_menu_social_links_bg":"","ocean_menu_social_hover_links_bg":"","ocean_menu_social_links_color":"","ocean_menu_social_hover_links_color":"","ocean_disable_title":"default","ocean_disable_heading":"default","ocean_post_title":"","ocean_post_subheading":"","ocean_post_title_style":"","ocean_post_title_background_color":"","ocean_post_title_background":0,"ocean_post_title_bg_image_position":"","ocean_post_title_bg_image_attachment":"","ocean_post_title_bg_image_repeat":"","ocean_post_title_bg_image_size":"","ocean_post_title_height":0,"ocean_post_title_bg_overlay":0.5,"ocean_post_title_bg_overlay_color":"","ocean_disable_breadcrumbs":"default","ocean_breadcrumbs_color":"","ocean_breadcrumbs_separator_color":"","ocean_breadcrumbs_links_color":"","ocean_breadcrumbs_links_hover_color":"","ocean_display_footer_widgets":"default","ocean_display_footer_bottom":"default","ocean_custom_footer_template":"0"},"product_brand":[],"product_cat":[86,87],"product_tag":[],"class_list":{"0":"post-2555","1":"product","2":"type-product","3":"status-publish","4":"has-post-thumbnail","6":"product_cat-nextgen","7":"product_cat-stroje-ghillie-nextgen","9":"entry","10":"has-media","12":"first","13":"instock","14":"taxable","15":"shipping-taxable","16":"purchasable","17":"product-type-variable","18":"col","19":"span_1_of_3","20":"owp-content-center","21":"owp-thumbs-layout-horizontal","22":"owp-btn-normal","23":"owp-tabs-layout-section"},"_links":{"self":[{"href":"https:\/\/sc-ghillie.pl\/pl\/wp-json\/wp\/v2\/product\/2555","targetHints":{"allow":["GET"]}}],"collection":[{"href":"https:\/\/sc-ghillie.pl\/pl\/wp-json\/wp\/v2\/product"}],"about":[{"href":"https:\/\/sc-ghillie.pl\/pl\/wp-json\/wp\/v2\/types\/product"}],"replies":[{"embeddable":true,"href":"https:\/\/sc-ghillie.pl\/pl\/wp-json\/wp\/v2\/comments?post=2555"}],"wp:featuredmedia":[{"embeddable":true,"href":"https:\/\/sc-ghillie.pl\/pl\/wp-json\/wp\/v2\/media\/3769"}],"wp:attachment":[{"href":"https:\/\/sc-ghillie.pl\/pl\/wp-json\/wp\/v2\/media?parent=2555"}],"wp:term":[{"taxonomy":"product_brand","embeddable":true,"href":"https:\/\/sc-ghillie.pl\/pl\/wp-json\/wp\/v2\/product_brand?post=2555"},{"taxonomy":"product_cat","embeddable":true,"href":"https:\/\/sc-ghillie.pl\/pl\/wp-json\/wp\/v2\/product_cat?post=2555"},{"taxonomy":"product_tag","embeddable":true,"href":"https:\/\/sc-ghillie.pl\/pl\/wp-json\/wp\/v2\/product_tag?post=2555"}],"curies":[{"name":"wp","href":"https:\/\/api.w.org\/{rel}","templated":true}]}}