{"id":1970,"date":"2022-02-12T18:42:40","date_gmt":"2022-02-12T17:42:40","guid":{"rendered":"http:\/\/ghillie.wykreujemy.pl\/?post_type=product&#038;p=1970"},"modified":"2026-03-30T14:04:06","modified_gmt":"2026-03-30T12:04:06","slug":"oak-master-cobra-forest-floor","status":"publish","type":"product","link":"https:\/\/sc-ghillie.pl\/pl\/shop\/produkt\/oak-master-cobra-forest-floor\/","title":{"rendered":"Le Covert Sartorialist Oak Master Cobra (Forest Floor)"},"content":{"rendered":"<p><strong>Product available at Oakmaster store \/ Produkt dost\u0119pny w sklepie Oakmaster:<\/strong><\/p>\n<p><span style=\"color: #008000;\"><a style=\"color: #008000;\" href=\"https:\/\/en.oakmaster.pro\/\">https:\/\/en.oakmaster.pro\/<\/a><br \/>\n<\/span><br \/>\nOak Master Cobra (Forest Floor) &#8211; lekka kamizelka ghillie oparta o siatk\u0119 w kamufla\u017cu Oak Master. U\u017cytkownik zak\u0142ada maskowanie jako ostatni\u0105 warstw\u0119 odzie\u017cy wierzchniej. Produkt z pokryciem w kolorystyce Forest Floor, kt\u00f3ra sprawdza si\u0119 \u015bwietnie w \u015brodowisku le\u015bnym jesieni\u0105, bez\u015bnie\u017cn\u0105 zim\u0105 oraz wczesn\u0105 wiosn\u0105. Ghillie gotowe do u\u017cytku prosto z pude\u0142ka.<\/p>\n<p>Specyfikacja:<\/p>\n<ul>\n<li>Waga: ~ 800 gram<\/li>\n<li>Rozmiar uniwersalny &#8211; Pasuje na u\u017cytkownik\u00f3w do 190 cm wzrostu oraz 115 cm obwodu klatki piersiowej<\/li>\n<li>Klamry Fastex pokryte Nano Screen w celu wyeliminowania po\u0142ysku oraz odpowiedniego poch\u0142aniania \u015bwiat\u0142a<\/li>\n<li>Klips w kapturze do przypi\u0119cia kaptura do dowolnego nakrycia g\u0142owy<\/li>\n<li>System \u015bci\u0105gaczy pozwalaj\u0105cy dopasowa\u0107 kamizelk\u0119 do sylwetki u\u017cytkownika<\/li>\n<li>Pokrycie wykonane z Mini-Garland\u00f3w Nano Screen, W\u0142\u00f3kien Juty, W\u0142\u00f3kien Rafii<\/li>\n<\/ul>\n<p>U\u017cytkownik mo\u017ce dodatkowo pokry\u0107 Oak Master Cobra (Base) przy pomocy:<\/p>\n<ul>\n<li><a href=\"\/shop\/produkt\/scg-le-covert-sartorialist-reflectance-management-kit\/\">Le Covert Sartorialist Reflectance Management Kit<\/a><\/li>\n<li><a href=\"\/shop\/produkt\/scg-le-covert-sartorialist-reflectance-management-mini-kit\/\">Le Covert Sartorialist Reflectance Management Mini Kit<\/a><\/li>\n<li><a href=\"\/shop\/produkt\/scg-oak-master-3d-garlands\/\">Le Covert Sartorialist Oak Master 3D Kit<\/a><\/li>\n<li>W\u0142\u00f3kien rafii<\/li>\n<li><a href=\"\/shop\/produkt\/juta-mix-kolorow\/\">W\u0142\u00f3kien juty<\/a><\/li>\n<li>Innych zestaw\u00f3w do wykonania w\u0142asnego maskowania typu Ghillie<\/li>\n<\/ul>\n","protected":false},"excerpt":{"rendered":"<p>Product available at Oakmaster store \/ Produkt dost\u0119pny w sklepie Oakmaster: https:\/\/en.oakmaster.pro\/ Oak Master Cobra (Forest Floor) &#8211; lekka kamizelka ghillie oparta o siatk\u0119 w kamufla\u017cu Oak Master. U\u017cytkownik zak\u0142ada maskowanie jako ostatni\u0105 warstw\u0119 odzie\u017cy wierzchniej. Produkt z pokryciem w kolorystyce Forest Floor, kt\u00f3ra sprawdza si\u0119 \u015bwietnie w \u015brodowisku le\u015bnym jesieni\u0105, bez\u015bnie\u017cn\u0105 zim\u0105 oraz wczesn\u0105 [&hellip;]<\/p>\n","protected":false},"featured_media":1971,"comment_status":"open","ping_status":"closed","template":"","meta":{"ocean_post_layout":"","ocean_both_sidebars_style":"","ocean_both_sidebars_content_width":0,"ocean_both_sidebars_sidebars_width":0,"ocean_sidebar":"0","ocean_second_sidebar":"0","ocean_disable_margins":"enable","ocean_add_body_class":"","ocean_shortcode_before_top_bar":"","ocean_shortcode_after_top_bar":"","ocean_shortcode_before_header":"","ocean_shortcode_after_header":"","ocean_has_shortcode":"","ocean_shortcode_after_title":"","ocean_shortcode_before_footer_widgets":"","ocean_shortcode_after_footer_widgets":"","ocean_shortcode_before_footer_bottom":"","ocean_shortcode_after_footer_bottom":"","ocean_display_top_bar":"default","ocean_display_header":"default","ocean_header_style":"","ocean_center_header_left_menu":"0","ocean_custom_header_template":"0","ocean_custom_logo":0,"ocean_custom_retina_logo":0,"ocean_custom_logo_max_width":0,"ocean_custom_logo_tablet_max_width":0,"ocean_custom_logo_mobile_max_width":0,"ocean_custom_logo_max_height":0,"ocean_custom_logo_tablet_max_height":0,"ocean_custom_logo_mobile_max_height":0,"ocean_header_custom_menu":"0","ocean_menu_typo_font_family":"0","ocean_menu_typo_font_subset":"","ocean_menu_typo_font_size":0,"ocean_menu_typo_font_size_tablet":0,"ocean_menu_typo_font_size_mobile":0,"ocean_menu_typo_font_size_unit":"px","ocean_menu_typo_font_weight":"","ocean_menu_typo_font_weight_tablet":"","ocean_menu_typo_font_weight_mobile":"","ocean_menu_typo_transform":"","ocean_menu_typo_transform_tablet":"","ocean_menu_typo_transform_mobile":"","ocean_menu_typo_line_height":0,"ocean_menu_typo_line_height_tablet":0,"ocean_menu_typo_line_height_mobile":0,"ocean_menu_typo_line_height_unit":"","ocean_menu_typo_spacing":0,"ocean_menu_typo_spacing_tablet":0,"ocean_menu_typo_spacing_mobile":0,"ocean_menu_typo_spacing_unit":"","ocean_menu_link_color":"","ocean_menu_link_color_hover":"","ocean_menu_link_color_active":"","ocean_menu_link_background":"","ocean_menu_link_hover_background":"","ocean_menu_link_active_background":"","ocean_menu_social_links_bg":"","ocean_menu_social_hover_links_bg":"","ocean_menu_social_links_color":"","ocean_menu_social_hover_links_color":"","ocean_disable_title":"default","ocean_disable_heading":"default","ocean_post_title":"","ocean_post_subheading":"","ocean_post_title_style":"","ocean_post_title_background_color":"","ocean_post_title_background":0,"ocean_post_title_bg_image_position":"","ocean_post_title_bg_image_attachment":"","ocean_post_title_bg_image_repeat":"","ocean_post_title_bg_image_size":"","ocean_post_title_height":0,"ocean_post_title_bg_overlay":0.5,"ocean_post_title_bg_overlay_color":"","ocean_disable_breadcrumbs":"default","ocean_breadcrumbs_color":"","ocean_breadcrumbs_separator_color":"","ocean_breadcrumbs_links_color":"","ocean_breadcrumbs_links_hover_color":"","ocean_display_footer_widgets":"default","ocean_display_footer_bottom":"default","ocean_custom_footer_template":"0"},"product_brand":[],"product_cat":[107,90,91],"product_tag":[115,106,137,108,109],"class_list":{"0":"post-1970","1":"product","2":"type-product","3":"status-publish","4":"has-post-thumbnail","6":"product_cat-le-covert-sartorialist","7":"product_cat-oakmaster-3d","8":"product_cat-stroje-ghillie-oakmaster-3d","9":"product_tag-cobra-suit","10":"product_tag-halo-screen","11":"product_tag-le-covert-sartorialist","12":"product_tag-nano-screen","13":"product_tag-oak-master","15":"entry","16":"has-media","18":"first","19":"outofstock","20":"taxable","21":"shipping-taxable","22":"purchasable","23":"product-type-simple","24":"col","25":"span_1_of_3","26":"owp-content-center","27":"owp-thumbs-layout-horizontal","28":"owp-btn-normal","29":"owp-tabs-layout-section"},"_links":{"self":[{"href":"https:\/\/sc-ghillie.pl\/pl\/wp-json\/wp\/v2\/product\/1970","targetHints":{"allow":["GET"]}}],"collection":[{"href":"https:\/\/sc-ghillie.pl\/pl\/wp-json\/wp\/v2\/product"}],"about":[{"href":"https:\/\/sc-ghillie.pl\/pl\/wp-json\/wp\/v2\/types\/product"}],"replies":[{"embeddable":true,"href":"https:\/\/sc-ghillie.pl\/pl\/wp-json\/wp\/v2\/comments?post=1970"}],"wp:featuredmedia":[{"embeddable":true,"href":"https:\/\/sc-ghillie.pl\/pl\/wp-json\/wp\/v2\/media\/1971"}],"wp:attachment":[{"href":"https:\/\/sc-ghillie.pl\/pl\/wp-json\/wp\/v2\/media?parent=1970"}],"wp:term":[{"taxonomy":"product_brand","embeddable":true,"href":"https:\/\/sc-ghillie.pl\/pl\/wp-json\/wp\/v2\/product_brand?post=1970"},{"taxonomy":"product_cat","embeddable":true,"href":"https:\/\/sc-ghillie.pl\/pl\/wp-json\/wp\/v2\/product_cat?post=1970"},{"taxonomy":"product_tag","embeddable":true,"href":"https:\/\/sc-ghillie.pl\/pl\/wp-json\/wp\/v2\/product_tag?post=1970"}],"curies":[{"name":"wp","href":"https:\/\/api.w.org\/{rel}","templated":true}]}}