{"id":1958,"date":"2022-02-09T12:02:46","date_gmt":"2022-02-09T11:02:46","guid":{"rendered":"http:\/\/ghillie.wykreujemy.pl\/?post_type=product&#038;p=1958"},"modified":"2026-01-06T15:10:55","modified_gmt":"2026-01-06T14:10:55","slug":"viper-cape-v2-pro-wersja-z-nalozonym-farszem-maskujacym","status":"publish","type":"product","link":"https:\/\/sc-ghillie.pl\/pl\/shop\/produkt\/viper-cape-v2-pro-wersja-z-nalozonym-farszem-maskujacym\/","title":{"rendered":"Viper Cape V2 Pro (Wersja z na\u0142o\u017conym farszem maskuj\u0105cym)"},"content":{"rendered":"<p><strong>Viper Cape V2\u00a0<\/strong>&#8211; narzuta maskuj\u0105ca dedykowana do produktu <strong>Viper Hood Pro<\/strong>. Pozwala wykorzysta\u0107 maksymalnie mo\u017cliwo\u015bci kamufla\u017cu dla tego systemu maskuj\u0105cego. Narzuta dopinana jest trokami wykonanymi z mocnej ta\u015bmy no\u015bnej do plec\u00f3w maska\u0142atu.\u00a0Dzi\u0119ki sporej powierzechni narzuta mo\u017ce pe\u0142ni\u0107 r\u00f3\u017cne alternatywne\u00a0role taktyczne. \u015awietnie sprawdza si\u0119 r\u00f3wnie\u017c\u00a0w maskowaniu plecak\u00f3w patrolowych, co pozwala na utrzymanie ci\u0105g\u0142o\u015bci kamufla\u017cu nawet w trakcie prowadzenia dzia\u0142a\u0144 z u\u017cyciem 3-linii wyposa\u017cenia taktycznego.<\/p>\n<p><strong>Do oplotu wykorzystujemy w\u0142\u00f3kna juty oraz rafii wykonane wed\u0142ug naszej specyfikacji w najlepszych farbiarniach. Farsz maskuj\u0105cy kt\u00f3rego u\u017cywamy w linii Pro jest odporny na uszkodzenia mechaniczne, mechacenie si\u0119 oraz odbarwianie.<\/strong><\/p>\n<p><strong>Specyfikacja:<\/strong><\/p>\n<ul>\n<li><strong>Produkt w wersji z na\u0142o\u017conym farszem maskuj\u0105cym. Jest to ghillie gotowe do u\u017cytku.<\/strong><\/li>\n<li>Produkt posiada wybudowane ta\u015bmy monta\u017cowe do Viper Hood Pro<\/li>\n<li>Waga produktu: ~ 400 gram<\/li>\n<\/ul>\n","protected":false},"excerpt":{"rendered":"<p>Viper Cape V2\u00a0&#8211; narzuta maskuj\u0105ca dedykowana do produktu Viper Hood Pro. Pozwala wykorzysta\u0107 maksymalnie mo\u017cliwo\u015bci kamufla\u017cu dla tego systemu maskuj\u0105cego. Narzuta dopinana jest trokami wykonanymi z mocnej ta\u015bmy no\u015bnej do plec\u00f3w maska\u0142atu.\u00a0Dzi\u0119ki sporej powierzechni narzuta mo\u017ce pe\u0142ni\u0107 r\u00f3\u017cne alternatywne\u00a0role taktyczne. \u015awietnie sprawdza si\u0119 r\u00f3wnie\u017c\u00a0w maskowaniu plecak\u00f3w patrolowych, co pozwala na utrzymanie ci\u0105g\u0142o\u015bci kamufla\u017cu nawet w [&hellip;]<\/p>\n","protected":false},"featured_media":3650,"comment_status":"open","ping_status":"closed","template":"","meta":{"ocean_post_layout":"","ocean_both_sidebars_style":"","ocean_both_sidebars_content_width":0,"ocean_both_sidebars_sidebars_width":0,"ocean_sidebar":"0","ocean_second_sidebar":"0","ocean_disable_margins":"enable","ocean_add_body_class":"","ocean_shortcode_before_top_bar":"","ocean_shortcode_after_top_bar":"","ocean_shortcode_before_header":"","ocean_shortcode_after_header":"","ocean_has_shortcode":"","ocean_shortcode_after_title":"","ocean_shortcode_before_footer_widgets":"","ocean_shortcode_after_footer_widgets":"","ocean_shortcode_before_footer_bottom":"","ocean_shortcode_after_footer_bottom":"","ocean_display_top_bar":"default","ocean_display_header":"default","ocean_header_style":"","ocean_center_header_left_menu":"0","ocean_custom_header_template":"0","ocean_custom_logo":0,"ocean_custom_retina_logo":0,"ocean_custom_logo_max_width":0,"ocean_custom_logo_tablet_max_width":0,"ocean_custom_logo_mobile_max_width":0,"ocean_custom_logo_max_height":0,"ocean_custom_logo_tablet_max_height":0,"ocean_custom_logo_mobile_max_height":0,"ocean_header_custom_menu":"0","ocean_menu_typo_font_family":"0","ocean_menu_typo_font_subset":"","ocean_menu_typo_font_size":0,"ocean_menu_typo_font_size_tablet":0,"ocean_menu_typo_font_size_mobile":0,"ocean_menu_typo_font_size_unit":"px","ocean_menu_typo_font_weight":"","ocean_menu_typo_font_weight_tablet":"","ocean_menu_typo_font_weight_mobile":"","ocean_menu_typo_transform":"","ocean_menu_typo_transform_tablet":"","ocean_menu_typo_transform_mobile":"","ocean_menu_typo_line_height":0,"ocean_menu_typo_line_height_tablet":0,"ocean_menu_typo_line_height_mobile":0,"ocean_menu_typo_line_height_unit":"","ocean_menu_typo_spacing":0,"ocean_menu_typo_spacing_tablet":0,"ocean_menu_typo_spacing_mobile":0,"ocean_menu_typo_spacing_unit":"","ocean_menu_link_color":"","ocean_menu_link_color_hover":"","ocean_menu_link_color_active":"","ocean_menu_link_background":"","ocean_menu_link_hover_background":"","ocean_menu_link_active_background":"","ocean_menu_social_links_bg":"","ocean_menu_social_hover_links_bg":"","ocean_menu_social_links_color":"","ocean_menu_social_hover_links_color":"","ocean_disable_title":"default","ocean_disable_heading":"default","ocean_post_title":"","ocean_post_subheading":"","ocean_post_title_style":"","ocean_post_title_background_color":"","ocean_post_title_background":0,"ocean_post_title_bg_image_position":"","ocean_post_title_bg_image_attachment":"","ocean_post_title_bg_image_repeat":"","ocean_post_title_bg_image_size":"","ocean_post_title_height":0,"ocean_post_title_bg_overlay":0.5,"ocean_post_title_bg_overlay_color":"","ocean_disable_breadcrumbs":"default","ocean_breadcrumbs_color":"","ocean_breadcrumbs_separator_color":"","ocean_breadcrumbs_links_color":"","ocean_breadcrumbs_links_hover_color":"","ocean_display_footer_widgets":"default","ocean_display_footer_bottom":"default","ocean_custom_footer_template":"0"},"product_brand":[],"product_cat":[82,83],"product_tag":[],"class_list":{"0":"post-1958","1":"product","2":"type-product","3":"status-publish","4":"has-post-thumbnail","6":"product_cat-pro-line","7":"product_cat-stroje-ghillie","9":"entry","10":"has-media","12":"first","13":"onbackorder","14":"taxable","15":"shipping-taxable","16":"purchasable","17":"product-type-simple","18":"col","19":"span_1_of_3","20":"owp-content-center","21":"owp-thumbs-layout-horizontal","22":"owp-btn-normal","23":"owp-tabs-layout-section"},"_links":{"self":[{"href":"https:\/\/sc-ghillie.pl\/pl\/wp-json\/wp\/v2\/product\/1958","targetHints":{"allow":["GET"]}}],"collection":[{"href":"https:\/\/sc-ghillie.pl\/pl\/wp-json\/wp\/v2\/product"}],"about":[{"href":"https:\/\/sc-ghillie.pl\/pl\/wp-json\/wp\/v2\/types\/product"}],"replies":[{"embeddable":true,"href":"https:\/\/sc-ghillie.pl\/pl\/wp-json\/wp\/v2\/comments?post=1958"}],"wp:featuredmedia":[{"embeddable":true,"href":"https:\/\/sc-ghillie.pl\/pl\/wp-json\/wp\/v2\/media\/3650"}],"wp:attachment":[{"href":"https:\/\/sc-ghillie.pl\/pl\/wp-json\/wp\/v2\/media?parent=1958"}],"wp:term":[{"taxonomy":"product_brand","embeddable":true,"href":"https:\/\/sc-ghillie.pl\/pl\/wp-json\/wp\/v2\/product_brand?post=1958"},{"taxonomy":"product_cat","embeddable":true,"href":"https:\/\/sc-ghillie.pl\/pl\/wp-json\/wp\/v2\/product_cat?post=1958"},{"taxonomy":"product_tag","embeddable":true,"href":"https:\/\/sc-ghillie.pl\/pl\/wp-json\/wp\/v2\/product_tag?post=1958"}],"curies":[{"name":"wp","href":"https:\/\/api.w.org\/{rel}","templated":true}]}}