{"id":1662,"date":"2022-01-06T20:53:22","date_gmt":"2022-01-06T19:53:22","guid":{"rendered":"http:\/\/ghillie.wykreujemy.pl\/?post_type=product&#038;p=1662"},"modified":"2026-04-25T19:36:29","modified_gmt":"2026-04-25T17:36:29","slug":"nextgen-full-suit","status":"publish","type":"product","link":"https:\/\/sc-ghillie.pl\/pl\/shop\/produkt\/nextgen-full-suit\/","title":{"rendered":"NEXTGEN FULL SUIT"},"content":{"rendered":"<p><strong>NextGen Full Suit<\/strong> \u2013 Dwucz\u0119\u015bciowy str\u00f3j maskuj\u0105cy wykonany w technologii NextGen. Jest to str\u00f3j w typie maska\u0142atu, nale\u017cy go nosi\u0107 na odzie\u017c wierzchni\u0105 jako ostatni\u0105 warstw\u0119 odzie\u017cy w terenie.<\/p>\n<p><strong>Produkt sk\u0142ada si\u0119 z:<\/strong><\/p>\n<p><strong>-Obszernej kurtki w typie anorak.<\/strong> Kurtka posiada suwak pozwalaj\u0105cy rozpi\u0105\u0107 j\u0105 do okolic klatki piersiowej. Kaptur posiada \u015bci\u0105gacze pozwalaj\u0105ce dostosowa\u0107 go do aktualnie noszonego nakrycia g\u0142owy. D\u00f3\u0142 kurtki\u00a0 \u015bci\u0105gany jest przy pomocy dw\u00f3ch stoper\u00f3w.<\/p>\n<p><strong>-Lu\u017anych spodni, <\/strong>kt\u00f3re u\u017cytkownik mo\u017ce zak\u0142ada\u0107 przez obuwie. W pasie znajduj\u0105 si\u0119 szlufki kt\u00f3re pozwalaj\u0105 na dopasowanie spodni do sylwetki przy pomocy dowolnego paska.<\/p>\n<p><strong>Materia\u0142y bazowy<\/strong> \u2013 Przewiewna siatka 100% poliester<\/p>\n<p><strong>Materia\u0142 pokrycia 3D <\/strong>\u2013 Halo Screen, Nano Screen, Raffia, Inne elementy 3D<\/p>\n<p><strong>Uwaga!<\/strong> Str\u00f3j wykonywany jest tylko i wy\u0142\u0105cznie na zam\u00f3wienie, do sylwetki danego u\u017cytkownika. Prosimy o wpisanie wszystkich wymiar\u00f3w w karcie produktu. W razie jakichkolwiek w\u0105tpliwo\u015bci, skontaktujemy si\u0119 z Tob\u0105 przed rozpocz\u0119ciem realizacji zam\u00f3wienia.<\/p>\n<p><b>Czym jest NextGen?\u00a0<\/b><\/p>\n<p>Maskowania z linii NextGen to zupe\u0142nie nowy kierunek w \u015bwiecie system\u00f3w maskuj\u0105cych. Nasze nowe produkty oparli\u015bmy o technologi\u0119 HALO SCREEN.<br \/>\nHALO SCREEN to rewolucyjna technologia maskowania osobistego. System pozwala na tworzenie ultra lekkich maskowa\u0144 modularnych, kt\u00f3re posiadaj\u0105 wysokie w\u0142a\u015bciwo\u015bci adaptacyjne w zr\u00f3\u017cnicowanym otoczeniu.<\/p>\n<p><b>W\u0142a\u015bciwo\u015bci HALO SCREEN:<\/b><\/p>\n<ul class=\"ul1\">\n<li class=\"li2\"><span class=\"s2\">Maskowanie gotowe do u\u017cytku po wyci\u0105gnieciu z pude\u0142ka<\/span><\/li>\n<li class=\"li2\"><span class=\"s2\">Wysoka odporno\u015b\u0107 na skrajnie niekorzystne warunki atmosferyczne<\/span><\/li>\n<li class=\"li2\"><span class=\"s2\">Du\u017ca wytrzyma\u0142o\u015b\u0107 na uszkodzenia mechaniczne<\/span><\/li>\n<li class=\"li2\"><span class=\"s2\">Ma\u0142a obj\u0119to\u015b\u0107 po skompresowaniu<\/span><\/li>\n<li class=\"li2\"><span class=\"s2\">Bardzo wysokie zdolno\u015bci adaptacyjne w pa\u015bmie nIR\u00a0<\/span><\/li>\n<\/ul>\n","protected":false},"excerpt":{"rendered":"<p>NextGen Full Suit \u2013 Dwucz\u0119\u015bciowy str\u00f3j maskuj\u0105cy wykonany w technologii NextGen. Jest to str\u00f3j w typie maska\u0142atu, nale\u017cy go nosi\u0107 na odzie\u017c wierzchni\u0105 jako ostatni\u0105 warstw\u0119 odzie\u017cy w terenie. Produkt sk\u0142ada si\u0119 z: -Obszernej kurtki w typie anorak. Kurtka posiada suwak pozwalaj\u0105cy rozpi\u0105\u0107 j\u0105 do okolic klatki piersiowej. Kaptur posiada \u015bci\u0105gacze pozwalaj\u0105ce dostosowa\u0107 go do [&hellip;]<\/p>\n","protected":false},"featured_media":1664,"comment_status":"open","ping_status":"closed","template":"","meta":{"ocean_post_layout":"","ocean_both_sidebars_style":"","ocean_both_sidebars_content_width":0,"ocean_both_sidebars_sidebars_width":0,"ocean_sidebar":"0","ocean_second_sidebar":"0","ocean_disable_margins":"enable","ocean_add_body_class":"","ocean_shortcode_before_top_bar":"","ocean_shortcode_after_top_bar":"","ocean_shortcode_before_header":"","ocean_shortcode_after_header":"","ocean_has_shortcode":"","ocean_shortcode_after_title":"","ocean_shortcode_before_footer_widgets":"","ocean_shortcode_after_footer_widgets":"","ocean_shortcode_before_footer_bottom":"","ocean_shortcode_after_footer_bottom":"","ocean_display_top_bar":"default","ocean_display_header":"default","ocean_header_style":"","ocean_center_header_left_menu":"0","ocean_custom_header_template":"0","ocean_custom_logo":0,"ocean_custom_retina_logo":0,"ocean_custom_logo_max_width":0,"ocean_custom_logo_tablet_max_width":0,"ocean_custom_logo_mobile_max_width":0,"ocean_custom_logo_max_height":0,"ocean_custom_logo_tablet_max_height":0,"ocean_custom_logo_mobile_max_height":0,"ocean_header_custom_menu":"0","ocean_menu_typo_font_family":"0","ocean_menu_typo_font_subset":"","ocean_menu_typo_font_size":0,"ocean_menu_typo_font_size_tablet":0,"ocean_menu_typo_font_size_mobile":0,"ocean_menu_typo_font_size_unit":"px","ocean_menu_typo_font_weight":"","ocean_menu_typo_font_weight_tablet":"","ocean_menu_typo_font_weight_mobile":"","ocean_menu_typo_transform":"","ocean_menu_typo_transform_tablet":"","ocean_menu_typo_transform_mobile":"","ocean_menu_typo_line_height":0,"ocean_menu_typo_line_height_tablet":0,"ocean_menu_typo_line_height_mobile":0,"ocean_menu_typo_line_height_unit":"","ocean_menu_typo_spacing":0,"ocean_menu_typo_spacing_tablet":0,"ocean_menu_typo_spacing_mobile":0,"ocean_menu_typo_spacing_unit":"","ocean_menu_link_color":"","ocean_menu_link_color_hover":"","ocean_menu_link_color_active":"","ocean_menu_link_background":"","ocean_menu_link_hover_background":"","ocean_menu_link_active_background":"","ocean_menu_social_links_bg":"","ocean_menu_social_hover_links_bg":"","ocean_menu_social_links_color":"","ocean_menu_social_hover_links_color":"","ocean_disable_title":"default","ocean_disable_heading":"default","ocean_post_title":"","ocean_post_subheading":"","ocean_post_title_style":"","ocean_post_title_background_color":"","ocean_post_title_background":0,"ocean_post_title_bg_image_position":"","ocean_post_title_bg_image_attachment":"","ocean_post_title_bg_image_repeat":"","ocean_post_title_bg_image_size":"","ocean_post_title_height":0,"ocean_post_title_bg_overlay":0.5,"ocean_post_title_bg_overlay_color":"","ocean_disable_breadcrumbs":"default","ocean_breadcrumbs_color":"","ocean_breadcrumbs_separator_color":"","ocean_breadcrumbs_links_color":"","ocean_breadcrumbs_links_hover_color":"","ocean_display_footer_widgets":"default","ocean_display_footer_bottom":"default","ocean_custom_footer_template":"0"},"product_brand":[],"product_cat":[86,87],"product_tag":[123,106,108,114],"class_list":{"0":"post-1662","1":"product","2":"type-product","3":"status-publish","4":"has-post-thumbnail","6":"product_cat-nextgen","7":"product_cat-stroje-ghillie-nextgen","8":"product_tag-full-suit","9":"product_tag-halo-screen","10":"product_tag-nano-screen","11":"product_tag-nextgen","13":"entry","14":"has-media","16":"first","17":"onbackorder","18":"taxable","19":"shipping-taxable","20":"purchasable","21":"product-type-simple","22":"col","23":"span_1_of_3","24":"owp-content-center","25":"owp-thumbs-layout-horizontal","26":"owp-btn-normal","27":"owp-tabs-layout-section"},"_links":{"self":[{"href":"https:\/\/sc-ghillie.pl\/pl\/wp-json\/wp\/v2\/product\/1662","targetHints":{"allow":["GET"]}}],"collection":[{"href":"https:\/\/sc-ghillie.pl\/pl\/wp-json\/wp\/v2\/product"}],"about":[{"href":"https:\/\/sc-ghillie.pl\/pl\/wp-json\/wp\/v2\/types\/product"}],"replies":[{"embeddable":true,"href":"https:\/\/sc-ghillie.pl\/pl\/wp-json\/wp\/v2\/comments?post=1662"}],"wp:featuredmedia":[{"embeddable":true,"href":"https:\/\/sc-ghillie.pl\/pl\/wp-json\/wp\/v2\/media\/1664"}],"wp:attachment":[{"href":"https:\/\/sc-ghillie.pl\/pl\/wp-json\/wp\/v2\/media?parent=1662"}],"wp:term":[{"taxonomy":"product_brand","embeddable":true,"href":"https:\/\/sc-ghillie.pl\/pl\/wp-json\/wp\/v2\/product_brand?post=1662"},{"taxonomy":"product_cat","embeddable":true,"href":"https:\/\/sc-ghillie.pl\/pl\/wp-json\/wp\/v2\/product_cat?post=1662"},{"taxonomy":"product_tag","embeddable":true,"href":"https:\/\/sc-ghillie.pl\/pl\/wp-json\/wp\/v2\/product_tag?post=1662"}],"curies":[{"name":"wp","href":"https:\/\/api.w.org\/{rel}","templated":true}]}}