{"id":3051,"date":"2024-09-25T19:13:05","date_gmt":"2024-09-25T17:13:05","guid":{"rendered":"https:\/\/sc-ghillie.pl\/?post_type=product&#038;p=3051"},"modified":"2025-04-01T23:39:32","modified_gmt":"2025-04-01T21:39:32","slug":"narzutka-maskujaca-cobra-atacs-aux","status":"publish","type":"product","link":"https:\/\/sc-ghillie.pl\/en\/shop\/produkt\/narzutka-maskujaca-cobra-atacs-aux\/","title":{"rendered":"Narzutka maskuj\u0105ca COBRA ATACS AUX"},"content":{"rendered":"<p><strong>Narzutka maskuj\u0105ca COBRA ATACS AUX<\/strong> &#8211; Narzutka maskuj\u0105ca zak\u0142adana jako ostatnia warstwa odzie\u017cy.\u00a0 Produkt wykonany we wzorze maskuj\u0105cym ATACS AUX\u00ae<\/p>\n<p><strong>Specification:<\/strong><\/p>\n<ol>\n<li>100% Syntetyczne materia\u0142y:<br \/>\n\u2022 Tkanina bazowa HEAVY MESH ATACS AUX\u00ae<br \/>\n\u2022 Modu\u0142y maskuj\u0105ce BUG MESH ATACS AUX\u00ae<br \/>\n\u2022 Przes\u0142ona maskuj\u0105ca na twarz BUG MESH ATACS AUX\u00ae<\/li>\n<li>Waga \u2013 950 gram<\/li>\n<li>Resistant to weather conditions<\/li>\n<li>Size: Up to 190 cm tall \/ up to 115 cm chest circumference<\/li>\n<\/ol>\n<p><strong>Produkt dost\u0119pny do wyczerpania zapas\u00f3w.<\/strong><\/p>","protected":false},"excerpt":{"rendered":"<p>Narzutka maskuj\u0105ca COBRA ATACS AUX &#8211; Narzutka maskuj\u0105ca zak\u0142adana jako ostatnia warstwa odzie\u017cy.\u00a0 Produkt wykonany we wzorze maskuj\u0105cym ATACS AUX\u00ae Specyfikacja techniczna: 100% Syntetyczne materia\u0142y: \u2022 Tkanina bazowa HEAVY MESH ATACS AUX\u00ae \u2022 Modu\u0142y maskuj\u0105ce BUG MESH ATACS AUX\u00ae \u2022 Przes\u0142ona maskuj\u0105ca na twarz BUG MESH ATACS AUX\u00ae Waga \u2013 950 gram Produkt odporny na [&hellip;]<\/p>\n","protected":false},"featured_media":3061,"comment_status":"open","ping_status":"closed","template":"","meta":{"ocean_post_layout":"","ocean_both_sidebars_style":"","ocean_both_sidebars_content_width":0,"ocean_both_sidebars_sidebars_width":0,"ocean_sidebar":"0","ocean_second_sidebar":"0","ocean_disable_margins":"enable","ocean_add_body_class":"","ocean_shortcode_before_top_bar":"","ocean_shortcode_after_top_bar":"","ocean_shortcode_before_header":"","ocean_shortcode_after_header":"","ocean_has_shortcode":"","ocean_shortcode_after_title":"","ocean_shortcode_before_footer_widgets":"","ocean_shortcode_after_footer_widgets":"","ocean_shortcode_before_footer_bottom":"","ocean_shortcode_after_footer_bottom":"","ocean_display_top_bar":"default","ocean_display_header":"default","ocean_header_style":"","ocean_center_header_left_menu":"0","ocean_custom_header_template":"0","ocean_custom_logo":0,"ocean_custom_retina_logo":0,"ocean_custom_logo_max_width":0,"ocean_custom_logo_tablet_max_width":0,"ocean_custom_logo_mobile_max_width":0,"ocean_custom_logo_max_height":0,"ocean_custom_logo_tablet_max_height":0,"ocean_custom_logo_mobile_max_height":0,"ocean_header_custom_menu":"0","ocean_menu_typo_font_family":"0","ocean_menu_typo_font_subset":"","ocean_menu_typo_font_size":0,"ocean_menu_typo_font_size_tablet":0,"ocean_menu_typo_font_size_mobile":0,"ocean_menu_typo_font_size_unit":"px","ocean_menu_typo_font_weight":"","ocean_menu_typo_font_weight_tablet":"","ocean_menu_typo_font_weight_mobile":"","ocean_menu_typo_transform":"","ocean_menu_typo_transform_tablet":"","ocean_menu_typo_transform_mobile":"","ocean_menu_typo_line_height":0,"ocean_menu_typo_line_height_tablet":0,"ocean_menu_typo_line_height_mobile":0,"ocean_menu_typo_line_height_unit":"","ocean_menu_typo_spacing":0,"ocean_menu_typo_spacing_tablet":0,"ocean_menu_typo_spacing_mobile":0,"ocean_menu_typo_spacing_unit":"","ocean_menu_link_color":"","ocean_menu_link_color_hover":"","ocean_menu_link_color_active":"","ocean_menu_link_background":"","ocean_menu_link_hover_background":"","ocean_menu_link_active_background":"","ocean_menu_social_links_bg":"","ocean_menu_social_hover_links_bg":"","ocean_menu_social_links_color":"","ocean_menu_social_hover_links_color":"","ocean_disable_title":"default","ocean_disable_heading":"default","ocean_post_title":"","ocean_post_subheading":"","ocean_post_title_style":"","ocean_post_title_background_color":"","ocean_post_title_background":0,"ocean_post_title_bg_image_position":"","ocean_post_title_bg_image_attachment":"","ocean_post_title_bg_image_repeat":"","ocean_post_title_bg_image_size":"","ocean_post_title_height":0,"ocean_post_title_bg_overlay":0.5,"ocean_post_title_bg_overlay_color":"","ocean_disable_breadcrumbs":"default","ocean_breadcrumbs_color":"","ocean_breadcrumbs_separator_color":"","ocean_breadcrumbs_links_color":"","ocean_breadcrumbs_links_hover_color":"","ocean_display_footer_widgets":"default","ocean_display_footer_bottom":"default","ocean_custom_footer_template":"0"},"product_brand":[],"product_cat":[94,95,93,146],"product_tag":[],"class_list":{"0":"post-3051","1":"product","2":"type-product","3":"status-publish","4":"has-post-thumbnail","6":"product_cat-recce-line-3d","7":"product_cat-stroje-ghillie-recce-line-3d","8":"product_cat-systemy-maskujace","9":"product_cat-unique-designs","11":"entry","12":"has-media","14":"first","15":"instock","16":"sale","17":"taxable","18":"shipping-taxable","19":"purchasable","20":"product-type-simple","21":"col","22":"span_1_of_3","23":"owp-content-center","24":"owp-thumbs-layout-horizontal","25":"owp-btn-normal","26":"owp-tabs-layout-section"},"_links":{"self":[{"href":"https:\/\/sc-ghillie.pl\/en\/wp-json\/wp\/v2\/product\/3051","targetHints":{"allow":["GET"]}}],"collection":[{"href":"https:\/\/sc-ghillie.pl\/en\/wp-json\/wp\/v2\/product"}],"about":[{"href":"https:\/\/sc-ghillie.pl\/en\/wp-json\/wp\/v2\/types\/product"}],"replies":[{"embeddable":true,"href":"https:\/\/sc-ghillie.pl\/en\/wp-json\/wp\/v2\/comments?post=3051"}],"wp:featuredmedia":[{"embeddable":true,"href":"https:\/\/sc-ghillie.pl\/en\/wp-json\/wp\/v2\/media\/3061"}],"wp:attachment":[{"href":"https:\/\/sc-ghillie.pl\/en\/wp-json\/wp\/v2\/media?parent=3051"}],"wp:term":[{"taxonomy":"product_brand","embeddable":true,"href":"https:\/\/sc-ghillie.pl\/en\/wp-json\/wp\/v2\/product_brand?post=3051"},{"taxonomy":"product_cat","embeddable":true,"href":"https:\/\/sc-ghillie.pl\/en\/wp-json\/wp\/v2\/product_cat?post=3051"},{"taxonomy":"product_tag","embeddable":true,"href":"https:\/\/sc-ghillie.pl\/en\/wp-json\/wp\/v2\/product_tag?post=3051"}],"curies":[{"name":"wp","href":"https:\/\/api.w.org\/{rel}","templated":true}]}}