{"id":1762,"date":"2022-01-17T20:25:57","date_gmt":"2022-01-17T19:25:57","guid":{"rendered":"http:\/\/ghillie.wykreujemy.pl\/?post_type=product&#038;p=1762"},"modified":"2026-04-06T19:09:16","modified_gmt":"2026-04-06T17:09:16","slug":"rifle-camo-system-pro","status":"publish","type":"product","link":"https:\/\/sc-ghillie.pl\/en\/shop\/produkt\/rifle-camo-system-pro\/","title":{"rendered":"Rifle Camo System Pro"},"content":{"rendered":"<p class=\"p1\"><strong>Rifle Camo System Pro<\/strong> is a complete concealment system for sniper rifles. The product is in the version with the camouflage foliage applied.<\/p>\n<p><strong>For the foliage, we use jute and raffia fibers made according to our specifications in the best dyeing houses. The camouflage fibers we use in the Pro line is resistant to mechanical damage, pilling and discoloration.<\/strong><\/p>\n<p><strong>Specification:<\/strong><\/p>\n<ul>\n<li><strong>The product is in the version with the camouflage foliage applied. This is a ready-to-use ghillie.<\/strong><\/li>\n<li>The standard size consists of 2 parts - 65 cm for the front of the rifle, 35 cm for the optics.<\/li>\n<li>In addition, the package includes a mounting kit, about 5 meters of \"shock cord\" rope, stoppers and cordlocks.<\/li>\n<\/ul>","protected":false},"excerpt":{"rendered":"<p>Rifle Camo System Pro to kompletny system maskowania dla karabin\u00f3w wyborowych. Produkt w wersji z na\u0142o\u017conym farszem maskuj\u0105cym. Do oplotu wykorzystujemy w\u0142\u00f3kna juty oraz rafii wykonane wed\u0142ug naszej specyfikacji w najlepszych farbiarniach. Farsz maskuj\u0105cy kt\u00f3rego u\u017cywamy w linii Pro jest odporny na uszkodzenia mechaniczne, mechacenie si\u0119 oraz odbarwianie. Specyfikacja: Produkt w wersji z na\u0142o\u017conym farszem [&hellip;]<\/p>\n","protected":false},"featured_media":1763,"comment_status":"open","ping_status":"closed","template":"","meta":{"ocean_post_layout":"","ocean_both_sidebars_style":"","ocean_both_sidebars_content_width":0,"ocean_both_sidebars_sidebars_width":0,"ocean_sidebar":"0","ocean_second_sidebar":"0","ocean_disable_margins":"enable","ocean_add_body_class":"","ocean_shortcode_before_top_bar":"","ocean_shortcode_after_top_bar":"","ocean_shortcode_before_header":"","ocean_shortcode_after_header":"","ocean_has_shortcode":"","ocean_shortcode_after_title":"","ocean_shortcode_before_footer_widgets":"","ocean_shortcode_after_footer_widgets":"","ocean_shortcode_before_footer_bottom":"","ocean_shortcode_after_footer_bottom":"","ocean_display_top_bar":"default","ocean_display_header":"default","ocean_header_style":"","ocean_center_header_left_menu":"0","ocean_custom_header_template":"0","ocean_custom_logo":0,"ocean_custom_retina_logo":0,"ocean_custom_logo_max_width":0,"ocean_custom_logo_tablet_max_width":0,"ocean_custom_logo_mobile_max_width":0,"ocean_custom_logo_max_height":0,"ocean_custom_logo_tablet_max_height":0,"ocean_custom_logo_mobile_max_height":0,"ocean_header_custom_menu":"0","ocean_menu_typo_font_family":"0","ocean_menu_typo_font_subset":"","ocean_menu_typo_font_size":0,"ocean_menu_typo_font_size_tablet":0,"ocean_menu_typo_font_size_mobile":0,"ocean_menu_typo_font_size_unit":"px","ocean_menu_typo_font_weight":"","ocean_menu_typo_font_weight_tablet":"","ocean_menu_typo_font_weight_mobile":"","ocean_menu_typo_transform":"","ocean_menu_typo_transform_tablet":"","ocean_menu_typo_transform_mobile":"","ocean_menu_typo_line_height":0,"ocean_menu_typo_line_height_tablet":0,"ocean_menu_typo_line_height_mobile":0,"ocean_menu_typo_line_height_unit":"","ocean_menu_typo_spacing":0,"ocean_menu_typo_spacing_tablet":0,"ocean_menu_typo_spacing_mobile":0,"ocean_menu_typo_spacing_unit":"","ocean_menu_link_color":"","ocean_menu_link_color_hover":"","ocean_menu_link_color_active":"","ocean_menu_link_background":"","ocean_menu_link_hover_background":"","ocean_menu_link_active_background":"","ocean_menu_social_links_bg":"","ocean_menu_social_hover_links_bg":"","ocean_menu_social_links_color":"","ocean_menu_social_hover_links_color":"","ocean_disable_title":"default","ocean_disable_heading":"default","ocean_post_title":"","ocean_post_subheading":"","ocean_post_title_style":"","ocean_post_title_background_color":"","ocean_post_title_background":0,"ocean_post_title_bg_image_position":"","ocean_post_title_bg_image_attachment":"","ocean_post_title_bg_image_repeat":"","ocean_post_title_bg_image_size":"","ocean_post_title_height":0,"ocean_post_title_bg_overlay":0.5,"ocean_post_title_bg_overlay_color":"","ocean_disable_breadcrumbs":"default","ocean_breadcrumbs_color":"","ocean_breadcrumbs_separator_color":"","ocean_breadcrumbs_links_color":"","ocean_breadcrumbs_links_hover_color":"","ocean_display_footer_widgets":"default","ocean_display_footer_bottom":"default","ocean_custom_footer_template":"0"},"product_brand":[],"product_cat":[84,82],"product_tag":[124,113,112],"class_list":{"0":"post-1762","1":"product","2":"type-product","3":"status-publish","4":"has-post-thumbnail","6":"product_cat-kamuflaz-na-bron","7":"product_cat-pro-line","8":"product_tag-pro-line","9":"product_tag-rifle-camo-system","10":"product_tag-rifle-wrap","12":"entry","13":"has-media","15":"first","16":"onbackorder","17":"taxable","18":"shipping-taxable","19":"purchasable","20":"product-type-simple","21":"col","22":"span_1_of_3","23":"owp-content-center","24":"owp-thumbs-layout-horizontal","25":"owp-btn-normal","26":"owp-tabs-layout-section","27":"has-no-thumbnails"},"_links":{"self":[{"href":"https:\/\/sc-ghillie.pl\/en\/wp-json\/wp\/v2\/product\/1762","targetHints":{"allow":["GET"]}}],"collection":[{"href":"https:\/\/sc-ghillie.pl\/en\/wp-json\/wp\/v2\/product"}],"about":[{"href":"https:\/\/sc-ghillie.pl\/en\/wp-json\/wp\/v2\/types\/product"}],"replies":[{"embeddable":true,"href":"https:\/\/sc-ghillie.pl\/en\/wp-json\/wp\/v2\/comments?post=1762"}],"wp:featuredmedia":[{"embeddable":true,"href":"https:\/\/sc-ghillie.pl\/en\/wp-json\/wp\/v2\/media\/1763"}],"wp:attachment":[{"href":"https:\/\/sc-ghillie.pl\/en\/wp-json\/wp\/v2\/media?parent=1762"}],"wp:term":[{"taxonomy":"product_brand","embeddable":true,"href":"https:\/\/sc-ghillie.pl\/en\/wp-json\/wp\/v2\/product_brand?post=1762"},{"taxonomy":"product_cat","embeddable":true,"href":"https:\/\/sc-ghillie.pl\/en\/wp-json\/wp\/v2\/product_cat?post=1762"},{"taxonomy":"product_tag","embeddable":true,"href":"https:\/\/sc-ghillie.pl\/en\/wp-json\/wp\/v2\/product_tag?post=1762"}],"curies":[{"name":"wp","href":"https:\/\/api.w.org\/{rel}","templated":true}]}}