{"id":1662,"date":"2022-01-06T20:53:22","date_gmt":"2022-01-06T19:53:22","guid":{"rendered":"http:\/\/ghillie.wykreujemy.pl\/?post_type=product&#038;p=1662"},"modified":"2026-04-25T19:36:29","modified_gmt":"2026-04-25T17:36:29","slug":"nextgen-full-suit","status":"publish","type":"product","link":"https:\/\/sc-ghillie.pl\/en\/shop\/produkt\/nextgen-full-suit\/","title":{"rendered":"NEXTGEN FULL SUIT"},"content":{"rendered":"<p><strong>NextGen Full Suit<\/strong> Two-piece camouflage suit made in the NextGen technology. This is a over-size clothing and should be worn over outerwear as the last layer of your outdoor clothing.<\/p>\n<p><strong>Produkt sk\u0142ada si\u0119 z:<\/strong><\/p>\n<p><strong>-Wide anorak-style jacket.<\/strong> The jacket has a zipper that allows it to be unfastened to the chest area. The hood has two stoppers that allow it to be adapted to the currently worn headgear. The bottom of the jacket is tightened with two stoppers.<\/p>\n<p><strong>-Loose pants <\/strong>that the user can put on over the footwear. There are belt loops at the waist that allow you to adjust the pants to your figure with any belt.<\/p>\n<p><strong>Base fabric<\/strong> - 100% polyester mesh.<\/p>\n<p><strong>3D foliage materials <\/strong>- Halo Screen, Nano Screen, Raffia, other 3D elements.<\/p>\n<p class=\"translation-block\"><strong>Attention!<\/strong> The suit is made to order only. Please enter all dimensions in the product card. In case of any doubts about your sizing chart, we will contact you before starting the order realization.<\/p>\n<p><b>What is NextGen?\u00a0<\/b><\/p>\n<p class=\"translation-block\">Masking from the NextGen line is a completely new direction in the world of masking systems. We based our new products on HALO SCREEN technology.\n\nHALO SCREEN is a revolutionary technology of personal masking. The system allows you to create ultra-light modular masks that have high adaptive properties in a diverse environment.<\/p>\n<p><b>Properties of HALO SCREEN:<\/b><\/p>\n<ul class=\"ul1\">\n<li class=\"li2\"><span class=\"s2\">The mask is ready for use after being pulled out of the box<\/span><\/li>\n<li class=\"li2\"><span class=\"s2\">High resistance to extremely adverse weather conditions<\/span><\/li>\n<li class=\"li2\"><span class=\"s2\">High resistance to mechanical damage<\/span><\/li>\n<li class=\"li2\"><span class=\"s2\">Small volume after compressing<\/span><\/li>\n<li class=\"li2\"><span class=\"s2\">Works in nIR\u00a0<\/span><\/li>\n<\/ul>","protected":false},"excerpt":{"rendered":"<p>NextGen Full Suit \u2013 Dwucz\u0119\u015bciowy str\u00f3j maskuj\u0105cy wykonany w technologii NextGen. Jest to str\u00f3j w typie maska\u0142atu, nale\u017cy go nosi\u0107 na odzie\u017c wierzchni\u0105 jako ostatni\u0105 warstw\u0119 odzie\u017cy w terenie. Produkt sk\u0142ada si\u0119 z: -Obszernej kurtki w typie anorak. Kurtka posiada suwak pozwalaj\u0105cy rozpi\u0105\u0107 j\u0105 do okolic klatki piersiowej. Kaptur posiada \u015bci\u0105gacze pozwalaj\u0105ce dostosowa\u0107 go do [&hellip;]<\/p>\n","protected":false},"featured_media":1664,"comment_status":"open","ping_status":"closed","template":"","meta":{"ocean_post_layout":"","ocean_both_sidebars_style":"","ocean_both_sidebars_content_width":0,"ocean_both_sidebars_sidebars_width":0,"ocean_sidebar":"0","ocean_second_sidebar":"0","ocean_disable_margins":"enable","ocean_add_body_class":"","ocean_shortcode_before_top_bar":"","ocean_shortcode_after_top_bar":"","ocean_shortcode_before_header":"","ocean_shortcode_after_header":"","ocean_has_shortcode":"","ocean_shortcode_after_title":"","ocean_shortcode_before_footer_widgets":"","ocean_shortcode_after_footer_widgets":"","ocean_shortcode_before_footer_bottom":"","ocean_shortcode_after_footer_bottom":"","ocean_display_top_bar":"default","ocean_display_header":"default","ocean_header_style":"","ocean_center_header_left_menu":"0","ocean_custom_header_template":"0","ocean_custom_logo":0,"ocean_custom_retina_logo":0,"ocean_custom_logo_max_width":0,"ocean_custom_logo_tablet_max_width":0,"ocean_custom_logo_mobile_max_width":0,"ocean_custom_logo_max_height":0,"ocean_custom_logo_tablet_max_height":0,"ocean_custom_logo_mobile_max_height":0,"ocean_header_custom_menu":"0","ocean_menu_typo_font_family":"0","ocean_menu_typo_font_subset":"","ocean_menu_typo_font_size":0,"ocean_menu_typo_font_size_tablet":0,"ocean_menu_typo_font_size_mobile":0,"ocean_menu_typo_font_size_unit":"px","ocean_menu_typo_font_weight":"","ocean_menu_typo_font_weight_tablet":"","ocean_menu_typo_font_weight_mobile":"","ocean_menu_typo_transform":"","ocean_menu_typo_transform_tablet":"","ocean_menu_typo_transform_mobile":"","ocean_menu_typo_line_height":0,"ocean_menu_typo_line_height_tablet":0,"ocean_menu_typo_line_height_mobile":0,"ocean_menu_typo_line_height_unit":"","ocean_menu_typo_spacing":0,"ocean_menu_typo_spacing_tablet":0,"ocean_menu_typo_spacing_mobile":0,"ocean_menu_typo_spacing_unit":"","ocean_menu_link_color":"","ocean_menu_link_color_hover":"","ocean_menu_link_color_active":"","ocean_menu_link_background":"","ocean_menu_link_hover_background":"","ocean_menu_link_active_background":"","ocean_menu_social_links_bg":"","ocean_menu_social_hover_links_bg":"","ocean_menu_social_links_color":"","ocean_menu_social_hover_links_color":"","ocean_disable_title":"default","ocean_disable_heading":"default","ocean_post_title":"","ocean_post_subheading":"","ocean_post_title_style":"","ocean_post_title_background_color":"","ocean_post_title_background":0,"ocean_post_title_bg_image_position":"","ocean_post_title_bg_image_attachment":"","ocean_post_title_bg_image_repeat":"","ocean_post_title_bg_image_size":"","ocean_post_title_height":0,"ocean_post_title_bg_overlay":0.5,"ocean_post_title_bg_overlay_color":"","ocean_disable_breadcrumbs":"default","ocean_breadcrumbs_color":"","ocean_breadcrumbs_separator_color":"","ocean_breadcrumbs_links_color":"","ocean_breadcrumbs_links_hover_color":"","ocean_display_footer_widgets":"default","ocean_display_footer_bottom":"default","ocean_custom_footer_template":"0"},"product_brand":[],"product_cat":[86,87],"product_tag":[123,106,108,114],"class_list":{"0":"post-1662","1":"product","2":"type-product","3":"status-publish","4":"has-post-thumbnail","6":"product_cat-nextgen","7":"product_cat-stroje-ghillie-nextgen","8":"product_tag-full-suit","9":"product_tag-halo-screen","10":"product_tag-nano-screen","11":"product_tag-nextgen","13":"entry","14":"has-media","16":"first","17":"onbackorder","18":"taxable","19":"shipping-taxable","20":"purchasable","21":"product-type-simple","22":"col","23":"span_1_of_3","24":"owp-content-center","25":"owp-thumbs-layout-horizontal","26":"owp-btn-normal","27":"owp-tabs-layout-section"},"_links":{"self":[{"href":"https:\/\/sc-ghillie.pl\/en\/wp-json\/wp\/v2\/product\/1662","targetHints":{"allow":["GET"]}}],"collection":[{"href":"https:\/\/sc-ghillie.pl\/en\/wp-json\/wp\/v2\/product"}],"about":[{"href":"https:\/\/sc-ghillie.pl\/en\/wp-json\/wp\/v2\/types\/product"}],"replies":[{"embeddable":true,"href":"https:\/\/sc-ghillie.pl\/en\/wp-json\/wp\/v2\/comments?post=1662"}],"wp:featuredmedia":[{"embeddable":true,"href":"https:\/\/sc-ghillie.pl\/en\/wp-json\/wp\/v2\/media\/1664"}],"wp:attachment":[{"href":"https:\/\/sc-ghillie.pl\/en\/wp-json\/wp\/v2\/media?parent=1662"}],"wp:term":[{"taxonomy":"product_brand","embeddable":true,"href":"https:\/\/sc-ghillie.pl\/en\/wp-json\/wp\/v2\/product_brand?post=1662"},{"taxonomy":"product_cat","embeddable":true,"href":"https:\/\/sc-ghillie.pl\/en\/wp-json\/wp\/v2\/product_cat?post=1662"},{"taxonomy":"product_tag","embeddable":true,"href":"https:\/\/sc-ghillie.pl\/en\/wp-json\/wp\/v2\/product_tag?post=1662"}],"curies":[{"name":"wp","href":"https:\/\/api.w.org\/{rel}","templated":true}]}}