{"id":1649,"date":"2022-01-06T19:33:49","date_gmt":"2022-01-06T18:33:49","guid":{"rendered":"http:\/\/ghillie.wykreujemy.pl\/?post_type=product&#038;p=1649"},"modified":"2026-01-15T17:12:05","modified_gmt":"2026-01-15T16:12:05","slug":"nextgen-sniper-boonie-sfmod","status":"publish","type":"product","link":"https:\/\/sc-ghillie.pl\/en\/shop\/produkt\/nextgen-sniper-boonie-sfmod\/","title":{"rendered":"NEXTGEN SNIPER BOONIE (SF MOD)"},"content":{"rendered":"<p><strong>NextGen Sniper Boonie (SF MOD) \u2013 <\/strong>Sniper hat made in NextGen technology. \nIt allows you to effectively break the shape of the head and shoulders with minimum weight and maximum comfort of use. The entire surface of the hat has a paracord webbing sewn in, which allows you to quickly add local vegetation.<\/p>\n<p><b>What is NextGen?\u00a0<\/b><\/p>\n<p class=\"translation-block\">Masking from the NextGen line is a completely new direction in the world of masking systems. We based our new products on HALO SCREEN technology.\n\nHALO SCREEN is a revolutionary technology of personal masking. The system allows you to create ultra-light modular masks that have high adaptive properties in a diverse environment.<\/p>\n<p><b>Properties of HALO SCREEN:<\/b><\/p>\n<ul class=\"ul1\">\n<li class=\"li2\"><span class=\"s2\">The mask is ready for use after being pulled out of the box<\/span><\/li>\n<li class=\"li2\"><span class=\"s2\">High resistance to extremely adverse weather conditions<\/span><\/li>\n<li class=\"li2\"><span class=\"s2\">High resistance to mechanical damage<\/span><\/li>\n<li class=\"li2\"><span class=\"s2\">Small volume after compressing<\/span><\/li>\n<li class=\"li2\"><span class=\"s2\">Works in nIR\u00a0<\/span><\/li>\n<\/ul>","protected":false},"excerpt":{"rendered":"<p>NextGen Sniper Boonie (SF MOD) \u2013 Kapelusz snajperski wykonany w technologii NextGen. Pozwala na skuteczne rozbicie g\u0142owy oraz bark\u00f3w przy minimalnej wadze oraz maksymalnym komforcie u\u017cytkowania. Na kapelusz zosta\u0142a naszyta kratka z paracordu, kt\u00f3ra umo\u017cliwia szybkie do\u0142o\u017cenie lokalnej ro\u015blinno\u015bci. W denku znajduje si\u0119 panel wentylacyjny, dzi\u0119ki kt\u00f3remu kapelusz jest odpowiednio przewiewny. Produkt mo\u017cna u\u017cytkowa\u0107 samodzielnie, [&hellip;]<\/p>\n","protected":false},"featured_media":4392,"comment_status":"open","ping_status":"closed","template":"","meta":{"ocean_post_layout":"","ocean_both_sidebars_style":"","ocean_both_sidebars_content_width":0,"ocean_both_sidebars_sidebars_width":0,"ocean_sidebar":"0","ocean_second_sidebar":"0","ocean_disable_margins":"enable","ocean_add_body_class":"","ocean_shortcode_before_top_bar":"","ocean_shortcode_after_top_bar":"","ocean_shortcode_before_header":"","ocean_shortcode_after_header":"","ocean_has_shortcode":"","ocean_shortcode_after_title":"","ocean_shortcode_before_footer_widgets":"","ocean_shortcode_after_footer_widgets":"","ocean_shortcode_before_footer_bottom":"","ocean_shortcode_after_footer_bottom":"","ocean_display_top_bar":"default","ocean_display_header":"default","ocean_header_style":"","ocean_center_header_left_menu":"0","ocean_custom_header_template":"0","ocean_custom_logo":0,"ocean_custom_retina_logo":0,"ocean_custom_logo_max_width":0,"ocean_custom_logo_tablet_max_width":0,"ocean_custom_logo_mobile_max_width":0,"ocean_custom_logo_max_height":0,"ocean_custom_logo_tablet_max_height":0,"ocean_custom_logo_mobile_max_height":0,"ocean_header_custom_menu":"0","ocean_menu_typo_font_family":"0","ocean_menu_typo_font_subset":"","ocean_menu_typo_font_size":0,"ocean_menu_typo_font_size_tablet":0,"ocean_menu_typo_font_size_mobile":0,"ocean_menu_typo_font_size_unit":"px","ocean_menu_typo_font_weight":"","ocean_menu_typo_font_weight_tablet":"","ocean_menu_typo_font_weight_mobile":"","ocean_menu_typo_transform":"","ocean_menu_typo_transform_tablet":"","ocean_menu_typo_transform_mobile":"","ocean_menu_typo_line_height":0,"ocean_menu_typo_line_height_tablet":0,"ocean_menu_typo_line_height_mobile":0,"ocean_menu_typo_line_height_unit":"","ocean_menu_typo_spacing":0,"ocean_menu_typo_spacing_tablet":0,"ocean_menu_typo_spacing_mobile":0,"ocean_menu_typo_spacing_unit":"","ocean_menu_link_color":"","ocean_menu_link_color_hover":"","ocean_menu_link_color_active":"","ocean_menu_link_background":"","ocean_menu_link_hover_background":"","ocean_menu_link_active_background":"","ocean_menu_social_links_bg":"","ocean_menu_social_hover_links_bg":"","ocean_menu_social_links_color":"","ocean_menu_social_hover_links_color":"","ocean_disable_title":"default","ocean_disable_heading":"default","ocean_post_title":"","ocean_post_subheading":"","ocean_post_title_style":"","ocean_post_title_background_color":"","ocean_post_title_background":0,"ocean_post_title_bg_image_position":"","ocean_post_title_bg_image_attachment":"","ocean_post_title_bg_image_repeat":"","ocean_post_title_bg_image_size":"","ocean_post_title_height":0,"ocean_post_title_bg_overlay":0.5,"ocean_post_title_bg_overlay_color":"","ocean_disable_breadcrumbs":"default","ocean_breadcrumbs_color":"","ocean_breadcrumbs_separator_color":"","ocean_breadcrumbs_links_color":"","ocean_breadcrumbs_links_hover_color":"","ocean_display_footer_widgets":"default","ocean_display_footer_bottom":"default","ocean_custom_footer_template":"0"},"product_brand":[],"product_cat":[103,89,99,86],"product_tag":[120,122,106,108,114,121],"class_list":{"0":"post-1649","1":"product","2":"type-product","3":"status-publish","4":"has-post-thumbnail","6":"product_cat-kapelusze","7":"product_cat-nakrycia-glowy-nextgen","8":"product_cat-nakrycia-glowy-2","9":"product_cat-nextgen","10":"product_tag-boonie-hat","11":"product_tag-commando-boonie","12":"product_tag-halo-screen","13":"product_tag-nano-screen","14":"product_tag-nextgen","15":"product_tag-sniper-boonie","17":"entry","18":"has-media","20":"first","21":"onbackorder","22":"taxable","23":"shipping-taxable","24":"purchasable","25":"product-type-simple","26":"col","27":"span_1_of_3","28":"owp-content-center","29":"owp-thumbs-layout-horizontal","30":"owp-btn-normal","31":"owp-tabs-layout-section"},"_links":{"self":[{"href":"https:\/\/sc-ghillie.pl\/en\/wp-json\/wp\/v2\/product\/1649","targetHints":{"allow":["GET"]}}],"collection":[{"href":"https:\/\/sc-ghillie.pl\/en\/wp-json\/wp\/v2\/product"}],"about":[{"href":"https:\/\/sc-ghillie.pl\/en\/wp-json\/wp\/v2\/types\/product"}],"replies":[{"embeddable":true,"href":"https:\/\/sc-ghillie.pl\/en\/wp-json\/wp\/v2\/comments?post=1649"}],"wp:featuredmedia":[{"embeddable":true,"href":"https:\/\/sc-ghillie.pl\/en\/wp-json\/wp\/v2\/media\/4392"}],"wp:attachment":[{"href":"https:\/\/sc-ghillie.pl\/en\/wp-json\/wp\/v2\/media?parent=1649"}],"wp:term":[{"taxonomy":"product_brand","embeddable":true,"href":"https:\/\/sc-ghillie.pl\/en\/wp-json\/wp\/v2\/product_brand?post=1649"},{"taxonomy":"product_cat","embeddable":true,"href":"https:\/\/sc-ghillie.pl\/en\/wp-json\/wp\/v2\/product_cat?post=1649"},{"taxonomy":"product_tag","embeddable":true,"href":"https:\/\/sc-ghillie.pl\/en\/wp-json\/wp\/v2\/product_tag?post=1649"}],"curies":[{"name":"wp","href":"https:\/\/api.w.org\/{rel}","templated":true}]}}