{"id":1622,"date":"2022-01-06T16:55:12","date_gmt":"2022-01-06T15:55:12","guid":{"rendered":"http:\/\/ghillie.wykreujemy.pl\/?post_type=product&#038;p=1622"},"modified":"2026-04-07T20:01:43","modified_gmt":"2026-04-07T18:01:43","slug":"nextgen-viper-cape-v2","status":"publish","type":"product","link":"https:\/\/sc-ghillie.pl\/en\/shop\/produkt\/nextgen-viper-cape-v2\/","title":{"rendered":"NEXTGEN VIPER CAPE V2"},"content":{"rendered":"<p class=\"p1 translation-block\">Viper Cape V2 from the NextGen line is a back extenstion to Viper Hood Long Sleeve which we have developed based on the HALO SCREEN technology. Viper Cape V2 isn't a independent camouflage system. You must have a Viper Hood to use Viper Cape V2.\n\nIt is an ideal solution for those seeking maximum effective personal masking. The outfit, thanks to its breathable construction and low weight, will ensure high comfort of use, regardless of the personal equipment being carried.<\/p>\n<p><b>What is NextGen?\u00a0<\/b><\/p>\n<p class=\"translation-block\">Masking from the NextGen line is a completely new direction in the world of masking systems. We based our new products on HALO SCREEN technology.\n\nHALO SCREEN is a revolutionary technology of personal masking. The system allows you to create ultra-light modular masks that have high adaptive properties in a diverse environment.<\/p>\n<p><b>Properties of HALO SCREEN:<\/b><\/p>\n<ul class=\"ul1\">\n<li class=\"li2\"><span class=\"s2\">The mask is ready for use after being pulled out of the box<\/span><\/li>\n<li class=\"li2\"><span class=\"s2\">High resistance to extremely adverse weather conditions<\/span><\/li>\n<li class=\"li2\"><span class=\"s2\">High resistance to mechanical damage<\/span><\/li>\n<li class=\"li2\"><span class=\"s2\">Small volume after compressing<\/span><\/li>\n<li class=\"li2\"><span class=\"s2\">Works in nIR\u00a0<\/span><\/li>\n<\/ul>","protected":false},"excerpt":{"rendered":"<p>Viper Cape V2\u00a0z linii\u00a0NextGen to tylny panel do Viper Hood kt\u00f3ry opracowali\u015bmy w oparciu o technologi\u0119 HALO SCREEN.\u00a0Jest to idealne rozwi\u0105zanie dla os\u00f3b poszukuj\u0105cych maksymalnie efektywnego maskowania osobistego. Str\u00f3j dzi\u0119ki swojej przewiewnej konstrukcji oraz niskiej wadze zapewni wysoki komfort u\u017cytkowania niezale\u017cnie od przenosznego wyposa\u017cenia osobistego. Czym jest NextGen?\u00a0 Maskowania z linii NextGen to zupe\u0142nie nowy [&hellip;]<\/p>\n","protected":false},"featured_media":3526,"comment_status":"open","ping_status":"closed","template":"","meta":{"ocean_post_layout":"","ocean_both_sidebars_style":"","ocean_both_sidebars_content_width":0,"ocean_both_sidebars_sidebars_width":0,"ocean_sidebar":"0","ocean_second_sidebar":"0","ocean_disable_margins":"enable","ocean_add_body_class":"","ocean_shortcode_before_top_bar":"","ocean_shortcode_after_top_bar":"","ocean_shortcode_before_header":"","ocean_shortcode_after_header":"","ocean_has_shortcode":"","ocean_shortcode_after_title":"","ocean_shortcode_before_footer_widgets":"","ocean_shortcode_after_footer_widgets":"","ocean_shortcode_before_footer_bottom":"","ocean_shortcode_after_footer_bottom":"","ocean_display_top_bar":"default","ocean_display_header":"default","ocean_header_style":"","ocean_center_header_left_menu":"0","ocean_custom_header_template":"0","ocean_custom_logo":0,"ocean_custom_retina_logo":0,"ocean_custom_logo_max_width":0,"ocean_custom_logo_tablet_max_width":0,"ocean_custom_logo_mobile_max_width":0,"ocean_custom_logo_max_height":0,"ocean_custom_logo_tablet_max_height":0,"ocean_custom_logo_mobile_max_height":0,"ocean_header_custom_menu":"0","ocean_menu_typo_font_family":"0","ocean_menu_typo_font_subset":"","ocean_menu_typo_font_size":0,"ocean_menu_typo_font_size_tablet":0,"ocean_menu_typo_font_size_mobile":0,"ocean_menu_typo_font_size_unit":"px","ocean_menu_typo_font_weight":"","ocean_menu_typo_font_weight_tablet":"","ocean_menu_typo_font_weight_mobile":"","ocean_menu_typo_transform":"","ocean_menu_typo_transform_tablet":"","ocean_menu_typo_transform_mobile":"","ocean_menu_typo_line_height":0,"ocean_menu_typo_line_height_tablet":0,"ocean_menu_typo_line_height_mobile":0,"ocean_menu_typo_line_height_unit":"","ocean_menu_typo_spacing":0,"ocean_menu_typo_spacing_tablet":0,"ocean_menu_typo_spacing_mobile":0,"ocean_menu_typo_spacing_unit":"","ocean_menu_link_color":"","ocean_menu_link_color_hover":"","ocean_menu_link_color_active":"","ocean_menu_link_background":"","ocean_menu_link_hover_background":"","ocean_menu_link_active_background":"","ocean_menu_social_links_bg":"","ocean_menu_social_hover_links_bg":"","ocean_menu_social_links_color":"","ocean_menu_social_hover_links_color":"","ocean_disable_title":"default","ocean_disable_heading":"default","ocean_post_title":"","ocean_post_subheading":"","ocean_post_title_style":"","ocean_post_title_background_color":"","ocean_post_title_background":0,"ocean_post_title_bg_image_position":"","ocean_post_title_bg_image_attachment":"","ocean_post_title_bg_image_repeat":"","ocean_post_title_bg_image_size":"","ocean_post_title_height":0,"ocean_post_title_bg_overlay":0.5,"ocean_post_title_bg_overlay_color":"","ocean_disable_breadcrumbs":"default","ocean_breadcrumbs_color":"","ocean_breadcrumbs_separator_color":"","ocean_breadcrumbs_links_color":"","ocean_breadcrumbs_links_hover_color":"","ocean_display_footer_widgets":"default","ocean_display_footer_bottom":"default","ocean_custom_footer_template":"0"},"product_brand":[],"product_cat":[86,87],"product_tag":[115,116,106,108,114,117],"class_list":{"0":"post-1622","1":"product","2":"type-product","3":"status-publish","4":"has-post-thumbnail","6":"product_cat-nextgen","7":"product_cat-stroje-ghillie-nextgen","8":"product_tag-cobra-suit","9":"product_tag-ghillie-vest","10":"product_tag-halo-screen","11":"product_tag-nano-screen","12":"product_tag-nextgen","13":"product_tag-viper-hood","15":"entry","16":"has-media","18":"first","19":"onbackorder","20":"taxable","21":"shipping-taxable","22":"purchasable","23":"product-type-simple","24":"col","25":"span_1_of_3","26":"owp-content-center","27":"owp-thumbs-layout-horizontal","28":"owp-btn-normal","29":"owp-tabs-layout-section"},"_links":{"self":[{"href":"https:\/\/sc-ghillie.pl\/en\/wp-json\/wp\/v2\/product\/1622","targetHints":{"allow":["GET"]}}],"collection":[{"href":"https:\/\/sc-ghillie.pl\/en\/wp-json\/wp\/v2\/product"}],"about":[{"href":"https:\/\/sc-ghillie.pl\/en\/wp-json\/wp\/v2\/types\/product"}],"replies":[{"embeddable":true,"href":"https:\/\/sc-ghillie.pl\/en\/wp-json\/wp\/v2\/comments?post=1622"}],"wp:featuredmedia":[{"embeddable":true,"href":"https:\/\/sc-ghillie.pl\/en\/wp-json\/wp\/v2\/media\/3526"}],"wp:attachment":[{"href":"https:\/\/sc-ghillie.pl\/en\/wp-json\/wp\/v2\/media?parent=1622"}],"wp:term":[{"taxonomy":"product_brand","embeddable":true,"href":"https:\/\/sc-ghillie.pl\/en\/wp-json\/wp\/v2\/product_brand?post=1622"},{"taxonomy":"product_cat","embeddable":true,"href":"https:\/\/sc-ghillie.pl\/en\/wp-json\/wp\/v2\/product_cat?post=1622"},{"taxonomy":"product_tag","embeddable":true,"href":"https:\/\/sc-ghillie.pl\/en\/wp-json\/wp\/v2\/product_tag?post=1622"}],"curies":[{"name":"wp","href":"https:\/\/api.w.org\/{rel}","templated":true}]}}