{"id":1605,"date":"2022-08-01T13:41:25","date_gmt":"2022-08-01T11:41:25","guid":{"rendered":"http:\/\/ghillie.wykreujemy.pl\/?post_type=product&#038;p=1605"},"modified":"2026-03-30T14:03:15","modified_gmt":"2026-03-30T12:03:15","slug":"scg-modular-bungee-cam","status":"publish","type":"product","link":"https:\/\/sc-ghillie.pl\/en\/shop\/produkt\/scg-modular-bungee-cam\/","title":{"rendered":"SCG.MODULAR BUNGEE CAM"},"content":{"rendered":"<p><strong>Product available at Oakmaster store \/ Produkt dost\u0119pny w sklepie Oakmaster:<\/strong><\/p>\n<p><span style=\"color: #008000;\"><a style=\"color: #008000;\" href=\"https:\/\/en.oakmaster.pro\/\">https:\/\/en.oakmaster.pro\/<\/a><\/p>\n<p><\/span><strong>Moudlar Bungee Cam (MDC)<\/strong><\/p>\n<p>The bungee cam is a 3d rifle concealment solution that does not cover-up lasers, cameras, flashlights and other devices installed on the rifle. It is suited for old school rifles as well as modern rifles with rails.<strong>.\u00a0<\/strong>It will fit handguards, barrels, scopes, stocks and even magazines. Every 3d element is mobile and adjustable to configurate optimal concealment without obstruction. 3d elements are made of HaloScreen and NanoScreen. The MDC system can also be applied to cameras, backpacks and other sorts of gear requiring  rapid and removable 3d camouflage protection.<\/p>\n<p><strong>Content:<\/strong><\/p>\n<ul>\n<li><strong>1 x\u00a0 100 cm Bungee<\/strong><\/li>\n<li><strong>2 x 75 cm Bungee<\/strong><\/li>\n<li><strong>2 x 18 cm Bungee<\/strong><\/li>\n<\/ul>","protected":false},"excerpt":{"rendered":"<p>Product available at Oakmaster store \/ Produkt dost\u0119pny w sklepie Oakmaster: https:\/\/en.oakmaster.pro\/ Moudlar Bungee Cam (MDC) Bungee Cam to rozwi\u0105zanie maskuj\u0105ce 3D dla karabin\u00f3w kt\u00f3re nie przeszkadza w u\u017cytkowaniu laser\u00f3w, optyki, latarek i innych urz\u0105dze\u0144 zamontowanych na karabinie.\u00a0Produkt ten pasuje zar\u00f3wno do klasycznych konstrukcji, jak te\u017c do nowoczesnych karabin\u00f3w z szynami monta\u017cowymi. Poszczeg\u00f3lnymi elementami Bungee [&hellip;]<\/p>\n","protected":false},"featured_media":1606,"comment_status":"open","ping_status":"closed","template":"","meta":{"ocean_post_layout":"","ocean_both_sidebars_style":"","ocean_both_sidebars_content_width":0,"ocean_both_sidebars_sidebars_width":0,"ocean_sidebar":"0","ocean_second_sidebar":"0","ocean_disable_margins":"enable","ocean_add_body_class":"","ocean_shortcode_before_top_bar":"","ocean_shortcode_after_top_bar":"","ocean_shortcode_before_header":"","ocean_shortcode_after_header":"","ocean_has_shortcode":"","ocean_shortcode_after_title":"","ocean_shortcode_before_footer_widgets":"","ocean_shortcode_after_footer_widgets":"","ocean_shortcode_before_footer_bottom":"","ocean_shortcode_after_footer_bottom":"","ocean_display_top_bar":"default","ocean_display_header":"default","ocean_header_style":"","ocean_center_header_left_menu":"0","ocean_custom_header_template":"0","ocean_custom_logo":0,"ocean_custom_retina_logo":0,"ocean_custom_logo_max_width":0,"ocean_custom_logo_tablet_max_width":0,"ocean_custom_logo_mobile_max_width":0,"ocean_custom_logo_max_height":0,"ocean_custom_logo_tablet_max_height":0,"ocean_custom_logo_mobile_max_height":0,"ocean_header_custom_menu":"0","ocean_menu_typo_font_family":"0","ocean_menu_typo_font_subset":"","ocean_menu_typo_font_size":0,"ocean_menu_typo_font_size_tablet":0,"ocean_menu_typo_font_size_mobile":0,"ocean_menu_typo_font_size_unit":"px","ocean_menu_typo_font_weight":"","ocean_menu_typo_font_weight_tablet":"","ocean_menu_typo_font_weight_mobile":"","ocean_menu_typo_transform":"","ocean_menu_typo_transform_tablet":"","ocean_menu_typo_transform_mobile":"","ocean_menu_typo_line_height":0,"ocean_menu_typo_line_height_tablet":0,"ocean_menu_typo_line_height_mobile":0,"ocean_menu_typo_line_height_unit":"","ocean_menu_typo_spacing":0,"ocean_menu_typo_spacing_tablet":0,"ocean_menu_typo_spacing_mobile":0,"ocean_menu_typo_spacing_unit":"","ocean_menu_link_color":"","ocean_menu_link_color_hover":"","ocean_menu_link_color_active":"","ocean_menu_link_background":"","ocean_menu_link_hover_background":"","ocean_menu_link_active_background":"","ocean_menu_social_links_bg":"","ocean_menu_social_hover_links_bg":"","ocean_menu_social_links_color":"","ocean_menu_social_hover_links_color":"","ocean_disable_title":"default","ocean_disable_heading":"default","ocean_post_title":"","ocean_post_subheading":"","ocean_post_title_style":"","ocean_post_title_background_color":"","ocean_post_title_background":0,"ocean_post_title_bg_image_position":"","ocean_post_title_bg_image_attachment":"","ocean_post_title_bg_image_repeat":"","ocean_post_title_bg_image_size":"","ocean_post_title_height":0,"ocean_post_title_bg_overlay":0.5,"ocean_post_title_bg_overlay_color":"","ocean_disable_breadcrumbs":"default","ocean_breadcrumbs_color":"","ocean_breadcrumbs_separator_color":"","ocean_breadcrumbs_links_color":"","ocean_breadcrumbs_links_hover_color":"","ocean_display_footer_widgets":"default","ocean_display_footer_bottom":"default","ocean_custom_footer_template":"0"},"product_brand":[],"product_cat":[92,107,90],"product_tag":[106,111,110,108,113,112],"class_list":{"0":"post-1605","1":"product","2":"type-product","3":"status-publish","4":"has-post-thumbnail","6":"product_cat-kamuflaz-na-bron-oakmaster-3d","7":"product_cat-le-covert-sartorialist","8":"product_cat-oakmaster-3d","9":"product_tag-halo-screen","10":"product_tag-mdc","11":"product_tag-modular-bungee-cam","12":"product_tag-nano-screen","13":"product_tag-rifle-camo-system","14":"product_tag-rifle-wrap","16":"entry","17":"has-media","19":"first","20":"outofstock","21":"sale","22":"taxable","23":"shipping-taxable","24":"purchasable","25":"product-type-simple","26":"col","27":"span_1_of_3","28":"owp-content-center","29":"owp-thumbs-layout-horizontal","30":"owp-btn-normal","31":"owp-tabs-layout-section"},"_links":{"self":[{"href":"https:\/\/sc-ghillie.pl\/en\/wp-json\/wp\/v2\/product\/1605","targetHints":{"allow":["GET"]}}],"collection":[{"href":"https:\/\/sc-ghillie.pl\/en\/wp-json\/wp\/v2\/product"}],"about":[{"href":"https:\/\/sc-ghillie.pl\/en\/wp-json\/wp\/v2\/types\/product"}],"replies":[{"embeddable":true,"href":"https:\/\/sc-ghillie.pl\/en\/wp-json\/wp\/v2\/comments?post=1605"}],"wp:featuredmedia":[{"embeddable":true,"href":"https:\/\/sc-ghillie.pl\/en\/wp-json\/wp\/v2\/media\/1606"}],"wp:attachment":[{"href":"https:\/\/sc-ghillie.pl\/en\/wp-json\/wp\/v2\/media?parent=1605"}],"wp:term":[{"taxonomy":"product_brand","embeddable":true,"href":"https:\/\/sc-ghillie.pl\/en\/wp-json\/wp\/v2\/product_brand?post=1605"},{"taxonomy":"product_cat","embeddable":true,"href":"https:\/\/sc-ghillie.pl\/en\/wp-json\/wp\/v2\/product_cat?post=1605"},{"taxonomy":"product_tag","embeddable":true,"href":"https:\/\/sc-ghillie.pl\/en\/wp-json\/wp\/v2\/product_tag?post=1605"}],"curies":[{"name":"wp","href":"https:\/\/api.w.org\/{rel}","templated":true}]}}