{"id":2020,"date":"2022-02-23T18:58:57","date_gmt":"2022-02-23T17:58:57","guid":{"rendered":"http:\/\/ghillie.wykreujemy.pl\/?page_id=2020"},"modified":"2022-02-23T18:58:57","modified_gmt":"2022-02-23T17:58:57","slug":"regulamin-newslettera","status":"publish","type":"page","link":"https:\/\/sc-ghillie.pl\/en\/regulamin-newslettera\/","title":{"rendered":"Regulamin Newslettera"},"content":{"rendered":"<h1 class=\"center clearfix\">Regulamin newslettera<\/h1>\n\n<p class=\"center\">\n    sklepu sc-ghillie.pl<\/p>\n\n<br><br>\n<p class=\"center\">\n    <strong>Postanowienia dotycz\u0105ce Przedsi\u0119biorcy uprzywilejowanego maj\u0105 zastosowanie do um\u00f3w zawartych od dnia 1 stycznia 2021 r.<\/strong>\n<\/p>\n<br><br>\n\n<p>\n    <b>SPIS TRE\u015aCI<\/b><br>\n    <b>\u00a7 1<\/b> Definicje<br>\n    <b>\u00a7 2<\/b> Newsletter<br>\n    <b>\u00a7 3<\/b> Reklamacje<br>\n    <b>\u00a7 4<\/b> Dane osobowe<br>\n    <b>\u00a7 5<\/b> Postanowienia ko\u0144cowe\n<\/p>\n\n<h2>\u00a7 1 DEFINICJE<\/h2>\n\n<b>Konsument<\/b> \u2013 konsument w rozumieniu przepis\u00f3w Kodeksu cywilnego.<br>\n<b>Newsletter<\/b> \u2013 nieodp\u0142atnie \u015bwiadczona drog\u0105 elektroniczn\u0105 us\u0142uga, dzi\u0119ki kt\u00f3rej Us\u0142ugobiorca mo\u017ce otrzymywa\u0107 od Us\u0142ugodawcy drog\u0105 elektroniczn\u0105 uprzednio zam\u00f3wione wiadomo\u015bci dotycz\u0105ce Sklepu, w tym informacje o ofertach, promocjach oraz nowo\u015bciach w Sklepie.\n<br>\n<b>Przedsi\u0119biorca uprzywilejowany<\/b>\u202f- osoba fizyczna zawieraj\u0105ca z\u202fUs\u0142ugodawc\u0105\u202fumow\u0119\u202fbezpo\u015brednio zwi\u0105zan\u0105 z jej dzia\u0142alno\u015bci\u0105\u202fgospodarcz\u0105,\u202fale\u202fnieposiadaj\u0105c\u0105 dla niej charakteru zawodowego\u202f(definicja obowi\u0105zuje\u202fdla um\u00f3w zawartych\u202fod\u202fdnia 1 stycznia 2021 r.).\u202f<br>\n<b>Shop<\/b> \u2013 sklep internetowy sc-ghillie.pl prowadzony przez Us\u0142ugodawc\u0119 pod adresem sc-ghillie.pl<br>\n<b>Us\u0142ugobiorca<\/b> &#8211; ka\u017cdy podmiot korzystaj\u0105cy z us\u0142ugi Newsletter. <br>\n<b>Us\u0142ugobiorca\u202fuprzywilejowany\u202f<\/b> \u2013 Konsument lub Przedsi\u0119biorca uprzywilejowany.\u202f <br>\n<b>Us\u0142ugodawca<\/b> &#8211; Kamil G\u0142adysz, \n    przedsi\u0119biorca prowadz\u0105cy dzia\u0142alno\u015b\u0107 gospodarcz\u0105 pod firm\u0105 \n    Profesjonalne Systemy Maskuj\u0105ce SC-GHILLIE Kamil G\u0142adysz,\n    wpisany do Centralnej Ewidencji i Informacji o Dzia\u0142alno\u015bci Gospodarczej \n    prowadzonej przez ministra w\u0142a\u015bciwego do spraw gospodarki i prowadzenia \n    Centralnej Ewidencji i Informacji o Dzia\u0142alno\u015bci Gospodarczej, NIP \n    5732821704, \n        nr REGON 360689824,\n    Jana D\u0142ugosza 142, 42-233 Borowno. <br>\n\n<h2>\u00a7 2 Newsletter<\/h2>\n\n<ol>\n    <li>\n        Us\u0142ugobiorca mo\u017ce dobrowolnie skorzysta\u0107 z us\u0142ugi Newsletter.\n    <\/li>\n    <li>\n        Dla skorzystania z us\u0142ugi Newsletter niezb\u0119dne jest urz\u0105dzenie z przegl\u0105dark\u0105 internetow\u0105 w najnowszej wersji,\n        obs\u0142uguj\u0105c\u0105 JavaScript oraz pliki cookies, z dost\u0119pem do sieci Internet oraz aktywne konto e-mail.\n    <\/li>\n    <li>\n        Wiadomo\u015bci e-mail wysy\u0142ane w ramach tej us\u0142ugi wysy\u0142ane b\u0119d\u0105 na adres e-mail podany przez Us\u0142ugobiorc\u0119 w\n        momencie zapisywania si\u0119 do Newslettera.\n    <\/li>\n    <li>\n        Us\u0142ugobiorca, w celu zawarcia umowy i zapisania si\u0119 do us\u0142ugi Newsletter, w pierwszym kroku podaje w \n        przeznaczonym do tego miejscu w Sklepie sw\u00f3j adres e-mail, na kt\u00f3ry chce otrzymywa\u0107 wiadomo\u015bci przesy\u0142ane w \n        ramach Newslettera. W momencie zapisu na Newsletter zostaje zawarta umowa o \u015bwiadczenie us\u0142ugi, a Us\u0142ugodawca \n        rozpocznie jej \u015bwiadczenie na rzecz Us\u0142ugobiorcy \u2013 z zastrze\u017ceniem ust. 5.\n    <\/li>\n    <li>\n        W celu w\u0142a\u015bciwej realizacji us\u0142ugi Newslettera, Us\u0142ugobiorca jest obowi\u0105zany poda\u0107 sw\u00f3j prawid\u0142owy adres e-mail.\n\n    <\/li>\n        <li>\n        W wiadomo\u015bciach wysy\u0142anych w ramach Newslettera b\u0119dzie znajdowa\u0107 si\u0119 informacja o mo\u017cliwo\u015bci wypisania si\u0119 z\n        niego, a tak\u017ce link do wypisania si\u0119.\n    <\/li>\n        <li>\n        Us\u0142ugobiorca mo\u017ce wypisa\u0107 si\u0119 z Newslettera, bez podawania przyczyny i ponoszenia jakichkolwiek koszt\u00f3w, w\n        ka\u017cdym momencie, korzystaj\u0105c z opcji, o\n        kt\u00f3rej mowa w ust. 6 lub  wysy\u0142aj\u0105c wiadomo\u015b\u0107 na adres e-mail Us\u0142ugodawcy:\n        <a href=\"mailto:scghillie@gmail.com\">scghillie@gmail.com<\/a>.\n    <\/li>\n    <li>\n        Skorzystanie przez Us\u0142ugobiorc\u0119 z linka do\n        wypisania si\u0119 z Newslettera lub wys\u0142anie wiadomo\u015bci z \u017c\u0105daniem wypisania z\n        Newslettera b\u0119dzie skutkowa\u0107 niezw\u0142ocznym rozwi\u0105zaniem umowy w zakresie \u015bwiadczenia tej us\u0142ugi.\n    <\/li>\n<\/ol>\n\n<h2>\u00a7 3 Reklamacje<\/h2>\n\n<ol>\n    <li>\n        Zg\u0142oszenia reklamacyjne dotycz\u0105ce Newslettera nale\u017cy zg\u0142asza\u0107 Us\u0142ugodawcy na adres e-mail:\n        <a href=\"mailto:scghillie@gmail.com\">scghillie@gmail.com<\/a>.\n    <\/li>\n    <li>\n        Us\u0142ugodawca ustosunkuje si\u0119 do reklamacji w terminie 14 dni od otrzymania zg\u0142oszenia reklamacyjnego.\n        <br><br>\n        <b>POZAS\u0104DOWE SPOSOBY ROZPATRYWANIA REKLAMACJI I DOCHODZENIA ROSZCZE\u0143<\/b>\n    <\/li>\n    <li>\n        W przypadku gdy post\u0119powanie reklamacyjne nie przyniesie rezultatu oczekiwanego przez Us\u0142ugobiorc\u0119 b\u0119d\u0105cego Konsumentem, Konsument mo\u017ce skorzysta\u0107 m.in. z:\n        <ol type=\"a\">\n            <li>\n                mediacji prowadzonej przez w\u0142a\u015bciwy terenowo Wojew\u00f3dzki Inspektorat Inspekcji Handlowej, do kt\u00f3rego nale\u017cy si\u0119 zwr\u00f3ci\u0107 z wnioskiem o mediacj\u0119. Co do zasady post\u0119powanie jest bezp\u0142atne. Wykaz Inspektorat\u00f3w znajduje si\u0119 tutaj: https:\/\/www.uokik.gov.pl\/wazne_adresy.php#faq595;\n            <\/li>\n            <li>\n                pomocy w\u0142a\u015bciwego terenowo sta\u0142ego polubownego s\u0105du konsumenckiego dzia\u0142aj\u0105cego przy Wojew\u00f3dzkim Inspektoracie Inspekcji Handlowej, do kt\u00f3rego nale\u017cy z\u0142o\u017cy\u0107 wniosek o rozpatrzenie sprawy przed s\u0105dem polubownym. Co do zasady post\u0119powanie jest bezp\u0142atne. Wykaz s\u0105d\u00f3w dost\u0119pny jest pod adresem: https:\/\/www.uokik.gov.pl\/wazne_adresy.php#faq596;\n            <\/li>\n            <li>\n                bezp\u0142atnej pomocy miejskiego lub powiatowego rzecznika Konsument\u00f3w;\n            <\/li>\n            <li>\n                internetowej platformy ODR dost\u0119pnej pod adresem: https:\/\/ec.europa.eu\/consumers\/odr\/main\/?event=main.home.howitworks.\n            <\/li>\n        <\/ol>\n    <\/li>\n<\/ol>\n\n<h2>\u00a7 4 Dane osobowe<\/h2>\n\n<ol>\n    <li>\n        Administratorem danych osobowych przekazanych przez Us\u0142ugobiorc\u0119 w zwi\u0105zku z zapisem na Newsletter jest Us\u0142ugodawca. Szczeg\u00f3\u0142owe informacje dotycz\u0105ce przetwarzania danych osobowych przez Us\u0142ugodawc\u0119 \u2013 w tym o pozosta\u0142ych celach oraz podstawach przetwarzania danych, a tak\u017ce o odbiorcach danych, znajduj\u0105 si\u0119 w dost\u0119pnej w Sklepie Polityce prywatno\u015bci \u2013 ze wzgl\u0119du na zasad\u0119 przejrzysto\u015bci, zawart\u0105 w og\u00f3lnym rozporz\u0105dzeniu Parlamentu Europejskiego i Rady (UE) o ochronie danych \u2013 \u201e<strong>RODO<\/strong>\u201d.\n    <\/li>\n    <li>\n        Celem przetwarzania danych Us\u0142ugobiorcy jest wysy\u0142ka Newslettera. Podstaw\u0105 przetwarzania danych osobowych w tym przypadku jest umowa o \u015bwiadczenie us\u0142ugi lub dzia\u0142ania podejmowane na \u017c\u0105danie Us\u0142ugobiorcy, zmierzaj\u0105ce do jej zawarcia (art. 6 ust. 1 lit. b RODO), a tak\u017ce prawnie uzasadniony interes Us\u0142ugodawcy, polegaj\u0105cy na przetwarzaniu danych w celu ustalenia, dochodzenia lub obrony ewentualnych roszcze\u0144 (art. 6 ust. 1 lit. f RODO).\n    <\/li>\n    <li>\n        Podanie danych przez Us\u0142ugobiorc\u0119 jest dobrowolne, ale jednocze\u015bnie konieczne do \u015bwiadczenia us\u0142ugi Newslettera. Niepodanie danych oznacza, \u017ce Us\u0142ugodawca nie b\u0119dzie m\u00f3g\u0142 \u015bwiadczy\u0107 tej us\u0142ugi.\n    <\/li>\n    <li>\n        Dane Us\u0142ugobiorcy b\u0119d\u0105 przetwarzane do momentu, w kt\u00f3rym:\n        <ol type=\"a\">\n            <li>\n                Us\u0142ugobiorca wypisze si\u0119 z Newslettera;\n            <\/li>\n            <li>\n                ustanie mo\u017cliwo\u015b\u0107 dochodzenia roszcze\u0144 przez Us\u0142ugobiorc\u0119 lub Us\u0142ugodawc\u0119, zwi\u0105zanych z Newsletterem;\n            <\/li>\n            <li>\n                zostanie przyj\u0119ty sprzeciw Us\u0142ugobiorcy wobec przetwarzania jego danych osobowych \u2013 w przypadku gdy podstaw\u0105 przetwarzania danych by\u0142 uzasadniony interes Us\u0142ugodawcy\n            <\/li>\n        <\/ol>\n        \u2013 w zale\u017cno\u015bci od tego, co ma zastosowanie w danym przypadku i co nast\u0105pi najp\u00f3\u017aniej.\n    <\/li>\n    <li>\n        Us\u0142ugobiorcy przys\u0142uguje prawo \u017c\u0105dania:\n        <ol type=\"a\">\n            <li>dost\u0119pu do swoich danych osobowych,<\/li>\n            <li>ich sprostowania,<\/li>\n            <li>usuni\u0119cia,<\/li>\n            <li>ograniczenia przetwarzania,<\/li>\n            <li>\n                przeniesienia danych do innego administratora\n                <br>\n                a tak\u017ce prawo:\n            <\/li>\n            <li>\n                wniesienia w dowolnym momencie sprzeciwu wobec przetwarzania danych z przyczyn zwi\u0105zanych ze szczeg\u00f3ln\u0105 sytuacj\u0105 Us\u0142ugobiorcy \u2013 wobec przetwarzania dotycz\u0105cych go danych osobowych, opartego na art. 6 ust. 1 lit. f RODO (tj. na prawnie uzasadnionych interesach realizowanych przez administratora).\n            <\/li>\n        <\/ol>\n    <\/li>\n    <li>\n        W celu realizacji swoich praw, Us\u0142ugobiorca powinien skontaktowa\u0107 si\u0119 z Us\u0142ugodawc\u0105.\n    <\/li>\n    <li>\n        W przypadku gdy Us\u0142ugobiorca uzna, \u017ce jego dane s\u0105 przetwarzane niezgodnie z prawem, Us\u0142ugobiorca mo\u017ce z\u0142o\u017cy\u0107 skarg\u0119 do Prezesa Urz\u0119du Ochrony Danych Osobowych.\n    <\/li>\n<\/ol>\n\n<h2>\u00a7 5 Postanowienia ko\u0144cowe<\/h2>\n\n<ol>\n    <li>\n        Us\u0142ugodawca zastrzega sobie prawo do zmiany niniejszego regulaminu tylko z wa\u017cnych przyczyn. Jako wa\u017cn\u0105\n        przyczyn\u0119 rozumie si\u0119 konieczno\u015b\u0107 zmiany regulaminu spowodowan\u0105 modernizacj\u0105 us\u0142ugi Newsletter lub zmian\u0105\n        przepis\u00f3w prawa, maj\u0105c\u0105 wp\u0142yw na \u015bwiadczenie us\u0142ugi przez Us\u0142ugodawc\u0119.\n    <\/li>\n    <li>\n        Informacja o planowanej zmianie regulaminu zostanie wys\u0142ana na adres e-mail Us\u0142ugobiorcy podany w momencie\n        zapisywania si\u0119 do Newslettera co najmniej na 7 dni przed wprowadzeniem zmian w \u017cycie.\n    <\/li>\n    <li>\n        W przypadku gdy Us\u0142ugobiorca nie sprzeciwi si\u0119 planowanym zmianom do chwili wej\u015bcia ich w \u017cycie, przyjmuje si\u0119,\n        \u017ce akceptuje je.\n    <\/li>\n    <li>\n        W przypadku braku akceptacji dla planowanych zmian, Us\u0142ugobiorca powinien wys\u0142a\u0107 informacj\u0119 o tym na adres\n        e-mail Us\u0142ugodawcy:\n        <a href=\"mailto:scghillie@gmail.com\">scghillie@gmail.com<\/a>, co b\u0119dzie\n        skutkowa\u0107 rozwi\u0105zaniem umowy o \u015bwiadczenie us\u0142ugi z chwil\u0105 wej\u015bcia w \u017cycie planowanych zmian.\n    <\/li>\n    <li>\n        Zakazane jest dostarczanie przez Us\u0142ugobiorc\u0119 tre\u015bci o charakterze bezprawnym.\n    <\/li>\n    <li>\n        Umowa o \u015bwiadczenie us\u0142ugi Newslettera zawierana jest w j\u0119zyku polskim.\n    <\/li>\n    <li>\n        W przypadku Us\u0142ugobiorcy nieb\u0119d\u0105cego Us\u0142ugobiorc\u0105 uprzywilejowanym, s\u0105dem w\u0142a\u015bciwym b\u0119dzie s\u0105d w\u0142a\u015bciwy \n        dla siedziby Us\u0142ugodawcy.\n    <\/li>\n<\/ol>","protected":false},"excerpt":{"rendered":"<p>Regulamin newslettera sklepu sc-ghillie.pl Postanowienia dotycz\u0105ce Przedsi\u0119biorcy uprzywilejowanego maj\u0105 zastosowanie do um\u00f3w zawartych od dnia 1 stycznia 2021 r. SPIS TRE\u015aCI \u00a7 1 Definicje \u00a7 2 Newsletter \u00a7 3 Reklamacje \u00a7 4 Dane osobowe \u00a7 5 Postanowienia ko\u0144cowe \u00a7 1 DEFINICJE Konsument \u2013 konsument w rozumieniu przepis\u00f3w Kodeksu cywilnego. Newsletter \u2013 nieodp\u0142atnie \u015bwiadczona drog\u0105 elektroniczn\u0105 [&hellip;]<\/p>\n","protected":false},"author":1,"featured_media":0,"parent":0,"menu_order":0,"comment_status":"closed","ping_status":"closed","template":"","meta":{"ocean_post_layout":"full-width","ocean_both_sidebars_style":"","ocean_both_sidebars_content_width":0,"ocean_both_sidebars_sidebars_width":0,"ocean_sidebar":"0","ocean_second_sidebar":"0","ocean_disable_margins":"enable","ocean_add_body_class":"","ocean_shortcode_before_top_bar":"","ocean_shortcode_after_top_bar":"","ocean_shortcode_before_header":"","ocean_shortcode_after_header":"","ocean_has_shortcode":"","ocean_shortcode_after_title":"","ocean_shortcode_before_footer_widgets":"","ocean_shortcode_after_footer_widgets":"","ocean_shortcode_before_footer_bottom":"","ocean_shortcode_after_footer_bottom":"","ocean_display_top_bar":"default","ocean_display_header":"default","ocean_header_style":"","ocean_center_header_left_menu":"0","ocean_custom_header_template":"0","ocean_custom_logo":0,"ocean_custom_retina_logo":0,"ocean_custom_logo_max_width":0,"ocean_custom_logo_tablet_max_width":0,"ocean_custom_logo_mobile_max_width":0,"ocean_custom_logo_max_height":0,"ocean_custom_logo_tablet_max_height":0,"ocean_custom_logo_mobile_max_height":0,"ocean_header_custom_menu":"0","ocean_menu_typo_font_family":"0","ocean_menu_typo_font_subset":"","ocean_menu_typo_font_size":0,"ocean_menu_typo_font_size_tablet":0,"ocean_menu_typo_font_size_mobile":0,"ocean_menu_typo_font_size_unit":"px","ocean_menu_typo_font_weight":"","ocean_menu_typo_font_weight_tablet":"","ocean_menu_typo_font_weight_mobile":"","ocean_menu_typo_transform":"","ocean_menu_typo_transform_tablet":"","ocean_menu_typo_transform_mobile":"","ocean_menu_typo_line_height":0,"ocean_menu_typo_line_height_tablet":0,"ocean_menu_typo_line_height_mobile":0,"ocean_menu_typo_line_height_unit":"","ocean_menu_typo_spacing":0,"ocean_menu_typo_spacing_tablet":0,"ocean_menu_typo_spacing_mobile":0,"ocean_menu_typo_spacing_unit":"","ocean_menu_link_color":"","ocean_menu_link_color_hover":"","ocean_menu_link_color_active":"","ocean_menu_link_background":"","ocean_menu_link_hover_background":"","ocean_menu_link_active_background":"","ocean_menu_social_links_bg":"","ocean_menu_social_hover_links_bg":"","ocean_menu_social_links_color":"","ocean_menu_social_hover_links_color":"","ocean_disable_title":"default","ocean_disable_heading":"default","ocean_post_title":"","ocean_post_subheading":"","ocean_post_title_style":"","ocean_post_title_background_color":"","ocean_post_title_background":0,"ocean_post_title_bg_image_position":"","ocean_post_title_bg_image_attachment":"","ocean_post_title_bg_image_repeat":"","ocean_post_title_bg_image_size":"","ocean_post_title_height":0,"ocean_post_title_bg_overlay":0.5,"ocean_post_title_bg_overlay_color":"","ocean_disable_breadcrumbs":"default","ocean_breadcrumbs_color":"","ocean_breadcrumbs_separator_color":"","ocean_breadcrumbs_links_color":"","ocean_breadcrumbs_links_hover_color":"","ocean_display_footer_widgets":"default","ocean_display_footer_bottom":"default","ocean_custom_footer_template":"0","footnotes":""},"class_list":["post-2020","page","type-page","status-publish","hentry","entry","owp-thumbs-layout-horizontal","owp-btn-normal","owp-tabs-layout-section","has-no-thumbnails"],"_links":{"self":[{"href":"https:\/\/sc-ghillie.pl\/en\/wp-json\/wp\/v2\/pages\/2020","targetHints":{"allow":["GET"]}}],"collection":[{"href":"https:\/\/sc-ghillie.pl\/en\/wp-json\/wp\/v2\/pages"}],"about":[{"href":"https:\/\/sc-ghillie.pl\/en\/wp-json\/wp\/v2\/types\/page"}],"author":[{"embeddable":true,"href":"https:\/\/sc-ghillie.pl\/en\/wp-json\/wp\/v2\/users\/1"}],"replies":[{"embeddable":true,"href":"https:\/\/sc-ghillie.pl\/en\/wp-json\/wp\/v2\/comments?post=2020"}],"version-history":[{"count":1,"href":"https:\/\/sc-ghillie.pl\/en\/wp-json\/wp\/v2\/pages\/2020\/revisions"}],"predecessor-version":[{"id":2021,"href":"https:\/\/sc-ghillie.pl\/en\/wp-json\/wp\/v2\/pages\/2020\/revisions\/2021"}],"wp:attachment":[{"href":"https:\/\/sc-ghillie.pl\/en\/wp-json\/wp\/v2\/media?parent=2020"}],"curies":[{"name":"wp","href":"https:\/\/api.w.org\/{rel}","templated":true}]}}