{"id":2016,"date":"2022-02-23T18:54:28","date_gmt":"2022-02-23T17:54:28","guid":{"rendered":"http:\/\/ghillie.wykreujemy.pl\/?page_id=2016"},"modified":"2022-02-23T18:56:45","modified_gmt":"2022-02-23T17:56:45","slug":"regulamin-konta","status":"publish","type":"page","link":"https:\/\/sc-ghillie.pl\/en\/regulamin-konta\/","title":{"rendered":"Terms and Conditions"},"content":{"rendered":"<h1 class=\"center clearfix\">Terms and Conditions<\/h1>\n\n<p class=\"center\">\n    w sklepie sc-ghillie.pl<\/p>\n\n<br><br>\n<p class=\"center\">\n    <strong>Postanowienia dotycz\u0105ce Przedsi\u0119biorcy uprzywilejowanego maj\u0105 zastosowanie do um\u00f3w zawartych od dnia 1 stycznia 2021 r.<\/strong>\n<\/p>\n<br><br>\n\n<p>\n    <b>SPIS TRE\u015aCI<\/b><br>\n    <b>\u00a7 1<\/b> Definicje<br>\n    <b>\u00a7 2<\/b> Kontakt ze Sprzedawc\u0105<br>\n    <b>\u00a7 3<\/b> Wymogi techniczne<br>\n    <b>\u00a7 4<\/b> Konto<br>\n        <b>\u00a7 5<\/b> Reklamacje<br>\n    <b>\u00a7 6<\/b> Dane osobowe <br>\n    <b>\u00a7 7<\/b> Zastrze\u017cenia\n<\/p>\n\n<h2>\u00a7 1 DEFINICJE<\/h2>\n\n<b>Konsument<\/b> \u2013 konsument w rozumieniu przepis\u00f3w Kodeksu cywilnego.<br>\n<b>Konto<\/b> \u2013 uregulowana w Regulaminie nieodp\u0142atna funkcja Sklepu (us\u0142uga), dzi\u0119ki kt\u00f3rej Kupuj\u0105cy mo\u017ce za\u0142o\u017cy\u0107 w Sklepie swoje indywidualne konto.\n<br>\n<b>Kupuj\u0105cy<\/b> &#8211; ka\u017cdy podmiot kupuj\u0105cy w Sklepie. <br>\n<b>Kupuj\u0105cy uprzywilejowany<\/b> \u2013 Konsument lub Przedsi\u0119biorca uprzywilejowany.<br>\n<b>Przedsi\u0119biorca uprzywilejowany<\/b> \u2013 osoba fizyczna zawieraj\u0105ca ze Sprzedawc\u0105 umow\u0119 bezpo\u015brednio zwi\u0105zan\u0105 z jej dzia\u0142alno\u015bci\u0105 gospodarcz\u0105, ale nieposiadaj\u0105c\u0105 dla niej charakteru zawodowego (definicja obowi\u0105zuje dla um\u00f3w zawartych od dnia 1 stycznia 2021 r.).<br>\n\n\n<b>Terms and Conditions<\/b> &#8211; niniejszy regulamin Konta.<br>\n<b>Shop<\/b> \u2013 sklep internetowy sc-ghillie.pl prowadzony przez Sprzedawc\u0119 pod adresem sc-ghillie.pl<br>\n<b>Sprzedawca<\/b> &#8211;\n    Kamil G\u0142adysz, \n    przedsi\u0119biorca prowadz\u0105cy dzia\u0142alno\u015b\u0107 gospodarcz\u0105 pod firm\u0105 \n    Profesjonalne Systemy Maskuj\u0105ce SC-GHILLIE Kamil G\u0142adysz,\n    wpisany do Centralnej Ewidencji i Informacji o Dzia\u0142alno\u015bci Gospodarczej \n    prowadzonej przez ministra w\u0142a\u015bciwego do spraw gospodarki i prowadzenia \n    Centralnej Ewidencji i Informacji o Dzia\u0142alno\u015bci Gospodarczej, NIP \n    5732821704, \n        nr REGON 360689824,\n    Jana D\u0142ugosza 142, 42-233 Borowno.\n<br>\n\n<h2>\u00a7 2 KONTAKT ZE SPRZEDAWC\u0104<\/h2>\n\n<ol>\n    <li>\n        Adres pocztowy:\n        Jana D\u0142ugosza 142, 42-233 Borowno    <\/li>\n    <li>\n        Adres e-mail: scghillie@gmail.com    <\/li>\n        <\/ol>\n\n<h2>\u00a7 3 WYMOGI TECHNICZNE<\/h2>\n\n<ol>\n    <li>\n        Dla prawid\u0142owego funkcjonowania i za\u0142o\u017cenia Konta potrzebne jest:\n        <ul>\n            <li>aktywne konto e-mail<\/li>\n            <li>urz\u0105dzenie z dost\u0119pem do Internetu<\/li>\n            <li>przegl\u0105darka internetowa obs\u0142uguj\u0105ca JavaScript i pliki cookies<\/li>\n        <\/ul>\n    <\/li>\n<\/ol>\n\n<h2>\u00a7 4 KONTO<\/h2>\n\n<ol>\n    <li>\n        Za\u0142o\u017cenie Konta jest ca\u0142kowicie dobrowolne i zale\u017cne od woli\n        Kupuj\u0105cego.\n    <\/li>\n    <li>Konto daje Kupuj\u0105cemu dodatkowe mo\u017cliwo\u015bci, takie jak: przegl\u0105danie historii zam\u00f3wie\u0144 z\u0142o\u017conych przez Kupuj\u0105cego\n    w Sklepie, sprawdzenie statusu zam\u00f3wienia czy samodzielna edycja danych Kupuj\u0105cego.\n    <\/li>\n    <li>W celu za\u0142o\u017cenia Konta nale\u017cy wype\u0142ni\u0107 stosowny formularz w Sklepie.<\/li>\n    <li>W momencie za\u0142o\u017cenia Konta zawierana jest na czas nieokre\u015blony pomi\u0119dzy Kupuj\u0105cym a Sprzedawc\u0105 umowa w zakresie\n        prowadzenia Konta na zasadach wskazanych w Regulaminie.\n    <\/li>\n    <li>Kupuj\u0105cy mo\u017ce bez ponoszenia jakichkolwiek koszt\u00f3w w ka\u017cdym czasie zrezygnowa\u0107 z Konta.<\/li>\n    <li>W celu dokonania rezygnacji z Konta nale\u017cy wys\u0142a\u0107 swoj\u0105 rezygnacj\u0119 do Sprzedawcy na adres\n        e-mail: scghillie@gmail.com, czego skutkiem b\u0119dzie niezw\u0142oczne usuni\u0119cie Konta oraz\n        rozwi\u0105zanie umowy w zakresie prowadzenia Konta.\n    <\/li>\n<\/ol>\n\n\n<h2>\u00a7 5 REKLAMACJE<\/h2>\n\n<ol>\n    <li>\n        Reklamacje dotycz\u0105ce funkcjonowania Konta nale\u017cy kierowa\u0107 na adres e-mail scghillie@gmail.com.\n    <\/li>\n    <li>\n        Rozpatrzenie reklamacji przez Sprzedawc\u0119 nast\u0105pi w terminie do 14 dni.\n        <br><br>\n        <b>POZAS\u0104DOWE SPOSOBY ROZPATRYWANIA REKLAMACJI I DOCHODZENIA ROSZCZE\u0143<\/b>\n    <\/li>\n    <li>\n        W przypadku gdy post\u0119powanie reklamacyjne nie przyniesie oczekiwanego przez Konsumenta rezultatu Konsument mo\u017ce\n        skorzysta\u0107 m.in. z:\n        <ol type=\"a\">\n            <li>mediacji prowadzonej przez w\u0142a\u015bciwy terenowo Wojew\u00f3dzki Inspektorat Inspekcji Handlowej, do kt\u00f3rego\n                nale\u017cy si\u0119 zwr\u00f3ci\u0107 z wnioskiem o mediacj\u0119. Co do zasady post\u0119powanie jest bezp\u0142atne. Wykaz Inspektorat\u00f3w\n                znajduje si\u0119 tutaj: https:\/\/www.uokik.gov.pl\/wazne_adresy.php#faq595;\n            <\/li>\n            <li>pomocy w\u0142a\u015bciwego terenowo sta\u0142ego polubownego s\u0105du konsumenckiego dzia\u0142aj\u0105cego przy Wojew\u00f3dzkim\n                Inspektoracie Inspekcji Handlowej, do kt\u00f3rego nale\u017cy z\u0142o\u017cy\u0107 wniosek o rozpatrzenie sprawy przed s\u0105dem\n                polubownym. Co do zasady post\u0119powanie jest bezp\u0142atne. Wykaz s\u0105d\u00f3w dost\u0119pny jest pod adresem:\n                https:\/\/www.uokik.gov.pl\/wazne_adresy.php#faq596;\n            <\/li>\n            <li>bezp\u0142atnej pomocy miejskiego lub powiatowego rzecznika Konsument\u00f3w;<\/li>\n            <li>internetowej platformy ODR dost\u0119pnej pod adresem: https:\/\/ec.europa.eu\/consumers\/odr\/main\/?event=main.home.howitworks.<\/li>\n        <\/ol>\n    <\/li>\n<\/ol>\n\n<h2>\u00a7 6 DANE OSOBOWE<\/h2>\n\n<ol>\n    <li>\n        Administratorem danych osobowych przekazanych przez Kupuj\u0105cego podczas korzystania z Konta jest Sprzedawca.\n        Szczeg\u00f3\u0142owe informacje dotycz\u0105ce przetwarzania danych osobowych przez Sprzedawc\u0119 \u2013 w tym o pozosta\u0142ych celach\n        oraz podstawach przetwarzania danych, a tak\u017ce o odbiorcach danych, znajduj\u0105 si\u0119 w dost\u0119pnej w Sklepie Polityce\n        prywatno\u015bci \u2013 ze wzgl\u0119du na zasad\u0119 przejrzysto\u015bci, zawart\u0105 w og\u00f3lnym rozporz\u0105dzeniu Parlamentu Europejskiego i\n        Rady (UE) o ochronie danych \u2013 \u201e<strong>RODO<\/strong>\u201d.\n    <\/li>\n    <li>\n        Celem przetwarzania danych Kupuj\u0105cego jest prowadzenie Konta. Podstaw\u0105 przetwarzania danych osobowych w tym\n        przypadku jest umowa o \u015bwiadczenie us\u0142ugi lub dzia\u0142ania podejmowane na \u017c\u0105danie Kupuj\u0105cego, zmierzaj\u0105ce do jej\n        zawarcia (art. 6 ust. 1 lit. b RODO), a tak\u017ce prawnie uzasadniony interes Sprzedawcy, polegaj\u0105cy na\n        przetwarzaniu danych w celu ustalenia, dochodzenia lub obrony ewentualnych roszcze\u0144 (art. 6 ust. 1 lit. f RODO).\n    <\/li>\n    <li>\n        Podanie danych przez Kupuj\u0105cego jest dobrowolne, ale jednocze\u015bnie konieczne do prowadzenia Konta. Niepodanie\n        danych oznacza, \u017ce Sprzedawca nie b\u0119dzie m\u00f3g\u0142 \u015bwiadczy\u0107 us\u0142ugi prowadzenia Konta.\n    <\/li>\n    <li>\n        Dane Kupuj\u0105cego b\u0119d\u0105 przetwarzane do momentu, w kt\u00f3rym:\n        <ol type=\"a\">\n            <li>\n                Konto zostanie usuni\u0119te przez Kupuj\u0105cego lub Sprzedawc\u0119 na \u017c\u0105danie Kupuj\u0105cego\n            <\/li>\n            <li>\n                ustanie mo\u017cliwo\u015b\u0107 dochodzenia roszcze\u0144 przez Kupuj\u0105cego lub Sprzedawc\u0119, zwi\u0105zanych z Kontem;\n            <\/li>\n            <li>\n                zostanie przyj\u0119ty sprzeciw Kupuj\u0105cego wobec przetwarzania jego danych osobowych \u2013 w przypadku gdy\n                podstaw\u0105 przetwarzania danych by\u0142 uzasadniony interes Sprzedawcy\n            <\/li>\n        <\/ol>\n        \u2013 w zale\u017cno\u015bci od tego, co ma zastosowanie w danym przypadku i co nast\u0105pi najp\u00f3\u017aniej.\n    <\/li>\n    <li>\n        Kupuj\u0105cemu przys\u0142uguje prawo \u017c\u0105dania:\n        <ol type=\"a\">\n            <li>dost\u0119pu do swoich danych osobowych,<\/li>\n            <li>ich sprostowania,<\/li>\n            <li>usuni\u0119cia,<\/li>\n            <li>ograniczenia przetwarzania,<\/li>\n            <li>\n                przeniesienia danych do innego administratora\n                <br>\n                a tak\u017ce prawo:\n            <\/li>\n            <li>\n                wniesienia w dowolnym momencie sprzeciwu wobec przetwarzania danych z przyczyn zwi\u0105zanych ze szczeg\u00f3ln\u0105\n                sytuacj\u0105 Kupuj\u0105cego \u2013 wobec przetwarzania dotycz\u0105cych go danych osobowych, opartego na art. 6 ust. 1\n                lit. f RODO (tj. na prawnie uzasadnionych interesach realizowanych przez administratora).\n            <\/li>\n        <\/ol>\n    <\/li>\n    <li>\n        W celu realizacji swoich praw, Kupuj\u0105cy powinien skontaktowa\u0107 si\u0119 ze Sprzedawc\u0105.\n    <\/li>\n    <li>\n        W przypadku gdy Kupuj\u0105cy uzna, \u017ce jego dane s\u0105 przetwarzane niezgodnie z prawem, Kupuj\u0105cy mo\u017ce z\u0142o\u017cy\u0107 skarg\u0119 do\n        Prezesa Urz\u0119du Ochrony Danych Osobowych.\n    <\/li>\n<\/ol>\n\n<h2>\u00a7 7 ZASTRZE\u017bENIA<\/h2>\n\n<ol>\n    <li>Zakazane jest dostarczanie przez Kupuj\u0105cego tre\u015bci o charakterze bezprawnym.<\/li>\n    <li>Umowa w zakresie prowadzenia Konta zawierana jest w j\u0119zyku polskim.<\/li>\n    <li>W przypadku zaistnienia wa\u017cnych przyczyn, o kt\u00f3rych mowa w ust. 4, Sprzedawca ma prawo do zmiany Regulaminu.\n    <\/li>\n    <li>\n        Wa\u017cnymi przyczynami, o kt\u00f3rych mowa w ust. 3 s\u0105:\n        <ol type=\"a\">\n            <li>konieczno\u015b\u0107 dostosowania Sklepu do przepis\u00f3w prawa maj\u0105cych zastosowanie do dzia\u0142alno\u015bci Sklepu<\/li>\n            <li>poprawa bezpiecze\u0144stwa \u015bwiadczonej us\u0142ugi<\/li>\n            <li>zmiana funkcjonalno\u015bci Konta wymagaj\u0105ca modyfikacji Regulaminu.<\/li>\n        <\/ol>\n    <\/li>\n    <li>Kupuj\u0105cy zostanie poinformowany o planowanej zmianie Regulaminu co najmniej na 7 dni przed wprowadzeniem\n        zmiany w \u017cycie za po\u015brednictwem wiadomo\u015bci e-mail wys\u0142anej na przypisany do Konta adres.\n    <\/li>\n    <li>W przypadku gdy Kupuj\u0105cy nie wyrazi akceptacji dla planowanej zmiany, powinien poinformowa\u0107 o tym Sprzedawc\u0119\n        poprzez wys\u0142anie odpowiedniej wiadomo\u015bci na adres e-mail Sprzedawcy scghillie@gmail.com, czego\n        skutkiem b\u0119dzie rozwi\u0105zanie umowy w zakresie prowadzenia Konta z chwil\u0105 wej\u015bcia w \u017cycie planowanej zmiany lub\n        wcze\u015bniej, je\u015bli Kupuj\u0105cy zg\u0142osi takie \u017c\u0105danie.\n    <\/li>\n    <li>W sytuacji gdy Kupuj\u0105cy nie wyrazi sprzeciwu dla planowanej zmiany do chwili wej\u015bcia jej w \u017cycie przyjmuje si\u0119,\n        \u017ce akceptuje j\u0105, co nie stanowi \u017cadnej przeszkody do rozwi\u0105zania umowy w przysz\u0142o\u015bci.\n    <\/li>\n    <li>W przypadku ewentualnego sporu z Kupuj\u0105cym nieb\u0119d\u0105cym Kupuj\u0105cym uprzywilejowanym, s\u0105dem w\u0142a\u015bciwym b\u0119dzie s\u0105d \n        w\u0142a\u015bciwy dla siedziby Sprzedawcy.\n    <\/li>\n<\/ol>","protected":false},"excerpt":{"rendered":"<p>Regulamin konta w sklepie sc-ghillie.pl Postanowienia dotycz\u0105ce Przedsi\u0119biorcy uprzywilejowanego maj\u0105 zastosowanie do um\u00f3w zawartych od dnia 1 stycznia 2021 r. SPIS TRE\u015aCI \u00a7 1 Definicje \u00a7 2 Kontakt ze Sprzedawc\u0105 \u00a7 3 Wymogi techniczne \u00a7 4 Konto \u00a7 5 Reklamacje \u00a7 6 Dane osobowe \u00a7 7 Zastrze\u017cenia \u00a7 1 DEFINICJE Konsument \u2013 konsument w rozumieniu [&hellip;]<\/p>\n","protected":false},"author":1,"featured_media":0,"parent":0,"menu_order":0,"comment_status":"closed","ping_status":"closed","template":"","meta":{"ocean_post_layout":"full-width","ocean_both_sidebars_style":"","ocean_both_sidebars_content_width":0,"ocean_both_sidebars_sidebars_width":0,"ocean_sidebar":"0","ocean_second_sidebar":"0","ocean_disable_margins":"enable","ocean_add_body_class":"","ocean_shortcode_before_top_bar":"","ocean_shortcode_after_top_bar":"","ocean_shortcode_before_header":"","ocean_shortcode_after_header":"","ocean_has_shortcode":"","ocean_shortcode_after_title":"","ocean_shortcode_before_footer_widgets":"","ocean_shortcode_after_footer_widgets":"","ocean_shortcode_before_footer_bottom":"","ocean_shortcode_after_footer_bottom":"","ocean_display_top_bar":"default","ocean_display_header":"default","ocean_header_style":"","ocean_center_header_left_menu":"0","ocean_custom_header_template":"0","ocean_custom_logo":0,"ocean_custom_retina_logo":0,"ocean_custom_logo_max_width":0,"ocean_custom_logo_tablet_max_width":0,"ocean_custom_logo_mobile_max_width":0,"ocean_custom_logo_max_height":0,"ocean_custom_logo_tablet_max_height":0,"ocean_custom_logo_mobile_max_height":0,"ocean_header_custom_menu":"0","ocean_menu_typo_font_family":"0","ocean_menu_typo_font_subset":"","ocean_menu_typo_font_size":0,"ocean_menu_typo_font_size_tablet":0,"ocean_menu_typo_font_size_mobile":0,"ocean_menu_typo_font_size_unit":"px","ocean_menu_typo_font_weight":"","ocean_menu_typo_font_weight_tablet":"","ocean_menu_typo_font_weight_mobile":"","ocean_menu_typo_transform":"","ocean_menu_typo_transform_tablet":"","ocean_menu_typo_transform_mobile":"","ocean_menu_typo_line_height":0,"ocean_menu_typo_line_height_tablet":0,"ocean_menu_typo_line_height_mobile":0,"ocean_menu_typo_line_height_unit":"","ocean_menu_typo_spacing":0,"ocean_menu_typo_spacing_tablet":0,"ocean_menu_typo_spacing_mobile":0,"ocean_menu_typo_spacing_unit":"","ocean_menu_link_color":"","ocean_menu_link_color_hover":"","ocean_menu_link_color_active":"","ocean_menu_link_background":"","ocean_menu_link_hover_background":"","ocean_menu_link_active_background":"","ocean_menu_social_links_bg":"","ocean_menu_social_hover_links_bg":"","ocean_menu_social_links_color":"","ocean_menu_social_hover_links_color":"","ocean_disable_title":"default","ocean_disable_heading":"default","ocean_post_title":"","ocean_post_subheading":"","ocean_post_title_style":"","ocean_post_title_background_color":"","ocean_post_title_background":0,"ocean_post_title_bg_image_position":"","ocean_post_title_bg_image_attachment":"","ocean_post_title_bg_image_repeat":"","ocean_post_title_bg_image_size":"","ocean_post_title_height":0,"ocean_post_title_bg_overlay":0.5,"ocean_post_title_bg_overlay_color":"","ocean_disable_breadcrumbs":"default","ocean_breadcrumbs_color":"","ocean_breadcrumbs_separator_color":"","ocean_breadcrumbs_links_color":"","ocean_breadcrumbs_links_hover_color":"","ocean_display_footer_widgets":"default","ocean_display_footer_bottom":"default","ocean_custom_footer_template":"0","footnotes":""},"class_list":["post-2016","page","type-page","status-publish","hentry","entry","owp-thumbs-layout-horizontal","owp-btn-normal","owp-tabs-layout-section","has-no-thumbnails"],"_links":{"self":[{"href":"https:\/\/sc-ghillie.pl\/en\/wp-json\/wp\/v2\/pages\/2016","targetHints":{"allow":["GET"]}}],"collection":[{"href":"https:\/\/sc-ghillie.pl\/en\/wp-json\/wp\/v2\/pages"}],"about":[{"href":"https:\/\/sc-ghillie.pl\/en\/wp-json\/wp\/v2\/types\/page"}],"author":[{"embeddable":true,"href":"https:\/\/sc-ghillie.pl\/en\/wp-json\/wp\/v2\/users\/1"}],"replies":[{"embeddable":true,"href":"https:\/\/sc-ghillie.pl\/en\/wp-json\/wp\/v2\/comments?post=2016"}],"version-history":[{"count":1,"href":"https:\/\/sc-ghillie.pl\/en\/wp-json\/wp\/v2\/pages\/2016\/revisions"}],"predecessor-version":[{"id":2017,"href":"https:\/\/sc-ghillie.pl\/en\/wp-json\/wp\/v2\/pages\/2016\/revisions\/2017"}],"wp:attachment":[{"href":"https:\/\/sc-ghillie.pl\/en\/wp-json\/wp\/v2\/media?parent=2016"}],"curies":[{"name":"wp","href":"https:\/\/api.w.org\/{rel}","templated":true}]}}