{"id":1202,"date":"2021-12-24T12:26:46","date_gmt":"2021-12-24T11:26:46","guid":{"rendered":"http:\/\/ghillie.wykreujemy.pl\/?page_id=1202"},"modified":"2022-03-04T08:15:42","modified_gmt":"2022-03-04T07:15:42","slug":"baza-wiedzy","status":"publish","type":"page","link":"https:\/\/sc-ghillie.pl\/en\/baza-wiedzy\/","title":{"rendered":"Knowledge Base"},"content":{"rendered":"<div data-elementor-type=\"wp-page\" data-elementor-id=\"1202\" class=\"elementor elementor-1202\">\n\t\t\t\t\t\t<section class=\"elementor-section elementor-top-section elementor-element elementor-element-1918c620 elementor-section-boxed elementor-section-height-default elementor-section-height-default\" data-id=\"1918c620\" data-element_type=\"section\" data-e-type=\"section\">\n\t\t\t\t\t\t<div class=\"elementor-container elementor-column-gap-default\">\n\t\t\t\t\t<div class=\"elementor-column elementor-col-100 elementor-top-column elementor-element elementor-element-2ec0c26b\" data-id=\"2ec0c26b\" data-element_type=\"column\" data-e-type=\"column\">\n\t\t\t<div class=\"elementor-widget-wrap elementor-element-populated\">\n\t\t\t\t\t\t<div class=\"elementor-element elementor-element-cc7a0ff elementor-tabs-alignment-center elementor-tabs-view-horizontal elementor-widget elementor-widget-tabs\" data-id=\"cc7a0ff\" data-element_type=\"widget\" data-e-type=\"widget\" data-widget_type=\"tabs.default\">\n\t\t\t\t<div class=\"elementor-widget-container\">\n\t\t\t\t\t\t\t<div class=\"elementor-tabs\">\n\t\t\t<div class=\"elementor-tabs-wrapper\" role=\"tablist\" >\n\t\t\t\t\t\t\t\t\t<div id=\"elementor-tab-title-2141\" class=\"elementor-tab-title elementor-tab-desktop-title\" aria-selected=\"true\" data-tab=\"1\" role=\"tab\" tabindex=\"0\" aria-controls=\"elementor-tab-content-2141\" aria-expanded=\"false\">Fabrics<\/div>\n\t\t\t\t\t\t\t\t\t<div id=\"elementor-tab-title-2142\" class=\"elementor-tab-title elementor-tab-desktop-title\" aria-selected=\"false\" data-tab=\"2\" role=\"tab\" tabindex=\"-1\" aria-controls=\"elementor-tab-content-2142\" aria-expanded=\"false\">Meshes<\/div>\n\t\t\t\t\t\t\t\t\t<div id=\"elementor-tab-title-2143\" class=\"elementor-tab-title elementor-tab-desktop-title\" aria-selected=\"false\" data-tab=\"3\" role=\"tab\" tabindex=\"-1\" aria-controls=\"elementor-tab-content-2143\" aria-expanded=\"false\">Ghillie Foliage<\/div>\n\t\t\t\t\t\t\t<\/div>\n\t\t\t<div class=\"elementor-tabs-content-wrapper\" role=\"tablist\" aria-orientation=\"vertical\">\n\t\t\t\t\t\t\t\t\t<div class=\"elementor-tab-title elementor-tab-mobile-title\" aria-selected=\"true\" data-tab=\"1\" role=\"tab\" tabindex=\"0\" aria-controls=\"elementor-tab-content-2141\" aria-expanded=\"false\">Fabrics<\/div>\n\t\t\t\t\t<div id=\"elementor-tab-content-2141\" class=\"elementor-tab-content elementor-clearfix\" data-tab=\"1\" role=\"tabpanel\" aria-labelledby=\"elementor-tab-title-2141\" tabindex=\"0\" hidden=\"false\">We use 100% professional materials for tactical use that allow you to use the maximum potential of 3D camouflage. All textiles and other components we use come from suppliers and manufacturers who offer the highest quality products for tactical tailoring.<img fetchpriority=\"high\" decoding=\"async\" class=\"alignnone\" style=\"font-size: 14px;\" src=\"https:\/\/sc-ghillie.pl\/wp-content\/uploads\/2021\/12\/o_nas.jpeg\" alt=\"\" width=\"1280\" height=\"852\" \/><\/div>\n\t\t\t\t\t\t\t\t\t<div class=\"elementor-tab-title elementor-tab-mobile-title\" aria-selected=\"false\" data-tab=\"2\" role=\"tab\" tabindex=\"-1\" aria-controls=\"elementor-tab-content-2142\" aria-expanded=\"false\">Meshes<\/div>\n\t\t\t\t\t<div id=\"elementor-tab-content-2142\" class=\"elementor-tab-content elementor-clearfix\" data-tab=\"2\" role=\"tabpanel\" aria-labelledby=\"elementor-tab-title-2142\" tabindex=\"0\" hidden=\"hidden\"><p class=\"has-normal-font-size\">The meshes that we use to make bases of our ghillie suits, thanks to their spatial and durable structure, guarantee the resistance of the ghillie base to moisture and ensure an appropriate level of ventilation. The highest quality paracord core-less used by us is resistant to mechanical damage and natural wear of the material and guarantees a very long service life of our product. In addition, it allows for very easy and quick modification of the foliage placed on the ghillie surface.<\/p>\n<img decoding=\"async\" class=\"aligncenter wp-image-1407 size-full\" src=\"https:\/\/sc-ghillie.pl\/wp-content\/uploads\/2021\/12\/DSC_9592.jpeg\" alt=\"\" width=\"968\" height=\"646\" srcset=\"https:\/\/sc-ghillie.pl\/wp-content\/uploads\/2021\/12\/DSC_9592.jpeg 968w, https:\/\/sc-ghillie.pl\/wp-content\/uploads\/2021\/12\/DSC_9592-300x200.jpeg 300w, https:\/\/sc-ghillie.pl\/wp-content\/uploads\/2021\/12\/DSC_9592-768x513.jpeg 768w, https:\/\/sc-ghillie.pl\/wp-content\/uploads\/2021\/12\/DSC_9592-18x12.jpeg 18w, https:\/\/sc-ghillie.pl\/wp-content\/uploads\/2021\/12\/DSC_9592-504x336.jpeg 504w\" sizes=\"(max-width: 968px) 100vw, 968px\" \/><\/div>\n\t\t\t\t\t\t\t\t\t<div class=\"elementor-tab-title elementor-tab-mobile-title\" aria-selected=\"false\" data-tab=\"3\" role=\"tab\" tabindex=\"-1\" aria-controls=\"elementor-tab-content-2143\" aria-expanded=\"false\">Ghillie Foliage<\/div>\n\t\t\t\t\t<div id=\"elementor-tab-content-2143\" class=\"elementor-tab-content elementor-clearfix\" data-tab=\"3\" role=\"tabpanel\" aria-labelledby=\"elementor-tab-title-2143\" tabindex=\"0\" hidden=\"hidden\">Our foliage is made of the highest quality materials based on our many years of experience. The jute and raffia that we use to build classic ghillie suits have been prepared for us by the best natural fiber dye houses. Our 3D camouflage solutions are based mainly on the Halo Screen and Nano Screen technology from our strategic partner Le Covert Sartorialist. All modules and 3D elements that we use to cover our ghillie systems have been designed from scratch in such a way as to ensure the highest possible level of blending into the environment by the user. Materials that we use to create ghillie foliage are resistant to discoloration and mechanical damage. This guarantees that the appropriate camouflage properties will be maintained during long-term use of our products.\n\n<img decoding=\"async\" class=\"aligncenter\" src=\"https:\/\/sc-ghillie.pl\/wp-content\/uploads\/2021\/12\/DSC_5205.jpeg\" alt=\"\" width=\"962\" height=\"642\" \/><\/div>\n\t\t\t\t\t\t\t<\/div>\n\t\t<\/div>\n\t\t\t\t\t\t<\/div>\n\t\t\t\t<\/div>\n\t\t\t\t\t<\/div>\n\t\t<\/div>\n\t\t\t\t\t<\/div>\n\t\t<\/section>\n\t\t\t\t<\/div>","protected":false},"excerpt":{"rendered":"<p>Materia\u0142y Siatki Farsz maskuj\u0105cy Materia\u0142y Korzystamy w 100% z profesjonalnych materia\u0142\u00f3w do zastosowa\u0144 taktycznych, kt\u00f3re pozwalaj\u0105 wykorzysta\u0107 maksymalnie potencja\u0142 kamufla\u017cu 3D. Wszystkie tekstylia oraz inne komponenty kt\u00f3rych u\u017cywamy pochodz\u0105 od dostawc\u00f3w oraz producent\u00f3w oferuj\u0105cych najwy\u017cszej jako\u015bci produkty dla krawiectwa taktycznego. Siatki Siatki konstrukcyjne kt\u00f3rych u\u017cywamy do wykonywania modularnych system\u00f3w maskuj\u0105cych dzi\u0119ki swojej przestrzennej i wytrzyma\u0142ej [&hellip;]<\/p>\n","protected":false},"author":1,"featured_media":0,"parent":0,"menu_order":0,"comment_status":"closed","ping_status":"closed","template":"","meta":{"ocean_post_layout":"full-width","ocean_both_sidebars_style":"","ocean_both_sidebars_content_width":0,"ocean_both_sidebars_sidebars_width":0,"ocean_sidebar":"0","ocean_second_sidebar":"0","ocean_disable_margins":"enable","ocean_add_body_class":"","ocean_shortcode_before_top_bar":"","ocean_shortcode_after_top_bar":"","ocean_shortcode_before_header":"","ocean_shortcode_after_header":"","ocean_has_shortcode":"","ocean_shortcode_after_title":"","ocean_shortcode_before_footer_widgets":"","ocean_shortcode_after_footer_widgets":"","ocean_shortcode_before_footer_bottom":"","ocean_shortcode_after_footer_bottom":"","ocean_display_top_bar":"default","ocean_display_header":"default","ocean_header_style":"","ocean_center_header_left_menu":"0","ocean_custom_header_template":"0","ocean_custom_logo":0,"ocean_custom_retina_logo":0,"ocean_custom_logo_max_width":0,"ocean_custom_logo_tablet_max_width":0,"ocean_custom_logo_mobile_max_width":0,"ocean_custom_logo_max_height":0,"ocean_custom_logo_tablet_max_height":0,"ocean_custom_logo_mobile_max_height":0,"ocean_header_custom_menu":"0","ocean_menu_typo_font_family":"0","ocean_menu_typo_font_subset":"","ocean_menu_typo_font_size":0,"ocean_menu_typo_font_size_tablet":0,"ocean_menu_typo_font_size_mobile":0,"ocean_menu_typo_font_size_unit":"px","ocean_menu_typo_font_weight":"","ocean_menu_typo_font_weight_tablet":"","ocean_menu_typo_font_weight_mobile":"","ocean_menu_typo_transform":"","ocean_menu_typo_transform_tablet":"","ocean_menu_typo_transform_mobile":"","ocean_menu_typo_line_height":0,"ocean_menu_typo_line_height_tablet":0,"ocean_menu_typo_line_height_mobile":0,"ocean_menu_typo_line_height_unit":"","ocean_menu_typo_spacing":0,"ocean_menu_typo_spacing_tablet":0,"ocean_menu_typo_spacing_mobile":0,"ocean_menu_typo_spacing_unit":"","ocean_menu_link_color":"","ocean_menu_link_color_hover":"","ocean_menu_link_color_active":"","ocean_menu_link_background":"","ocean_menu_link_hover_background":"","ocean_menu_link_active_background":"","ocean_menu_social_links_bg":"","ocean_menu_social_hover_links_bg":"","ocean_menu_social_links_color":"","ocean_menu_social_hover_links_color":"","ocean_disable_title":"default","ocean_disable_heading":"default","ocean_post_title":"","ocean_post_subheading":"","ocean_post_title_style":"","ocean_post_title_background_color":"","ocean_post_title_background":0,"ocean_post_title_bg_image_position":"","ocean_post_title_bg_image_attachment":"","ocean_post_title_bg_image_repeat":"","ocean_post_title_bg_image_size":"","ocean_post_title_height":0,"ocean_post_title_bg_overlay":0.5,"ocean_post_title_bg_overlay_color":"","ocean_disable_breadcrumbs":"on","ocean_breadcrumbs_color":"","ocean_breadcrumbs_separator_color":"","ocean_breadcrumbs_links_color":"","ocean_breadcrumbs_links_hover_color":"","ocean_display_footer_widgets":"default","ocean_display_footer_bottom":"default","ocean_custom_footer_template":"0","footnotes":""},"class_list":["post-1202","page","type-page","status-publish","hentry","entry","owp-thumbs-layout-horizontal","owp-btn-normal","owp-tabs-layout-section","has-no-thumbnails"],"_links":{"self":[{"href":"https:\/\/sc-ghillie.pl\/en\/wp-json\/wp\/v2\/pages\/1202","targetHints":{"allow":["GET"]}}],"collection":[{"href":"https:\/\/sc-ghillie.pl\/en\/wp-json\/wp\/v2\/pages"}],"about":[{"href":"https:\/\/sc-ghillie.pl\/en\/wp-json\/wp\/v2\/types\/page"}],"author":[{"embeddable":true,"href":"https:\/\/sc-ghillie.pl\/en\/wp-json\/wp\/v2\/users\/1"}],"replies":[{"embeddable":true,"href":"https:\/\/sc-ghillie.pl\/en\/wp-json\/wp\/v2\/comments?post=1202"}],"version-history":[{"count":42,"href":"https:\/\/sc-ghillie.pl\/en\/wp-json\/wp\/v2\/pages\/1202\/revisions"}],"predecessor-version":[{"id":2855,"href":"https:\/\/sc-ghillie.pl\/en\/wp-json\/wp\/v2\/pages\/1202\/revisions\/2855"}],"wp:attachment":[{"href":"https:\/\/sc-ghillie.pl\/en\/wp-json\/wp\/v2\/media?parent=1202"}],"curies":[{"name":"wp","href":"https:\/\/api.w.org\/{rel}","templated":true}]}}