{"id":1200,"date":"2021-12-24T12:26:26","date_gmt":"2021-12-24T11:26:26","guid":{"rendered":"http:\/\/ghillie.wykreujemy.pl\/?page_id=1200"},"modified":"2021-12-27T22:44:21","modified_gmt":"2021-12-27T21:44:21","slug":"o-nas","status":"publish","type":"page","link":"https:\/\/sc-ghillie.pl\/en\/o-nas\/","title":{"rendered":"About Us"},"content":{"rendered":"<div data-elementor-type=\"wp-page\" data-elementor-id=\"1200\" class=\"elementor elementor-1200\">\n\t\t\t\t\t\t<section class=\"elementor-section elementor-top-section elementor-element elementor-element-50d1f349 elementor-section-boxed elementor-section-height-default elementor-section-height-default\" data-id=\"50d1f349\" data-element_type=\"section\" data-e-type=\"section\">\n\t\t\t\t\t\t<div class=\"elementor-container elementor-column-gap-default\">\n\t\t\t\t\t<div class=\"elementor-column elementor-col-50 elementor-top-column elementor-element elementor-element-61eeb9bb\" data-id=\"61eeb9bb\" data-element_type=\"column\" data-e-type=\"column\">\n\t\t\t<div class=\"elementor-widget-wrap elementor-element-populated\">\n\t\t\t\t\t\t<div class=\"elementor-element elementor-element-9af1027 elementor-widget elementor-widget-text-editor\" data-id=\"9af1027\" data-element_type=\"widget\" data-e-type=\"widget\" data-widget_type=\"text-editor.default\">\n\t\t\t\t<div class=\"elementor-widget-container\">\n\t\t\t\t\t\t\t\t\t<p><\/p>\n<p>Hello!<\/p>\n<p><\/p>\n<p><\/p>\n<p class=\"has-normal-font-size\">We created our project to break the age-old stereotype that ghillie should be done 100% yourself! First of all, to create your ghillie suit, you need to have the appropriate knowledge, workshop and proper materials. There are very few publications that can reliably describe the process of ghillie development, and the materials available on the public market are not a source of competent information on this topic.<\/p>\n<p><\/p>\n<p><\/p>\n<p class=\"has-normal-font-size\">Making your own homemade ghillie suit consumes a lot of time and funds and does not guarantee the desired effect. Commercially available dyes and paints suitable for creating camouflage foliage do not necessarily allow to obtain the perfect shades of dyed fabrics and materials. The modifying of uniforms and hunting suits and will never guarantee such convenience of use as concealment systems designed and sewn from scratch for specific tactical applications.<\/p>\n<p><\/p>\n<p><\/p>\n<p class=\"has-normal-font-size\">That is why our mission is to provide professional concelament systems for people who need 3D camouflage to operate in various tactical conditions. We are able to provide a product for everyone, regardless of the requirements set for us. Despite the wide offer that meets the expectations of the vast majority of customers, we also carry out custom projects.<\/p>\n<p><\/p>\n<p><\/p>\n<p class=\"has-normal-font-size\">Our camouflages are created in consultation with active employees of uniformed services. All concealment systems have been tested by professionals in combat conditions.<\/p>\n<p><\/p>\n<p><\/p>\n<p class=\"has-normal-font-size\">You don't believe us? Check it yourself!<\/p>\n<p><\/p>\t\t\t\t\t\t\t\t<\/div>\n\t\t\t\t<\/div>\n\t\t\t\t\t<\/div>\n\t\t<\/div>\n\t\t\t\t<div class=\"elementor-column elementor-col-50 elementor-top-column elementor-element elementor-element-4b50063\" data-id=\"4b50063\" data-element_type=\"column\" data-e-type=\"column\">\n\t\t\t<div class=\"elementor-widget-wrap elementor-element-populated\">\n\t\t\t\t\t\t<div class=\"elementor-element elementor-element-9c668b9 e-transform e-transform elementor-widget elementor-widget-image\" data-id=\"9c668b9\" data-element_type=\"widget\" data-e-type=\"widget\" data-settings=\"{&quot;_animation&quot;:&quot;none&quot;,&quot;_transform_flipX_effect&quot;:&quot;transform&quot;,&quot;_transform_rotateZ_effect&quot;:{&quot;unit&quot;:&quot;px&quot;,&quot;size&quot;:&quot;&quot;,&quot;sizes&quot;:[]},&quot;_transform_rotateZ_effect_tablet&quot;:{&quot;unit&quot;:&quot;deg&quot;,&quot;size&quot;:&quot;&quot;,&quot;sizes&quot;:[]},&quot;_transform_rotateZ_effect_mobile&quot;:{&quot;unit&quot;:&quot;deg&quot;,&quot;size&quot;:&quot;&quot;,&quot;sizes&quot;:[]}}\" data-widget_type=\"image.default\">\n\t\t\t\t<div class=\"elementor-widget-container\">\n\t\t\t\t\t\t\t\t\t\t\t\t\t\t\t<img fetchpriority=\"high\" decoding=\"async\" width=\"667\" height=\"1000\" src=\"https:\/\/sc-ghillie.pl\/wp-content\/uploads\/2021\/12\/onas03-e1640641454837.jpg\" class=\"attachment-large size-large wp-image-1538\" alt=\"\" srcset=\"https:\/\/sc-ghillie.pl\/wp-content\/uploads\/2021\/12\/onas03-e1640641454837.jpg 667w, https:\/\/sc-ghillie.pl\/wp-content\/uploads\/2021\/12\/onas03-e1640641454837-200x300.jpg 200w, https:\/\/sc-ghillie.pl\/wp-content\/uploads\/2021\/12\/onas03-e1640641454837-8x12.jpg 8w, https:\/\/sc-ghillie.pl\/wp-content\/uploads\/2021\/12\/onas03-e1640641454837-504x756.jpg 504w\" sizes=\"(max-width: 667px) 100vw, 667px\" \/>\t\t\t\t\t\t\t\t\t\t\t\t\t\t\t<\/div>\n\t\t\t\t<\/div>\n\t\t\t\t\t<\/div>\n\t\t<\/div>\n\t\t\t\t\t<\/div>\n\t\t<\/section>\n\t\t\t\t<\/div>","protected":false},"excerpt":{"rendered":"<p>Witaj! Powstali\u015bmy w\u0142a\u015bnie po to, aby z\u0142ama\u0107 odwieczny stereotyp, \u017ce ghillie nale\u017cy wykonywa\u0107 w 100% samemu! Przede wszystkim, by stworzy\u0107 swoje maskowanie nale\u017cy posiada\u0107 do tego odpowiedni\u0105 wiedz\u0119, zaplecze techniczne oraz materia\u0142y. Istnieje bardzo niewiele publikacji potrafi\u0105cych rzetelnie opisa\u0107 proces powstawania ghillie, a materia\u0142y dost\u0119pne w internecie nie s\u0105 \u017ar\u00f3d\u0142em kompetentnych informacji na ten temat. [&hellip;]<\/p>\n","protected":false},"author":1,"featured_media":0,"parent":0,"menu_order":0,"comment_status":"closed","ping_status":"closed","template":"","meta":{"ocean_post_layout":"full-width","ocean_both_sidebars_style":"","ocean_both_sidebars_content_width":0,"ocean_both_sidebars_sidebars_width":0,"ocean_sidebar":"0","ocean_second_sidebar":"0","ocean_disable_margins":"enable","ocean_add_body_class":"","ocean_shortcode_before_top_bar":"","ocean_shortcode_after_top_bar":"","ocean_shortcode_before_header":"","ocean_shortcode_after_header":"","ocean_has_shortcode":"","ocean_shortcode_after_title":"","ocean_shortcode_before_footer_widgets":"","ocean_shortcode_after_footer_widgets":"","ocean_shortcode_before_footer_bottom":"","ocean_shortcode_after_footer_bottom":"","ocean_display_top_bar":"default","ocean_display_header":"default","ocean_header_style":"","ocean_center_header_left_menu":"0","ocean_custom_header_template":"0","ocean_custom_logo":0,"ocean_custom_retina_logo":0,"ocean_custom_logo_max_width":0,"ocean_custom_logo_tablet_max_width":0,"ocean_custom_logo_mobile_max_width":0,"ocean_custom_logo_max_height":0,"ocean_custom_logo_tablet_max_height":0,"ocean_custom_logo_mobile_max_height":0,"ocean_header_custom_menu":"0","ocean_menu_typo_font_family":"0","ocean_menu_typo_font_subset":"","ocean_menu_typo_font_size":0,"ocean_menu_typo_font_size_tablet":0,"ocean_menu_typo_font_size_mobile":0,"ocean_menu_typo_font_size_unit":"px","ocean_menu_typo_font_weight":"","ocean_menu_typo_font_weight_tablet":"","ocean_menu_typo_font_weight_mobile":"","ocean_menu_typo_transform":"","ocean_menu_typo_transform_tablet":"","ocean_menu_typo_transform_mobile":"","ocean_menu_typo_line_height":0,"ocean_menu_typo_line_height_tablet":0,"ocean_menu_typo_line_height_mobile":0,"ocean_menu_typo_line_height_unit":"","ocean_menu_typo_spacing":0,"ocean_menu_typo_spacing_tablet":0,"ocean_menu_typo_spacing_mobile":0,"ocean_menu_typo_spacing_unit":"","ocean_menu_link_color":"","ocean_menu_link_color_hover":"","ocean_menu_link_color_active":"","ocean_menu_link_background":"","ocean_menu_link_hover_background":"","ocean_menu_link_active_background":"","ocean_menu_social_links_bg":"","ocean_menu_social_hover_links_bg":"","ocean_menu_social_links_color":"","ocean_menu_social_hover_links_color":"","ocean_disable_title":"default","ocean_disable_heading":"default","ocean_post_title":"","ocean_post_subheading":"","ocean_post_title_style":"","ocean_post_title_background_color":"","ocean_post_title_background":0,"ocean_post_title_bg_image_position":"","ocean_post_title_bg_image_attachment":"","ocean_post_title_bg_image_repeat":"","ocean_post_title_bg_image_size":"","ocean_post_title_height":0,"ocean_post_title_bg_overlay":0.5,"ocean_post_title_bg_overlay_color":"","ocean_disable_breadcrumbs":"on","ocean_breadcrumbs_color":"","ocean_breadcrumbs_separator_color":"","ocean_breadcrumbs_links_color":"","ocean_breadcrumbs_links_hover_color":"","ocean_display_footer_widgets":"default","ocean_display_footer_bottom":"default","ocean_custom_footer_template":"0","footnotes":""},"class_list":["post-1200","page","type-page","status-publish","hentry","entry","owp-thumbs-layout-horizontal","owp-btn-normal","owp-tabs-layout-section","has-no-thumbnails"],"_links":{"self":[{"href":"https:\/\/sc-ghillie.pl\/en\/wp-json\/wp\/v2\/pages\/1200","targetHints":{"allow":["GET"]}}],"collection":[{"href":"https:\/\/sc-ghillie.pl\/en\/wp-json\/wp\/v2\/pages"}],"about":[{"href":"https:\/\/sc-ghillie.pl\/en\/wp-json\/wp\/v2\/types\/page"}],"author":[{"embeddable":true,"href":"https:\/\/sc-ghillie.pl\/en\/wp-json\/wp\/v2\/users\/1"}],"replies":[{"embeddable":true,"href":"https:\/\/sc-ghillie.pl\/en\/wp-json\/wp\/v2\/comments?post=1200"}],"version-history":[{"count":22,"href":"https:\/\/sc-ghillie.pl\/en\/wp-json\/wp\/v2\/pages\/1200\/revisions"}],"predecessor-version":[{"id":1541,"href":"https:\/\/sc-ghillie.pl\/en\/wp-json\/wp\/v2\/pages\/1200\/revisions\/1541"}],"wp:attachment":[{"href":"https:\/\/sc-ghillie.pl\/en\/wp-json\/wp\/v2\/media?parent=1200"}],"curies":[{"name":"wp","href":"https:\/\/api.w.org\/{rel}","templated":true}]}}