{"id":5780,"date":"2026-04-21T15:52:05","date_gmt":"2026-04-21T13:52:05","guid":{"rendered":"https:\/\/sc-ghillie.pl\/?post_type=product&#038;p=5780"},"modified":"2026-04-22T08:55:13","modified_gmt":"2026-04-22T06:55:13","slug":"nextgen-qd-rifle-wrap-sf-mod-olive-drab-green-woodland-3d-foliage","status":"publish","type":"product","link":"http:\/\/sc-ghillie.pl\/pl\/shop\/produkt\/nextgen-qd-rifle-wrap-sf-mod-olive-drab-green-woodland-3d-foliage\/","title":{"rendered":"NextGen QD Rifle Wrap SF MOD Olive Drab (Green Woodland 3D foliage)"},"content":{"rendered":"<p><strong>NextGen QD Rifle Wrap SF MOD Olive Drab (Green Woodland 3D foliage) &#8211; <\/strong>System maskowania na karabiny wyborowe wykonany w technologii NextGen. Sk\u0142ada si\u0119 z dw\u00f3ch cz\u0119\u015bci, pierwszej na front karabinu, drugiej na optyk\u0119.<\/p>\n<p>Powierzchnia maskowania zosta\u0142a dodatkowo obszyta kratk\u0105 z paracordu, kt\u00f3ra umo\u017cliwia szybkie do\u0142o\u017cenie lokalnej ro\u015blinno\u015bci. Na cz\u0119\u015bci odpowiedzialnej za maskowanie optyki umieszczono cienk\u0105 siatk\u0119 redukuj\u0105c\u0105 poblask okularu. Maskowanie posiada tak\u017ce specjalny system monta\u017cu oraz regulacji, kt\u00f3ry pozwala na idealne dopasowanie ca\u0142o\u015bci do aktualnie u\u017cywanego zestawu.<\/p>\n<p>Ten konkretny egzemplarz zosta\u0142 wykonany na bazie siatki w Olive Drab. Jako pokrycie 3D wykorzystano g\u0142\u00f3wnie elementy 3D wykonane z Nano Screen i Halo Screen.<\/p>\n<p><strong>Wymiary:<\/strong><br \/>\n&#8211; Cz\u0119\u015b\u0107 na front karabinu: 70 cm<br \/>\n&#8211; Cz\u0119\u015b\u0107 na optyk\u0119: 40 cm + 15 cm siatka na okular optyki<\/p>\n<p><strong>Dost\u0119pna jedna sztuka. Egzemplarz kolekcjonerski.\u00a0<\/strong><\/p>\n","protected":false},"excerpt":{"rendered":"<p>NextGen QD Rifle Wrap SF MOD Olive Drab (Green Woodland 3D foliage) &#8211; System maskowania na karabiny wyborowe wykonany w technologii NextGen. Sk\u0142ada si\u0119 z dw\u00f3ch cz\u0119\u015bci, pierwszej na front karabinu, drugiej na optyk\u0119. Powierzchnia maskowania zosta\u0142a dodatkowo obszyta kratk\u0105 z paracordu, kt\u00f3ra umo\u017cliwia szybkie do\u0142o\u017cenie lokalnej ro\u015blinno\u015bci. Na cz\u0119\u015bci odpowiedzialnej za maskowanie optyki umieszczono [&hellip;]<\/p>\n","protected":false},"featured_media":5783,"comment_status":"open","ping_status":"closed","template":"","meta":{"ocean_post_layout":"","ocean_both_sidebars_style":"","ocean_both_sidebars_content_width":0,"ocean_both_sidebars_sidebars_width":0,"ocean_sidebar":"0","ocean_second_sidebar":"0","ocean_disable_margins":"enable","ocean_add_body_class":"","ocean_shortcode_before_top_bar":"","ocean_shortcode_after_top_bar":"","ocean_shortcode_before_header":"","ocean_shortcode_after_header":"","ocean_has_shortcode":"","ocean_shortcode_after_title":"","ocean_shortcode_before_footer_widgets":"","ocean_shortcode_after_footer_widgets":"","ocean_shortcode_before_footer_bottom":"","ocean_shortcode_after_footer_bottom":"","ocean_display_top_bar":"default","ocean_display_header":"default","ocean_header_style":"","ocean_center_header_left_menu":"0","ocean_custom_header_template":"0","ocean_custom_logo":0,"ocean_custom_retina_logo":0,"ocean_custom_logo_max_width":0,"ocean_custom_logo_tablet_max_width":0,"ocean_custom_logo_mobile_max_width":0,"ocean_custom_logo_max_height":0,"ocean_custom_logo_tablet_max_height":0,"ocean_custom_logo_mobile_max_height":0,"ocean_header_custom_menu":"0","ocean_menu_typo_font_family":"0","ocean_menu_typo_font_subset":"","ocean_menu_typo_font_size":0,"ocean_menu_typo_font_size_tablet":0,"ocean_menu_typo_font_size_mobile":0,"ocean_menu_typo_font_size_unit":"px","ocean_menu_typo_font_weight":"","ocean_menu_typo_font_weight_tablet":"","ocean_menu_typo_font_weight_mobile":"","ocean_menu_typo_transform":"","ocean_menu_typo_transform_tablet":"","ocean_menu_typo_transform_mobile":"","ocean_menu_typo_line_height":0,"ocean_menu_typo_line_height_tablet":0,"ocean_menu_typo_line_height_mobile":0,"ocean_menu_typo_line_height_unit":"","ocean_menu_typo_spacing":0,"ocean_menu_typo_spacing_tablet":0,"ocean_menu_typo_spacing_mobile":0,"ocean_menu_typo_spacing_unit":"","ocean_menu_link_color":"","ocean_menu_link_color_hover":"","ocean_menu_link_color_active":"","ocean_menu_link_background":"","ocean_menu_link_hover_background":"","ocean_menu_link_active_background":"","ocean_menu_social_links_bg":"","ocean_menu_social_hover_links_bg":"","ocean_menu_social_links_color":"","ocean_menu_social_hover_links_color":"","ocean_disable_title":"default","ocean_disable_heading":"default","ocean_post_title":"","ocean_post_subheading":"","ocean_post_title_style":"","ocean_post_title_background_color":"","ocean_post_title_background":0,"ocean_post_title_bg_image_position":"","ocean_post_title_bg_image_attachment":"","ocean_post_title_bg_image_repeat":"","ocean_post_title_bg_image_size":"","ocean_post_title_height":0,"ocean_post_title_bg_overlay":0.5,"ocean_post_title_bg_overlay_color":"","ocean_disable_breadcrumbs":"default","ocean_breadcrumbs_color":"","ocean_breadcrumbs_separator_color":"","ocean_breadcrumbs_links_color":"","ocean_breadcrumbs_links_hover_color":"","ocean_display_footer_widgets":"default","ocean_display_footer_bottom":"default","ocean_custom_footer_template":"0"},"product_brand":[],"product_cat":[93,146],"product_tag":[],"class_list":{"0":"post-5780","1":"product","2":"type-product","3":"status-publish","4":"has-post-thumbnail","6":"product_cat-systemy-maskujace","7":"product_cat-unique-designs","9":"entry","10":"has-media","12":"first","13":"instock","14":"sale","15":"taxable","16":"shipping-taxable","17":"purchasable","18":"product-type-simple","19":"col","20":"span_1_of_3","21":"owp-content-center","22":"owp-thumbs-layout-horizontal","23":"owp-btn-normal","24":"owp-tabs-layout-section"},"_links":{"self":[{"href":"http:\/\/sc-ghillie.pl\/pl\/wp-json\/wp\/v2\/product\/5780","targetHints":{"allow":["GET"]}}],"collection":[{"href":"http:\/\/sc-ghillie.pl\/pl\/wp-json\/wp\/v2\/product"}],"about":[{"href":"http:\/\/sc-ghillie.pl\/pl\/wp-json\/wp\/v2\/types\/product"}],"replies":[{"embeddable":true,"href":"http:\/\/sc-ghillie.pl\/pl\/wp-json\/wp\/v2\/comments?post=5780"}],"wp:featuredmedia":[{"embeddable":true,"href":"http:\/\/sc-ghillie.pl\/pl\/wp-json\/wp\/v2\/media\/5783"}],"wp:attachment":[{"href":"http:\/\/sc-ghillie.pl\/pl\/wp-json\/wp\/v2\/media?parent=5780"}],"wp:term":[{"taxonomy":"product_brand","embeddable":true,"href":"http:\/\/sc-ghillie.pl\/pl\/wp-json\/wp\/v2\/product_brand?post=5780"},{"taxonomy":"product_cat","embeddable":true,"href":"http:\/\/sc-ghillie.pl\/pl\/wp-json\/wp\/v2\/product_cat?post=5780"},{"taxonomy":"product_tag","embeddable":true,"href":"http:\/\/sc-ghillie.pl\/pl\/wp-json\/wp\/v2\/product_tag?post=5780"}],"curies":[{"name":"wp","href":"https:\/\/api.w.org\/{rel}","templated":true}]}}