{"id":5497,"date":"2026-01-22T14:02:17","date_gmt":"2026-01-22T13:02:17","guid":{"rendered":"https:\/\/sc-ghillie.pl\/?post_type=product&#038;p=5497"},"modified":"2026-04-08T09:14:55","modified_gmt":"2026-04-08T07:14:55","slug":"nextgen-helmet-cover-multicam-green-woodland","status":"publish","type":"product","link":"http:\/\/sc-ghillie.pl\/pl\/shop\/produkt\/nextgen-helmet-cover-multicam-green-woodland\/","title":{"rendered":"NextGen Helmet Cover Multicam Green Woodland"},"content":{"rendered":"<p><strong>NextGen Helmet Cover Multicam Green Woodland \u2013 <\/strong>Pokrowiec maskuj\u0105cy zaprojektowany na he\u0142my typu high-cut, pasuje do wi\u0119kszo\u015bci model\u00f3w dost\u0119pnych na rynku.<\/p>\n<p>Pokrowiec mocowany jest przy pomocy rzep\u00f3w do powierzchni he\u0142mu. Z ty\u0142u pokrowca dodane s\u0105 klamry pozwalaj\u0105ce o dodatkowe zaczepienie o skorup\u0119 he\u0142mu.<\/p>\n<p>Produkt wykonany na bazie siatki Multicam, pokrycie maskuj\u0105ce wykonano g\u0142\u00f3wnie z element\u00f3w 3D wykonanych z Halo Screen i Nano Screen.<\/p>\n<p><strong>UWAGA:<\/strong> Pokrowiec nie posiada na swojej powierzchni kieszeni na przeciwwag\u0119 oraz rzep\u00f3w do monta\u017cu r\u00f3\u017cnego typu o\u015bwietlenia dedykowanego he\u0142mom.<\/p>\n<p><strong>Rozmiar: Uniwersalny<\/strong><\/p>\n","protected":false},"excerpt":{"rendered":"<p>NextGen Helmet Cover Multicam Green Woodland \u2013 Pokrowiec maskuj\u0105cy zaprojektowany na he\u0142my typu high-cut, pasuje do wi\u0119kszo\u015bci model\u00f3w dost\u0119pnych na rynku. Pokrowiec mocowany jest przy pomocy rzep\u00f3w do powierzchni he\u0142mu. Z ty\u0142u pokrowca dodane s\u0105 klamry pozwalaj\u0105ce o dodatkowe zaczepienie o skorup\u0119 he\u0142mu. Produkt wykonany na bazie siatki Multicam, pokrycie maskuj\u0105ce wykonano g\u0142\u00f3wnie z element\u00f3w [&hellip;]<\/p>\n","protected":false},"featured_media":5498,"comment_status":"open","ping_status":"closed","template":"","meta":{"ocean_post_layout":"","ocean_both_sidebars_style":"","ocean_both_sidebars_content_width":0,"ocean_both_sidebars_sidebars_width":0,"ocean_sidebar":"0","ocean_second_sidebar":"0","ocean_disable_margins":"enable","ocean_add_body_class":"","ocean_shortcode_before_top_bar":"","ocean_shortcode_after_top_bar":"","ocean_shortcode_before_header":"","ocean_shortcode_after_header":"","ocean_has_shortcode":"","ocean_shortcode_after_title":"","ocean_shortcode_before_footer_widgets":"","ocean_shortcode_after_footer_widgets":"","ocean_shortcode_before_footer_bottom":"","ocean_shortcode_after_footer_bottom":"","ocean_display_top_bar":"default","ocean_display_header":"default","ocean_header_style":"","ocean_center_header_left_menu":"0","ocean_custom_header_template":"0","ocean_custom_logo":0,"ocean_custom_retina_logo":0,"ocean_custom_logo_max_width":0,"ocean_custom_logo_tablet_max_width":0,"ocean_custom_logo_mobile_max_width":0,"ocean_custom_logo_max_height":0,"ocean_custom_logo_tablet_max_height":0,"ocean_custom_logo_mobile_max_height":0,"ocean_header_custom_menu":"0","ocean_menu_typo_font_family":"0","ocean_menu_typo_font_subset":"","ocean_menu_typo_font_size":0,"ocean_menu_typo_font_size_tablet":0,"ocean_menu_typo_font_size_mobile":0,"ocean_menu_typo_font_size_unit":"px","ocean_menu_typo_font_weight":"","ocean_menu_typo_font_weight_tablet":"","ocean_menu_typo_font_weight_mobile":"","ocean_menu_typo_transform":"","ocean_menu_typo_transform_tablet":"","ocean_menu_typo_transform_mobile":"","ocean_menu_typo_line_height":0,"ocean_menu_typo_line_height_tablet":0,"ocean_menu_typo_line_height_mobile":0,"ocean_menu_typo_line_height_unit":"","ocean_menu_typo_spacing":0,"ocean_menu_typo_spacing_tablet":0,"ocean_menu_typo_spacing_mobile":0,"ocean_menu_typo_spacing_unit":"","ocean_menu_link_color":"","ocean_menu_link_color_hover":"","ocean_menu_link_color_active":"","ocean_menu_link_background":"","ocean_menu_link_hover_background":"","ocean_menu_link_active_background":"","ocean_menu_social_links_bg":"","ocean_menu_social_hover_links_bg":"","ocean_menu_social_links_color":"","ocean_menu_social_hover_links_color":"","ocean_disable_title":"default","ocean_disable_heading":"default","ocean_post_title":"","ocean_post_subheading":"","ocean_post_title_style":"","ocean_post_title_background_color":"","ocean_post_title_background":0,"ocean_post_title_bg_image_position":"","ocean_post_title_bg_image_attachment":"","ocean_post_title_bg_image_repeat":"","ocean_post_title_bg_image_size":"","ocean_post_title_height":0,"ocean_post_title_bg_overlay":0.5,"ocean_post_title_bg_overlay_color":"","ocean_disable_breadcrumbs":"default","ocean_breadcrumbs_color":"","ocean_breadcrumbs_separator_color":"","ocean_breadcrumbs_links_color":"","ocean_breadcrumbs_links_hover_color":"","ocean_display_footer_widgets":"default","ocean_display_footer_bottom":"default","ocean_custom_footer_template":"0"},"product_brand":[],"product_cat":[89,86,93,146],"product_tag":[158,159,114],"class_list":{"0":"post-5497","1":"product","2":"type-product","3":"status-publish","4":"has-post-thumbnail","6":"product_cat-nakrycia-glowy-nextgen","7":"product_cat-nextgen","8":"product_cat-systemy-maskujace","9":"product_cat-unique-designs","10":"product_tag-helmet-cover","11":"product_tag-high-cut-helmet-cover","12":"product_tag-nextgen","14":"entry","15":"has-media","17":"first","18":"instock","19":"sale","20":"taxable","21":"shipping-taxable","22":"purchasable","23":"product-type-simple","24":"col","25":"span_1_of_3","26":"owp-content-center","27":"owp-thumbs-layout-horizontal","28":"owp-btn-normal","29":"owp-tabs-layout-section"},"_links":{"self":[{"href":"http:\/\/sc-ghillie.pl\/pl\/wp-json\/wp\/v2\/product\/5497","targetHints":{"allow":["GET"]}}],"collection":[{"href":"http:\/\/sc-ghillie.pl\/pl\/wp-json\/wp\/v2\/product"}],"about":[{"href":"http:\/\/sc-ghillie.pl\/pl\/wp-json\/wp\/v2\/types\/product"}],"replies":[{"embeddable":true,"href":"http:\/\/sc-ghillie.pl\/pl\/wp-json\/wp\/v2\/comments?post=5497"}],"wp:featuredmedia":[{"embeddable":true,"href":"http:\/\/sc-ghillie.pl\/pl\/wp-json\/wp\/v2\/media\/5498"}],"wp:attachment":[{"href":"http:\/\/sc-ghillie.pl\/pl\/wp-json\/wp\/v2\/media?parent=5497"}],"wp:term":[{"taxonomy":"product_brand","embeddable":true,"href":"http:\/\/sc-ghillie.pl\/pl\/wp-json\/wp\/v2\/product_brand?post=5497"},{"taxonomy":"product_cat","embeddable":true,"href":"http:\/\/sc-ghillie.pl\/pl\/wp-json\/wp\/v2\/product_cat?post=5497"},{"taxonomy":"product_tag","embeddable":true,"href":"http:\/\/sc-ghillie.pl\/pl\/wp-json\/wp\/v2\/product_tag?post=5497"}],"curies":[{"name":"wp","href":"https:\/\/api.w.org\/{rel}","templated":true}]}}