{"id":1798,"date":"2022-01-18T15:49:02","date_gmt":"2022-01-18T14:49:02","guid":{"rendered":"http:\/\/ghillie.wykreujemy.pl\/?post_type=product&#038;p=1798"},"modified":"2026-01-06T15:12:39","modified_gmt":"2026-01-06T14:12:39","slug":"commando-boonie-recce-line-3d","status":"publish","type":"product","link":"http:\/\/sc-ghillie.pl\/pl\/shop\/produkt\/commando-boonie-recce-line-3d\/","title":{"rendered":"Commando Boonie Recce Line 3D"},"content":{"rendered":"<p class=\"p1\"><strong>Commando Recce Line 3D &#8211; <\/strong>to wersja naszego kapelusza Commando Boonie z naszytymi li\u015b\u0107mi w kamufla\u017cu Multicam.<\/p>\n<p><strong>Specyfikacja techniczna:<\/strong><\/p>\n<ul>\n<li>100% Multicam\u00ae<\/li>\n<li>100% Syntetyczne materia\u0142y zgodne z MilSpec<\/li>\n<li>Waga \u2013 180 gram\u00f3w<\/li>\n<\/ul>\n","protected":false},"excerpt":{"rendered":"<p>Commando Recce Line 3D &#8211; to wersja naszego kapelusza Commando Boonie z naszytymi li\u015b\u0107mi w kamufla\u017cu Multicam. Specyfikacja techniczna: 100% Multicam\u00ae 100% Syntetyczne materia\u0142y zgodne z MilSpec Waga \u2013 180 gram\u00f3w<\/p>\n","protected":false},"featured_media":1806,"comment_status":"open","ping_status":"closed","template":"","meta":{"ocean_post_layout":"","ocean_both_sidebars_style":"","ocean_both_sidebars_content_width":0,"ocean_both_sidebars_sidebars_width":0,"ocean_sidebar":"0","ocean_second_sidebar":"0","ocean_disable_margins":"enable","ocean_add_body_class":"","ocean_shortcode_before_top_bar":"","ocean_shortcode_after_top_bar":"","ocean_shortcode_before_header":"","ocean_shortcode_after_header":"","ocean_has_shortcode":"","ocean_shortcode_after_title":"","ocean_shortcode_before_footer_widgets":"","ocean_shortcode_after_footer_widgets":"","ocean_shortcode_before_footer_bottom":"","ocean_shortcode_after_footer_bottom":"","ocean_display_top_bar":"default","ocean_display_header":"default","ocean_header_style":"","ocean_center_header_left_menu":"0","ocean_custom_header_template":"0","ocean_custom_logo":0,"ocean_custom_retina_logo":0,"ocean_custom_logo_max_width":0,"ocean_custom_logo_tablet_max_width":0,"ocean_custom_logo_mobile_max_width":0,"ocean_custom_logo_max_height":0,"ocean_custom_logo_tablet_max_height":0,"ocean_custom_logo_mobile_max_height":0,"ocean_header_custom_menu":"0","ocean_menu_typo_font_family":"0","ocean_menu_typo_font_subset":"","ocean_menu_typo_font_size":0,"ocean_menu_typo_font_size_tablet":0,"ocean_menu_typo_font_size_mobile":0,"ocean_menu_typo_font_size_unit":"px","ocean_menu_typo_font_weight":"","ocean_menu_typo_font_weight_tablet":"","ocean_menu_typo_font_weight_mobile":"","ocean_menu_typo_transform":"","ocean_menu_typo_transform_tablet":"","ocean_menu_typo_transform_mobile":"","ocean_menu_typo_line_height":0,"ocean_menu_typo_line_height_tablet":0,"ocean_menu_typo_line_height_mobile":0,"ocean_menu_typo_line_height_unit":"","ocean_menu_typo_spacing":0,"ocean_menu_typo_spacing_tablet":0,"ocean_menu_typo_spacing_mobile":0,"ocean_menu_typo_spacing_unit":"","ocean_menu_link_color":"","ocean_menu_link_color_hover":"","ocean_menu_link_color_active":"","ocean_menu_link_background":"","ocean_menu_link_hover_background":"","ocean_menu_link_active_background":"","ocean_menu_social_links_bg":"","ocean_menu_social_hover_links_bg":"","ocean_menu_social_links_color":"","ocean_menu_social_hover_links_color":"","ocean_disable_title":"default","ocean_disable_heading":"default","ocean_post_title":"","ocean_post_subheading":"","ocean_post_title_style":"","ocean_post_title_background_color":"","ocean_post_title_background":0,"ocean_post_title_bg_image_position":"","ocean_post_title_bg_image_attachment":"","ocean_post_title_bg_image_repeat":"","ocean_post_title_bg_image_size":"","ocean_post_title_height":0,"ocean_post_title_bg_overlay":0.5,"ocean_post_title_bg_overlay_color":"","ocean_disable_breadcrumbs":"default","ocean_breadcrumbs_color":"","ocean_breadcrumbs_separator_color":"","ocean_breadcrumbs_links_color":"","ocean_breadcrumbs_links_hover_color":"","ocean_display_footer_widgets":"default","ocean_display_footer_bottom":"default","ocean_custom_footer_template":"0"},"product_brand":[],"product_cat":[103,97,94],"product_tag":[122,126,125],"class_list":{"0":"post-1798","1":"product","2":"type-product","3":"status-publish","4":"has-post-thumbnail","6":"product_cat-kapelusze","7":"product_cat-nakrycia-glowy-recce-line-3d","8":"product_cat-recce-line-3d","9":"product_tag-commando-boonie","10":"product_tag-multicam","11":"product_tag-recce-line-3d","13":"entry","14":"has-media","16":"first","17":"outofstock","18":"taxable","19":"shipping-taxable","20":"purchasable","21":"product-type-simple","22":"col","23":"span_1_of_3","24":"owp-content-center","25":"owp-thumbs-layout-horizontal","26":"owp-btn-normal","27":"owp-tabs-layout-section"},"_links":{"self":[{"href":"http:\/\/sc-ghillie.pl\/pl\/wp-json\/wp\/v2\/product\/1798","targetHints":{"allow":["GET"]}}],"collection":[{"href":"http:\/\/sc-ghillie.pl\/pl\/wp-json\/wp\/v2\/product"}],"about":[{"href":"http:\/\/sc-ghillie.pl\/pl\/wp-json\/wp\/v2\/types\/product"}],"replies":[{"embeddable":true,"href":"http:\/\/sc-ghillie.pl\/pl\/wp-json\/wp\/v2\/comments?post=1798"}],"wp:featuredmedia":[{"embeddable":true,"href":"http:\/\/sc-ghillie.pl\/pl\/wp-json\/wp\/v2\/media\/1806"}],"wp:attachment":[{"href":"http:\/\/sc-ghillie.pl\/pl\/wp-json\/wp\/v2\/media?parent=1798"}],"wp:term":[{"taxonomy":"product_brand","embeddable":true,"href":"http:\/\/sc-ghillie.pl\/pl\/wp-json\/wp\/v2\/product_brand?post=1798"},{"taxonomy":"product_cat","embeddable":true,"href":"http:\/\/sc-ghillie.pl\/pl\/wp-json\/wp\/v2\/product_cat?post=1798"},{"taxonomy":"product_tag","embeddable":true,"href":"http:\/\/sc-ghillie.pl\/pl\/wp-json\/wp\/v2\/product_tag?post=1798"}],"curies":[{"name":"wp","href":"https:\/\/api.w.org\/{rel}","templated":true}]}}