{"id":4272,"date":"2025-12-30T10:12:19","date_gmt":"2025-12-30T09:12:19","guid":{"rendered":"https:\/\/sc-ghillie.pl\/?post_type=product&#038;p=4272"},"modified":"2025-12-30T16:50:52","modified_gmt":"2025-12-30T15:50:52","slug":"nextgen-half-pants-sf-mod-atacs-fg-spring-summer-foliage","status":"publish","type":"product","link":"http:\/\/sc-ghillie.pl\/en\/shop\/produkt\/nextgen-half-pants-sf-mod-atacs-fg-spring-summer-foliage\/","title":{"rendered":"NextGen Half Pants (SF MOD) ATACS FG &#8211; Spring\/Summer Foliage"},"content":{"rendered":"<p><strong>NextGen Half Pants (SF MOD) ATACS FG &#8211; Spring\/Summer Foliage\u00a0<\/strong><\/p>\n<p>Lightweight camouflage overlays worn as the final layer of clothing. Their modular design allows the user to quickly adjust them to their individual shape using a few buckles. The half pants allow easy access to all trouser pockets. The ghillie base is made of a durable and breathable mesh in ATACS FG camouflage, the entire surface of the ghillie is covered with a paracord webbing. The foliage is primarily made of 3D Halo Screen and Nano Screen elements.<\/p>\n<p><strong>Size:<\/strong><\/p>\n<ul>\n<li>170 to 180 cm tall<\/li>\n<li>85 to 100 cm waist circumference<\/li>\n<\/ul>\n<p>&nbsp;<\/p>","protected":false},"excerpt":{"rendered":"<p>NextGen Half Pants (SF MOD) ATACS FG &#8211; Spring\/Summer Foliage\u00a0 Lekkie nak\u0142adki maskuj\u0105ce zak\u0142adane jako ostatnia warstwa odzie\u017cy. Dzi\u0119ki modularnej konstrukcji u\u017cytkownik przy pomocy kilku klamer mo\u017ce szybko wyregulowa\u0107 je do swojej sylwetki. Half Pants umo\u017cliwiaj\u0105 swobody dost\u0119p do wszystkich kieszeni w spodniach. Baz\u0119 ghillie wykonano z siatki wytrzyma\u0142ej i przewiewnej siatki w kamufla\u017cu ATACS [&hellip;]<\/p>\n","protected":false},"featured_media":5416,"comment_status":"open","ping_status":"closed","template":"","meta":{"ocean_post_layout":"","ocean_both_sidebars_style":"","ocean_both_sidebars_content_width":0,"ocean_both_sidebars_sidebars_width":0,"ocean_sidebar":"0","ocean_second_sidebar":"0","ocean_disable_margins":"enable","ocean_add_body_class":"","ocean_shortcode_before_top_bar":"","ocean_shortcode_after_top_bar":"","ocean_shortcode_before_header":"","ocean_shortcode_after_header":"","ocean_has_shortcode":"","ocean_shortcode_after_title":"","ocean_shortcode_before_footer_widgets":"","ocean_shortcode_after_footer_widgets":"","ocean_shortcode_before_footer_bottom":"","ocean_shortcode_after_footer_bottom":"","ocean_display_top_bar":"default","ocean_display_header":"default","ocean_header_style":"","ocean_center_header_left_menu":"0","ocean_custom_header_template":"0","ocean_custom_logo":0,"ocean_custom_retina_logo":0,"ocean_custom_logo_max_width":0,"ocean_custom_logo_tablet_max_width":0,"ocean_custom_logo_mobile_max_width":0,"ocean_custom_logo_max_height":0,"ocean_custom_logo_tablet_max_height":0,"ocean_custom_logo_mobile_max_height":0,"ocean_header_custom_menu":"0","ocean_menu_typo_font_family":"0","ocean_menu_typo_font_subset":"","ocean_menu_typo_font_size":0,"ocean_menu_typo_font_size_tablet":0,"ocean_menu_typo_font_size_mobile":0,"ocean_menu_typo_font_size_unit":"px","ocean_menu_typo_font_weight":"","ocean_menu_typo_font_weight_tablet":"","ocean_menu_typo_font_weight_mobile":"","ocean_menu_typo_transform":"","ocean_menu_typo_transform_tablet":"","ocean_menu_typo_transform_mobile":"","ocean_menu_typo_line_height":0,"ocean_menu_typo_line_height_tablet":0,"ocean_menu_typo_line_height_mobile":0,"ocean_menu_typo_line_height_unit":"","ocean_menu_typo_spacing":0,"ocean_menu_typo_spacing_tablet":0,"ocean_menu_typo_spacing_mobile":0,"ocean_menu_typo_spacing_unit":"","ocean_menu_link_color":"","ocean_menu_link_color_hover":"","ocean_menu_link_color_active":"","ocean_menu_link_background":"","ocean_menu_link_hover_background":"","ocean_menu_link_active_background":"","ocean_menu_social_links_bg":"","ocean_menu_social_hover_links_bg":"","ocean_menu_social_links_color":"","ocean_menu_social_hover_links_color":"","ocean_disable_title":"default","ocean_disable_heading":"default","ocean_post_title":"","ocean_post_subheading":"","ocean_post_title_style":"","ocean_post_title_background_color":"","ocean_post_title_background":0,"ocean_post_title_bg_image_position":"","ocean_post_title_bg_image_attachment":"","ocean_post_title_bg_image_repeat":"","ocean_post_title_bg_image_size":"","ocean_post_title_height":0,"ocean_post_title_bg_overlay":0.5,"ocean_post_title_bg_overlay_color":"","ocean_disable_breadcrumbs":"default","ocean_breadcrumbs_color":"","ocean_breadcrumbs_separator_color":"","ocean_breadcrumbs_links_color":"","ocean_breadcrumbs_links_hover_color":"","ocean_display_footer_widgets":"default","ocean_display_footer_bottom":"default","ocean_custom_footer_template":"0"},"product_brand":[],"product_cat":[93,146],"product_tag":[],"class_list":{"0":"post-4272","1":"product","2":"type-product","3":"status-publish","4":"has-post-thumbnail","6":"product_cat-systemy-maskujace","7":"product_cat-unique-designs","9":"entry","10":"has-media","12":"first","13":"instock","14":"sale","15":"taxable","16":"shipping-taxable","17":"purchasable","18":"product-type-simple","19":"col","20":"span_1_of_3","21":"owp-content-center","22":"owp-thumbs-layout-horizontal","23":"owp-btn-normal","24":"owp-tabs-layout-section"},"_links":{"self":[{"href":"http:\/\/sc-ghillie.pl\/en\/wp-json\/wp\/v2\/product\/4272","targetHints":{"allow":["GET"]}}],"collection":[{"href":"http:\/\/sc-ghillie.pl\/en\/wp-json\/wp\/v2\/product"}],"about":[{"href":"http:\/\/sc-ghillie.pl\/en\/wp-json\/wp\/v2\/types\/product"}],"replies":[{"embeddable":true,"href":"http:\/\/sc-ghillie.pl\/en\/wp-json\/wp\/v2\/comments?post=4272"}],"wp:featuredmedia":[{"embeddable":true,"href":"http:\/\/sc-ghillie.pl\/en\/wp-json\/wp\/v2\/media\/5416"}],"wp:attachment":[{"href":"http:\/\/sc-ghillie.pl\/en\/wp-json\/wp\/v2\/media?parent=4272"}],"wp:term":[{"taxonomy":"product_brand","embeddable":true,"href":"http:\/\/sc-ghillie.pl\/en\/wp-json\/wp\/v2\/product_brand?post=4272"},{"taxonomy":"product_cat","embeddable":true,"href":"http:\/\/sc-ghillie.pl\/en\/wp-json\/wp\/v2\/product_cat?post=4272"},{"taxonomy":"product_tag","embeddable":true,"href":"http:\/\/sc-ghillie.pl\/en\/wp-json\/wp\/v2\/product_tag?post=4272"}],"curies":[{"name":"wp","href":"https:\/\/api.w.org\/{rel}","templated":true}]}}