{"id":1783,"date":"2022-01-18T15:17:27","date_gmt":"2022-01-18T14:17:27","guid":{"rendered":"http:\/\/ghillie.wykreujemy.pl\/?post_type=product&#038;p=1783"},"modified":"2026-01-06T15:12:30","modified_gmt":"2026-01-06T14:12:30","slug":"viper-hood-recce-line-3d","status":"publish","type":"product","link":"http:\/\/sc-ghillie.pl\/en\/shop\/produkt\/viper-hood-recce-line-3d\/","title":{"rendered":"Viper Hood Recce Line 3D"},"content":{"rendered":"<p><strong>Viper Hood Recce Line 3D<\/strong>\u00a0first camouflage system in Europe made in 3D technology in MultiCam camouflage. Ultra \u2013 light , resistance to weather conditions and very small size after packing make it perfect product for an user who tries to reduce weight of his gear. Product does not need any further user-connected amendments before using it in the field.<\/p>\n<p><strong>Specification:<\/strong><\/p>\n<ul>\n<li>100% Multicam\u00ae<\/li>\n<li>100% MIL-SPEC synthetic materials<\/li>\n<li>Total weight of 500g.<\/li>\n<li>Resistant to weather conditions<\/li>\n<\/ul>","protected":false},"excerpt":{"rendered":"<p>Viper Hood Recce Line 3D\u00a0&#8211; Pierwsze maskowanie w Europie w kamufla\u017cu Multicam wykonane w technologii 3D. Ultra niska waga, odporno\u015b\u0107 na warunki atmosferyczne oraz ma\u0142a obj\u0119to\u015b\u0107 po skompresowaniu czyni\u0105 z niego idealn\u0105 propozycj\u0119 dla u\u017cytkownika kt\u00f3ry d\u0105\u017cy do redukcji ci\u0119\u017caru oporz\u0105dzenia. Produkt nie wymaga \u017cadnej ingerencji ze strony u\u017cytkownika przed rozpocz\u0119ciem u\u017cytkowania w terenie. Specyfikacja [&hellip;]<\/p>\n","protected":false},"featured_media":1784,"comment_status":"open","ping_status":"closed","template":"","meta":{"ocean_post_layout":"","ocean_both_sidebars_style":"","ocean_both_sidebars_content_width":0,"ocean_both_sidebars_sidebars_width":0,"ocean_sidebar":"0","ocean_second_sidebar":"0","ocean_disable_margins":"enable","ocean_add_body_class":"","ocean_shortcode_before_top_bar":"","ocean_shortcode_after_top_bar":"","ocean_shortcode_before_header":"","ocean_shortcode_after_header":"","ocean_has_shortcode":"","ocean_shortcode_after_title":"","ocean_shortcode_before_footer_widgets":"","ocean_shortcode_after_footer_widgets":"","ocean_shortcode_before_footer_bottom":"","ocean_shortcode_after_footer_bottom":"","ocean_display_top_bar":"default","ocean_display_header":"default","ocean_header_style":"","ocean_center_header_left_menu":"0","ocean_custom_header_template":"0","ocean_custom_logo":0,"ocean_custom_retina_logo":0,"ocean_custom_logo_max_width":0,"ocean_custom_logo_tablet_max_width":0,"ocean_custom_logo_mobile_max_width":0,"ocean_custom_logo_max_height":0,"ocean_custom_logo_tablet_max_height":0,"ocean_custom_logo_mobile_max_height":0,"ocean_header_custom_menu":"0","ocean_menu_typo_font_family":"0","ocean_menu_typo_font_subset":"","ocean_menu_typo_font_size":0,"ocean_menu_typo_font_size_tablet":0,"ocean_menu_typo_font_size_mobile":0,"ocean_menu_typo_font_size_unit":"px","ocean_menu_typo_font_weight":"","ocean_menu_typo_font_weight_tablet":"","ocean_menu_typo_font_weight_mobile":"","ocean_menu_typo_transform":"","ocean_menu_typo_transform_tablet":"","ocean_menu_typo_transform_mobile":"","ocean_menu_typo_line_height":0,"ocean_menu_typo_line_height_tablet":0,"ocean_menu_typo_line_height_mobile":0,"ocean_menu_typo_line_height_unit":"","ocean_menu_typo_spacing":0,"ocean_menu_typo_spacing_tablet":0,"ocean_menu_typo_spacing_mobile":0,"ocean_menu_typo_spacing_unit":"","ocean_menu_link_color":"","ocean_menu_link_color_hover":"","ocean_menu_link_color_active":"","ocean_menu_link_background":"","ocean_menu_link_hover_background":"","ocean_menu_link_active_background":"","ocean_menu_social_links_bg":"","ocean_menu_social_hover_links_bg":"","ocean_menu_social_links_color":"","ocean_menu_social_hover_links_color":"","ocean_disable_title":"default","ocean_disable_heading":"default","ocean_post_title":"","ocean_post_subheading":"","ocean_post_title_style":"","ocean_post_title_background_color":"","ocean_post_title_background":0,"ocean_post_title_bg_image_position":"","ocean_post_title_bg_image_attachment":"","ocean_post_title_bg_image_repeat":"","ocean_post_title_bg_image_size":"","ocean_post_title_height":0,"ocean_post_title_bg_overlay":0.5,"ocean_post_title_bg_overlay_color":"","ocean_disable_breadcrumbs":"default","ocean_breadcrumbs_color":"","ocean_breadcrumbs_separator_color":"","ocean_breadcrumbs_links_color":"","ocean_breadcrumbs_links_hover_color":"","ocean_display_footer_widgets":"default","ocean_display_footer_bottom":"default","ocean_custom_footer_template":"0"},"product_brand":[],"product_cat":[94,95],"product_tag":[],"class_list":{"0":"post-1783","1":"product","2":"type-product","3":"status-publish","4":"has-post-thumbnail","6":"product_cat-recce-line-3d","7":"product_cat-stroje-ghillie-recce-line-3d","9":"entry","10":"has-media","12":"first","13":"outofstock","14":"taxable","15":"shipping-taxable","16":"purchasable","17":"product-type-simple","18":"col","19":"span_1_of_3","20":"owp-content-center","21":"owp-thumbs-layout-horizontal","22":"owp-btn-normal","23":"owp-tabs-layout-section"},"_links":{"self":[{"href":"http:\/\/sc-ghillie.pl\/en\/wp-json\/wp\/v2\/product\/1783","targetHints":{"allow":["GET"]}}],"collection":[{"href":"http:\/\/sc-ghillie.pl\/en\/wp-json\/wp\/v2\/product"}],"about":[{"href":"http:\/\/sc-ghillie.pl\/en\/wp-json\/wp\/v2\/types\/product"}],"replies":[{"embeddable":true,"href":"http:\/\/sc-ghillie.pl\/en\/wp-json\/wp\/v2\/comments?post=1783"}],"wp:featuredmedia":[{"embeddable":true,"href":"http:\/\/sc-ghillie.pl\/en\/wp-json\/wp\/v2\/media\/1784"}],"wp:attachment":[{"href":"http:\/\/sc-ghillie.pl\/en\/wp-json\/wp\/v2\/media?parent=1783"}],"wp:term":[{"taxonomy":"product_brand","embeddable":true,"href":"http:\/\/sc-ghillie.pl\/en\/wp-json\/wp\/v2\/product_brand?post=1783"},{"taxonomy":"product_cat","embeddable":true,"href":"http:\/\/sc-ghillie.pl\/en\/wp-json\/wp\/v2\/product_cat?post=1783"},{"taxonomy":"product_tag","embeddable":true,"href":"http:\/\/sc-ghillie.pl\/en\/wp-json\/wp\/v2\/product_tag?post=1783"}],"curies":[{"name":"wp","href":"https:\/\/api.w.org\/{rel}","templated":true}]}}